{"id":1569,"date":"2018-09-08T00:00:22","date_gmt":"2018-09-07T22:00:22","guid":{"rendered":"http:\/\/progea4d.pl\/kontakt\/"},"modified":"2026-02-16T10:37:45","modified_gmt":"2026-02-16T09:37:45","slug":"contact","status":"publish","type":"page","link":"https:\/\/progea4d.pl\/en\/company\/contact\/","title":{"rendered":"Contact"},"content":{"rendered":"<section class=\"l-section wpb_row kontakt-s height_large\"><div class=\"l-section-h i-cf\"><div class=\"g-cols vc_row via_flex valign_top type_default stacking_default\"><div class=\"vc_col-sm-12 wpb_column vc_column_container\"><div class=\"vc_column-inner\"><div class=\"wpb_wrapper\"><div class=\"wpb_text_column\"><div class=\"wpb_wrapper\"><h1>Contact<\/h1>\n<\/div><\/div><div class=\"g-cols wpb_row us_custom_b48b2d62 via_flex valign_top type_default stacking_default\"><div class=\"vc_col-sm-3 wpb_column vc_column_container\"><div class=\"vc_column-inner\"><div class=\"wpb_wrapper\"><div class=\"w-iconbox iconpos_left style_default color_primary align_left\"><div class=\"w-iconbox-icon\" style=\"font-size:30px;\"><i class=\"fas fa-map-marker\"><\/i><\/div><div class=\"w-iconbox-meta\"><p class=\"w-iconbox-title\">ProGea 4D sp. z o. o.<\/p><div class=\"w-iconbox-text\"><p>ul. Henryka Pacho\u0144skiego 9,<br \/>\n31-223 Krak\u00f3w<\/p>\n<\/div><\/div><\/div><\/div><\/div><\/div><div class=\"vc_col-sm-3 wpb_column vc_column_container\"><div class=\"vc_column-inner\"><div class=\"wpb_wrapper\"><div class=\"w-iconbox iconpos_left style_default color_primary align_left\"><div class=\"w-iconbox-icon\" style=\"font-size:30px;\"><i class=\"fas fa-phone\"><\/i><\/div><div class=\"w-iconbox-meta\"><p class=\"w-iconbox-title\">Phone:<\/p><div class=\"w-iconbox-text\"><p>+48 12 415 06 41<br \/>\n+48 601 554 654<\/p>\n<\/div><\/div><\/div><\/div><\/div><\/div><div class=\"vc_col-sm-3 wpb_column vc_column_container\"><div class=\"vc_column-inner\"><div class=\"wpb_wrapper\"><div class=\"w-iconbox iconpos_left style_default color_primary align_left\"><div class=\"w-iconbox-icon\" style=\"font-size:30px;\"><i class=\"fas fa-envelope\"><\/i><\/div><div class=\"w-iconbox-meta\"><p class=\"w-iconbox-title\">Email:<\/p><div class=\"w-iconbox-text\"><p>office@progea4d.pl<\/p>\n<p>satelitarne@progea4d.pl<\/p>\n<p>zielen.miejska@progea4d.pl<\/p>\n<\/div><\/div><\/div><\/div><\/div><\/div><div class=\"vc_col-sm-3 wpb_column vc_column_container\"><div class=\"vc_column-inner\"><div class=\"wpb_wrapper\"><div class=\"w-iconbox iconpos_left style_default color_primary align_left\"><div class=\"w-iconbox-icon\" style=\"font-size:30px;\"><i class=\"fas fa-fax\"><\/i><\/div><div class=\"w-iconbox-meta\"><p class=\"w-iconbox-title\">Fax:<\/p><div class=\"w-iconbox-text\"><p>+48 12 415 73 27<\/p>\n<\/div><\/div><\/div><\/div><\/div><\/div><\/div><div class=\"wpb_text_column\"><div class=\"wpb_wrapper\"><h2>Board Members<\/h2>\n<\/div><\/div><div class=\"g-cols wpb_row via_flex valign_top type_default stacking_default\"><div class=\"vc_col-sm-3 wpb_column vc_column_container\"><div class=\"vc_column-inner\"><div class=\"wpb_wrapper\"><div class=\"ult-team-member-wrap ult-style-3  \"><div class=\"ult-team-member-image ultimate-heading69fafc9d37517\" style=\"; background-color:inherit\" data-hover_opacity=\"1\" > <img decoding=\"async\" class=\"\" src=\"https:\/\/progea4d.pl\/wp-content\/uploads\/2018\/09\/PW.jpg\" alt=\"null\" ><span class=\"ult-team-member-image-overlay \"  ><\/span><\/div><div class=\"ult-team-member-bio-wrap style-3 ultimate-heading69fafc9d37517\" style=\"text-align:center;; \"><div class=\"ult-team-member-name-wrap\"><h3 class=\"ult-team-member-name ult-responsive\"  data-ultimate-target='.ult-team-member-bio-wrap.ultimate-heading69fafc9d37517 .ult-team-member-name'  data-responsive-json-new='{\"font-size\":\"\",\"line-height\":\"\"}'  style=\"color:#ffffff;\">Piotr W\u0119\u017cyk, PhD Eng.<\/h3><div style=\"margin-bottom:15px\"><\/div><\/div><\/div><\/div><div class=\"wpb_text_column zespol\"><div class=\"wpb_wrapper\"><p>Chief Executive Officer<\/p>\n<p><a href=\"mailto:piotr.wezyk@progea4d.pl\">piotr.wezyk@progea4d.pl<\/a><\/p>\n<\/div><\/div><\/div><\/div><\/div><div class=\"vc_col-sm-3 wpb_column vc_column_container\"><div class=\"vc_column-inner\"><div class=\"wpb_wrapper\"><div class=\"ult-team-member-wrap ult-style-3  \"><div class=\"ult-team-member-image ultimate-heading69fafc9d37ad0\" style=\"; background-color:inherit\" data-hover_opacity=\"1\" > <img decoding=\"async\" class=\"\" src=\"https:\/\/progea4d.pl\/wp-content\/uploads\/2018\/09\/PSz.jpg\" alt=\"null\" ><span class=\"ult-team-member-image-overlay \"  ><\/span><\/div><div class=\"ult-team-member-bio-wrap style-3 ultimate-heading69fafc9d37ad0\" style=\"text-align:center;; \"><div class=\"ult-team-member-name-wrap\"><h3 class=\"ult-team-member-name ult-responsive\"  data-ultimate-target='.ult-team-member-bio-wrap.ultimate-heading69fafc9d37ad0 .ult-team-member-name'  data-responsive-json-new='{\"font-size\":\"\",\"line-height\":\"\"}'  style=\"color:#ffffff;\">Piotr Szwed<\/h3><div style=\"margin-bottom:15px\"><\/div><\/div><\/div><\/div><div class=\"wpb_text_column zespol\"><div class=\"wpb_wrapper\"><p>Board Member<\/p>\n<p><a href=\"mailto:piotr.szwed@progea4d.pl\">piotr.szwed@progea4d.pl<\/a><\/p>\n<\/div><\/div><\/div><\/div><\/div><\/div><div class=\"wpb_text_column\"><div class=\"wpb_wrapper\"><h2>3D Department<\/h2>\n<\/div><\/div><div class=\"g-cols wpb_row via_flex valign_top type_default stacking_default\"><div class=\"vc_col-sm-3 wpb_column vc_column_container\"><div class=\"vc_column-inner\"><div class=\"wpb_wrapper\"><div class=\"ult-team-member-wrap ult-style-3  \"><div class=\"ult-team-member-image ultimate-heading69fafc9d37fc5\" style=\"; background-color:inherit\" data-hover_opacity=\"1\" > <img decoding=\"async\" class=\"\" src=\"https:\/\/progea4d.pl\/wp-content\/uploads\/2018\/09\/PSz.jpg\" alt=\"null\" ><span class=\"ult-team-member-image-overlay \"  ><\/span><\/div><div class=\"ult-team-member-bio-wrap style-3 ultimate-heading69fafc9d37fc5\" style=\"text-align:center;; \"><div class=\"ult-team-member-name-wrap\"><h3 class=\"ult-team-member-name ult-responsive\"  data-ultimate-target='.ult-team-member-bio-wrap.ultimate-heading69fafc9d37fc5 .ult-team-member-name'  data-responsive-json-new='{\"font-size\":\"\",\"line-height\":\"\"}'  style=\"color:#ffffff;\">Piotr Szwed<\/h3><div style=\"margin-bottom:15px\"><\/div><\/div><\/div><\/div><div class=\"wpb_text_column zespol\"><div class=\"wpb_wrapper\"><p>Director of 3D Department<\/p>\n<p><a href=\"mailto:piotr.szwed@progea4d.pl\">piotr.szwed@progea4d.pl<\/a><\/p>\n<\/div><\/div><\/div><\/div><\/div><div class=\"vc_col-sm-3 wpb_column vc_column_container\"><div class=\"vc_column-inner\"><div class=\"wpb_wrapper\"><div class=\"ult-team-member-wrap ult-style-3  \"><div class=\"ult-team-member-image ultimate-heading69fafc9d3854a\" style=\"; background-color:inherit\" data-hover_opacity=\"1\" > <img decoding=\"async\" class=\"\" src=\"https:\/\/progea4d.pl\/wp-content\/uploads\/2022\/05\/eliza.jpg\" alt=\"null\" ><span class=\"ult-team-member-image-overlay \"  ><\/span><\/div><div class=\"ult-team-member-bio-wrap style-3 ultimate-heading69fafc9d3854a\" style=\"text-align:center;; \"><div class=\"ult-team-member-name-wrap\"><h3 class=\"ult-team-member-name ult-responsive\"  data-ultimate-target='.ult-team-member-bio-wrap.ultimate-heading69fafc9d3854a .ult-team-member-name'  data-responsive-json-new='{\"font-size\":\"\",\"line-height\":\"\"}'  style=\"color:#ffffff;\">Eliza Gunia<\/h3><div style=\"margin-bottom:15px\"><\/div><\/div><\/div><\/div><div class=\"wpb_text_column zespol\"><div class=\"wpb_wrapper\"><p>TLS &amp; BIM Project Manager<\/p>\n<p><a href=\"mailto:eliza.gunia@progea4d.pl\">eliza.gunia@progea4d.pl<\/a><\/p>\n<p>Tel. +48 605 885 035<\/p>\n<\/div><\/div><\/div><\/div><\/div><\/div><div class=\"wpb_text_column\"><div class=\"wpb_wrapper\"><h2>Environment and Remote Sensing Department<\/h2>\n<\/div><\/div><div class=\"wpb_text_column\"><div class=\"wpb_wrapper\"><\/div><\/div><div class=\"wpb_text_column\"><div class=\"wpb_wrapper\"><h3>Environment Team<\/h3>\n<\/div><\/div><div class=\"g-cols wpb_row via_flex valign_top type_default stacking_default\"><div class=\"vc_col-sm-3 wpb_column vc_column_container\"><div class=\"vc_column-inner\"><div class=\"wpb_wrapper\"><div class=\"ult-team-member-wrap ult-style-3  \"><div class=\"ult-team-member-image ultimate-heading69fafc9d38e85\" style=\"; background-color:inherit\" data-hover_opacity=\"1\" > <img decoding=\"async\" class=\"\" src=\"https:\/\/progea4d.pl\/wp-content\/uploads\/2019\/04\/KBZ_resize.jpg\" alt=\"null\" ><span class=\"ult-team-member-image-overlay \"  ><\/span><\/div><div class=\"ult-team-member-bio-wrap style-3 ultimate-heading69fafc9d38e85\" style=\"text-align:center;; \"><div class=\"ult-team-member-name-wrap\"><h3 class=\"ult-team-member-name ult-responsive\"  data-ultimate-target='.ult-team-member-bio-wrap.ultimate-heading69fafc9d38e85 .ult-team-member-name'  data-responsive-json-new='{\"font-size\":\"\",\"line-height\":\"\"}'  style=\"color:#ffffff;\">Katarzyna Bajorek-Zydro\u0144, PhD<\/h3><div style=\"margin-bottom:15px\"><\/div><\/div><\/div><\/div><div class=\"wpb_text_column zespol\"><div class=\"wpb_wrapper\"><p>Manager of Environment<br \/>\nand Remote Sensing Department<\/p>\n<p><a href=\"mailto:katarzyna.bajorek-zydron@progea.pl\">katarzyna.bajorek-zydron@progea4d.pl<\/a><\/p>\n<\/div><\/div><\/div><\/div><\/div><\/div><div class=\"wpb_text_column\"><div class=\"wpb_wrapper\"><h2>Administration Department<\/h2>\n<\/div><\/div><div class=\"g-cols wpb_row via_flex valign_top type_default stacking_default\"><div class=\"vc_col-sm-3 wpb_column vc_column_container\"><div class=\"vc_column-inner\"><div class=\"wpb_wrapper\"><div class=\"ult-team-member-wrap ult-style-3  \"><div class=\"ult-team-member-image ultimate-heading69fafc9d39717\" style=\"; background-color:inherit\" data-hover_opacity=\"1\" > <img decoding=\"async\" class=\"\" src=\"https:\/\/progea4d.pl\/wp-content\/uploads\/2018\/09\/RWH.jpg\" alt=\"null\" ><span class=\"ult-team-member-image-overlay \"  ><\/span><\/div><div class=\"ult-team-member-bio-wrap style-3 ultimate-heading69fafc9d39717\" style=\"text-align:center;; \"><div class=\"ult-team-member-name-wrap\"><h3 class=\"ult-team-member-name ult-responsive\"  data-ultimate-target='.ult-team-member-bio-wrap.ultimate-heading69fafc9d39717 .ult-team-member-name'  data-responsive-json-new='{\"font-size\":\"\",\"line-height\":\"\"}'  style=\"color:#ffffff;\">Roksana Welner-Hardt<\/h3><div style=\"margin-bottom:15px\"><\/div><\/div><\/div><\/div><div class=\"wpb_text_column zespol\"><div class=\"wpb_wrapper\"><p>Manager<br \/>\nof Administration Department<\/p>\n<p><a href=\"mailto:roksana.welner-hardt@progea.pl\">roksana.welner-hardt@progea4d.pl<\/a><\/p>\n<p>Tel: +48 12 415 06 41<br \/>\nTel: +48 601 554 654<\/p>\n<\/div><\/div><\/div><\/div><\/div><\/div><\/div><\/div><\/div><\/div><\/div><\/section><section class=\"l-section wpb_row height_auto width_full\"><div class=\"l-section-h i-cf\"><div class=\"g-cols vc_row via_flex valign_top type_default stacking_default\"><div class=\"vc_col-sm-12 wpb_column vc_column_container\"><div class=\"vc_column-inner\"><div class=\"wpb_wrapper\"><div class=\"w-html us_custom_bad9c79d\"><iframe loading=\"lazy\" src=\"https:\/\/www.google.com\/maps\/embed?pb=!1m14!1m8!1m3!1d10238.290926554298!2d19.924263!3d50.094286!3m2!1i1024!2i768!4f13.1!3m3!1m2!1s0x0%3A0x2699c4991334c85a!2sProGea+Consulting!5e0!3m2!1spl!2spl!4v1536421259064\" width=\"100%\" height=\"450\" frameborder=\"0\" style=\"border:0\" allowfullscreen><\/iframe><\/div><\/div><\/div><\/div><\/div><\/div><\/section>\n","protected":false},"excerpt":{"rendered":"Contact ProGea 4D sp. z o. o.ul. Henryka Pacho\u0144skiego 9, 31-223 Krak\u00f3w Phone:+48 12 415 06 41 +48 601 554 654 Email:office@progea4d.pl satelitarne@progea4d.pl zielen.miejska@progea4d.pl Fax:+48 12 415 73 27 Board Members Piotr W\u0119\u017cyk, PhD Eng.Chief Executive Officer piotr.wezyk@progea4d.pl Piotr SzwedBoard Member piotr.szwed@progea4d.pl 3D Department Piotr SzwedDirector of 3D Department piotr.szwed@progea4d.pl Eliza GuniaTLS &amp; BIM Project...","protected":false},"author":1,"featured_media":0,"parent":1574,"menu_order":0,"comment_status":"closed","ping_status":"closed","template":"","meta":{"_acf_changed":false,"_monsterinsights_skip_tracking":false,"_monsterinsights_sitenote_active":false,"_monsterinsights_sitenote_note":"","_monsterinsights_sitenote_category":0,"footnotes":""},"class_list":["post-1569","page","type-page","status-publish","hentry"],"acf":[],"yoast_head":"<!-- This site is optimized with the Yoast SEO plugin v27.5 - https:\/\/yoast.com\/product\/yoast-seo-wordpress\/ -->\n<title>Contact - ProGea 4D<\/title>\n<meta name=\"description\" content=\"Sp\u00f3\u0142ka ProGea 4D powsta\u0142a w wyniku rozwoju, ciesz\u0105cej si\u0119 zaufaniem i uznaniem rynku firmy ProGea Consulting dzia\u0142aj\u0105cej od 1991 roku.\" \/>\n<meta name=\"robots\" content=\"index, follow, max-snippet:-1, max-image-preview:large, max-video-preview:-1\" \/>\n<link rel=\"canonical\" href=\"https:\/\/progea4d.pl\/o-firmie\/kontakt\/\" \/>\n<meta property=\"og:locale\" content=\"en_US\" \/>\n<meta property=\"og:type\" content=\"article\" \/>\n<meta property=\"og:title\" content=\"Contact - ProGea 4D\" \/>\n<meta property=\"og:description\" content=\"Sp\u00f3\u0142ka ProGea 4D powsta\u0142a w wyniku rozwoju, ciesz\u0105cej si\u0119 zaufaniem i uznaniem rynku firmy ProGea Consulting dzia\u0142aj\u0105cej od 1991 roku.\" \/>\n<meta property=\"og:url\" content=\"https:\/\/progea4d.pl\/o-firmie\/kontakt\/\" \/>\n<meta property=\"og:site_name\" content=\"ProGea 4D\" \/>\n<meta property=\"article:publisher\" content=\"https:\/\/www.facebook.com\/progea4d\/\" \/>\n<meta property=\"article:modified_time\" content=\"2026-02-16T09:37:45+00:00\" \/>\n<meta name=\"twitter:card\" content=\"summary_large_image\" \/>\n<meta name=\"twitter:site\" content=\"@progea4d\" \/>\n<meta name=\"twitter:label1\" content=\"Est. reading time\" \/>\n\t<meta name=\"twitter:data1\" content=\"2 minutes\" \/>\n<script type=\"application\/ld+json\" class=\"yoast-schema-graph\">{\"@context\":\"https:\\\/\\\/schema.org\",\"@graph\":[{\"@type\":\"WebPage\",\"@id\":\"https:\\\/\\\/progea4d.pl\\\/o-firmie\\\/kontakt\\\/\",\"url\":\"https:\\\/\\\/progea4d.pl\\\/o-firmie\\\/kontakt\\\/\",\"name\":\"Contact - ProGea 4D\",\"isPartOf\":{\"@id\":\"https:\\\/\\\/progea4d.pl\\\/#website\"},\"datePublished\":\"2018-09-07T22:00:22+00:00\",\"dateModified\":\"2026-02-16T09:37:45+00:00\",\"description\":\"Sp\u00f3\u0142ka ProGea 4D powsta\u0142a w wyniku rozwoju, ciesz\u0105cej si\u0119 zaufaniem i uznaniem rynku firmy ProGea Consulting dzia\u0142aj\u0105cej od 1991 roku.\",\"breadcrumb\":{\"@id\":\"https:\\\/\\\/progea4d.pl\\\/o-firmie\\\/kontakt\\\/#breadcrumb\"},\"inLanguage\":\"en-US\",\"potentialAction\":[{\"@type\":\"ReadAction\",\"target\":[\"https:\\\/\\\/progea4d.pl\\\/o-firmie\\\/kontakt\\\/\"]}]},{\"@type\":\"BreadcrumbList\",\"@id\":\"https:\\\/\\\/progea4d.pl\\\/o-firmie\\\/kontakt\\\/#breadcrumb\",\"itemListElement\":[{\"@type\":\"ListItem\",\"position\":1,\"name\":\"Strona g\u0142\u00f3wna\",\"item\":\"https:\\\/\\\/progea4d.pl\\\/en\\\/\"},{\"@type\":\"ListItem\",\"position\":2,\"name\":\"Company\",\"item\":\"https:\\\/\\\/progea4d.pl\\\/en\\\/company\\\/\"},{\"@type\":\"ListItem\",\"position\":3,\"name\":\"Contact\"}]},{\"@type\":\"WebSite\",\"@id\":\"https:\\\/\\\/progea4d.pl\\\/#website\",\"url\":\"https:\\\/\\\/progea4d.pl\\\/\",\"name\":\"ProGea 4D\",\"description\":\"GIS\\\/SIP, GPS, fotogrametria cyfrowa, teledetekcja, WebGIS, LiDAR, Geoportale\",\"publisher\":{\"@id\":\"https:\\\/\\\/progea4d.pl\\\/#organization\"},\"potentialAction\":[{\"@type\":\"SearchAction\",\"target\":{\"@type\":\"EntryPoint\",\"urlTemplate\":\"https:\\\/\\\/progea4d.pl\\\/?s={search_term_string}\"},\"query-input\":{\"@type\":\"PropertyValueSpecification\",\"valueRequired\":true,\"valueName\":\"search_term_string\"}}],\"inLanguage\":\"en-US\"},{\"@type\":\"Organization\",\"@id\":\"https:\\\/\\\/progea4d.pl\\\/#organization\",\"name\":\"ProGea 4D\",\"url\":\"https:\\\/\\\/progea4d.pl\\\/\",\"logo\":{\"@type\":\"ImageObject\",\"inLanguage\":\"en-US\",\"@id\":\"https:\\\/\\\/progea4d.pl\\\/#\\\/schema\\\/logo\\\/image\\\/\",\"url\":\"https:\\\/\\\/progea4d.pl\\\/wp-content\\\/uploads\\\/2018\\\/09\\\/logo-progea.png\",\"contentUrl\":\"https:\\\/\\\/progea4d.pl\\\/wp-content\\\/uploads\\\/2018\\\/09\\\/logo-progea.png\",\"width\":193,\"height\":60,\"caption\":\"ProGea 4D\"},\"image\":{\"@id\":\"https:\\\/\\\/progea4d.pl\\\/#\\\/schema\\\/logo\\\/image\\\/\"},\"sameAs\":[\"https:\\\/\\\/www.facebook.com\\\/progea4d\\\/\",\"https:\\\/\\\/x.com\\\/progea4d\",\"https:\\\/\\\/www.instagram.com\\\/progea_4d\\\/\",\"https:\\\/\\\/pl.linkedin.com\\\/company\\\/progea4d\"]}]}<\/script>\n<!-- \/ Yoast SEO plugin. -->","yoast_head_json":{"title":"Contact - ProGea 4D","description":"Sp\u00f3\u0142ka ProGea 4D powsta\u0142a w wyniku rozwoju, ciesz\u0105cej si\u0119 zaufaniem i uznaniem rynku firmy ProGea Consulting dzia\u0142aj\u0105cej od 1991 roku.","robots":{"index":"index","follow":"follow","max-snippet":"max-snippet:-1","max-image-preview":"max-image-preview:large","max-video-preview":"max-video-preview:-1"},"canonical":"https:\/\/progea4d.pl\/o-firmie\/kontakt\/","og_locale":"en_US","og_type":"article","og_title":"Contact - ProGea 4D","og_description":"Sp\u00f3\u0142ka ProGea 4D powsta\u0142a w wyniku rozwoju, ciesz\u0105cej si\u0119 zaufaniem i uznaniem rynku firmy ProGea Consulting dzia\u0142aj\u0105cej od 1991 roku.","og_url":"https:\/\/progea4d.pl\/o-firmie\/kontakt\/","og_site_name":"ProGea 4D","article_publisher":"https:\/\/www.facebook.com\/progea4d\/","article_modified_time":"2026-02-16T09:37:45+00:00","twitter_card":"summary_large_image","twitter_site":"@progea4d","twitter_misc":{"Est. reading time":"2 minutes"},"schema":{"@context":"https:\/\/schema.org","@graph":[{"@type":"WebPage","@id":"https:\/\/progea4d.pl\/o-firmie\/kontakt\/","url":"https:\/\/progea4d.pl\/o-firmie\/kontakt\/","name":"Contact - ProGea 4D","isPartOf":{"@id":"https:\/\/progea4d.pl\/#website"},"datePublished":"2018-09-07T22:00:22+00:00","dateModified":"2026-02-16T09:37:45+00:00","description":"Sp\u00f3\u0142ka ProGea 4D powsta\u0142a w wyniku rozwoju, ciesz\u0105cej si\u0119 zaufaniem i uznaniem rynku firmy ProGea Consulting dzia\u0142aj\u0105cej od 1991 roku.","breadcrumb":{"@id":"https:\/\/progea4d.pl\/o-firmie\/kontakt\/#breadcrumb"},"inLanguage":"en-US","potentialAction":[{"@type":"ReadAction","target":["https:\/\/progea4d.pl\/o-firmie\/kontakt\/"]}]},{"@type":"BreadcrumbList","@id":"https:\/\/progea4d.pl\/o-firmie\/kontakt\/#breadcrumb","itemListElement":[{"@type":"ListItem","position":1,"name":"Strona g\u0142\u00f3wna","item":"https:\/\/progea4d.pl\/en\/"},{"@type":"ListItem","position":2,"name":"Company","item":"https:\/\/progea4d.pl\/en\/company\/"},{"@type":"ListItem","position":3,"name":"Contact"}]},{"@type":"WebSite","@id":"https:\/\/progea4d.pl\/#website","url":"https:\/\/progea4d.pl\/","name":"ProGea 4D","description":"GIS\/SIP, GPS, fotogrametria cyfrowa, teledetekcja, WebGIS, LiDAR, Geoportale","publisher":{"@id":"https:\/\/progea4d.pl\/#organization"},"potentialAction":[{"@type":"SearchAction","target":{"@type":"EntryPoint","urlTemplate":"https:\/\/progea4d.pl\/?s={search_term_string}"},"query-input":{"@type":"PropertyValueSpecification","valueRequired":true,"valueName":"search_term_string"}}],"inLanguage":"en-US"},{"@type":"Organization","@id":"https:\/\/progea4d.pl\/#organization","name":"ProGea 4D","url":"https:\/\/progea4d.pl\/","logo":{"@type":"ImageObject","inLanguage":"en-US","@id":"https:\/\/progea4d.pl\/#\/schema\/logo\/image\/","url":"https:\/\/progea4d.pl\/wp-content\/uploads\/2018\/09\/logo-progea.png","contentUrl":"https:\/\/progea4d.pl\/wp-content\/uploads\/2018\/09\/logo-progea.png","width":193,"height":60,"caption":"ProGea 4D"},"image":{"@id":"https:\/\/progea4d.pl\/#\/schema\/logo\/image\/"},"sameAs":["https:\/\/www.facebook.com\/progea4d\/","https:\/\/x.com\/progea4d","https:\/\/www.instagram.com\/progea_4d\/","https:\/\/pl.linkedin.com\/company\/progea4d"]}]}},"_links":{"self":[{"href":"https:\/\/progea4d.pl\/en\/wp-json\/wp\/v2\/pages\/1569","targetHints":{"allow":["GET"]}}],"collection":[{"href":"https:\/\/progea4d.pl\/en\/wp-json\/wp\/v2\/pages"}],"about":[{"href":"https:\/\/progea4d.pl\/en\/wp-json\/wp\/v2\/types\/page"}],"author":[{"embeddable":true,"href":"https:\/\/progea4d.pl\/en\/wp-json\/wp\/v2\/users\/1"}],"replies":[{"embeddable":true,"href":"https:\/\/progea4d.pl\/en\/wp-json\/wp\/v2\/comments?post=1569"}],"version-history":[{"count":51,"href":"https:\/\/progea4d.pl\/en\/wp-json\/wp\/v2\/pages\/1569\/revisions"}],"predecessor-version":[{"id":9147,"href":"https:\/\/progea4d.pl\/en\/wp-json\/wp\/v2\/pages\/1569\/revisions\/9147"}],"up":[{"embeddable":true,"href":"https:\/\/progea4d.pl\/en\/wp-json\/wp\/v2\/pages\/1574"}],"wp:attachment":[{"href":"https:\/\/progea4d.pl\/en\/wp-json\/wp\/v2\/media?parent=1569"}],"curies":[{"name":"wp","href":"https:\/\/api.w.org\/{rel}","templated":true}]}}