{"id":1576,"date":"2018-09-08T21:07:43","date_gmt":"2018-09-08T19:07:43","guid":{"rendered":"http:\/\/progea4d.pl\/company\/kariera\/"},"modified":"2019-04-10T08:22:58","modified_gmt":"2019-04-10T06:22:58","slug":"career","status":"publish","type":"page","link":"https:\/\/progea4d.pl\/en\/company\/career\/","title":{"rendered":"Career"},"content":{"rendered":"<section class=\"l-section wpb_row h2-sp height_large\"><div class=\"l-section-h i-cf\"><div class=\"g-cols vc_row via_flex valign_top type_default stacking_default\"><div class=\"vc_col-sm-12 wpb_column vc_column_container\"><div class=\"vc_column-inner\"><div class=\"wpb_wrapper\"><div class=\"wpb_text_column wieksze-p\"><div class=\"wpb_wrapper\"><h1>Career<\/h1>\n<p>Aktualnie poszukujemy os\u00f3b na nast\u0119puj\u0105ce stanowiska:<\/p>\n<\/div><\/div><div class=\"wpb_text_column\"><div class=\"wpb_wrapper\"><h2>Operator danych LiDAR<\/h2>\n<p><strong>miejsce pracy:<\/strong> Krak\u00f3w<br \/>\n<strong>dzia\u0142:<\/strong>\u00a0Fotogrametrii i Skaningu<br \/>\n<strong>firma:<\/strong> ProGea 4D sp. z o.o.<\/p>\n<p>&nbsp;<\/p>\n<p><strong>Zakres obowi\u0105zk\u00f3w:<\/strong><\/p>\n<ul>\n<li>wykonywanie modeli 3D budynk\u00f3w,<\/li>\n<li>realizacja projekt\u00f3w z zakresu skaningu laserowego (mobilnego i lotniczego);<\/li>\n<\/ul>\n<p>&nbsp;<\/p>\n<p><strong>Wymagania stawiane przed kandydatem:<\/strong><\/p>\n<ul>\n<li>wykszta\u0142cenie wy\u017csze pe\u0142ne w dziedzinach geodezja, geoinformatyka lub pokrewnych,<\/li>\n<li>podstawowa znajomo\u015b\u0107 oprogramowania Bentley Microstation,<\/li>\n<li>mile widziana znajomo\u015b\u0107 zagadnie\u0144 zwi\u0105zanych z technologi\u0105 skanowania laserowego (LiDAR) oraz umiej\u0119tno\u015b\u0107 przetwarzania danych w pakiecie Terrasolid,<\/li>\n<li>umiej\u0119tno\u015b\u0107 pracy pod presj\u0105 czasu,<\/li>\n<li>pomys\u0142owo\u015b\u0107 i samodzielno\u015b\u0107 w dzia\u0142aniu,<\/li>\n<li>skrupulatno\u015b\u0107 i rzetelno\u015b\u0107<\/li>\n<li>ch\u0119\u0107 do nauki;<\/li>\n<\/ul>\n<p>&nbsp;<\/p>\n<p><strong>Oferujemy Ci:<\/strong><\/p>\n<ul>\n<li>zdobywanie wiedzy i\u00a0do\u015bwiadczenia zawodowego z\u00a0zakresu skanowania laserowego (LiDAR),<\/li>\n<li>wynagrodzenie adekwatne do rezultat\u00f3w,<\/li>\n<li>prac\u0119 w m\u0142odym i dynamicznym zespole,<\/li>\n<li>mo\u017cliwo\u015b\u0107 awans\u00f3w w\u00a0zale\u017cno\u015bci od\u00a0wynik\u00f3w pracy.<\/li>\n<\/ul>\n<p>Prosimy o\u00a0umieszczenie zapisu: \u201eZgadzam si\u0119 na\u00a0wykorzystanie przez firm\u0119 ProGea4D moich\u00a0danych osobowych w\u00a0celu prowadzonej rekrutacji zgodnie Ustaw\u0105 o\u00a0Ochronie Danych Osobowych (Dz.U.2002\u00a0r. Nr\u00a0101 poz. 926) a\u017c do\u00a0momentu pisemnego wycofania zgody. Potwierdzam, \u017ce\u00a0zosta\u0142em poinformowany o\u00a0prawach do\u00a0zmiany, dost\u0119pu i\u00a0ochrony tych danych\u201d.<\/p>\n<p>Gotow\u0105 aplikacj\u0119 prosimy przes\u0142a\u0107 na\u00a0adres mailowy\u00a0<a href=\"mailto:praca@progea4d.pl\">praca@progea4d.pl<\/a>.<\/p>\n<\/div><\/div><div class=\"wpb_text_column\"><div class=\"wpb_wrapper\"><h2>Specjalista ds. szkole\u0144 i marketingu<\/h2>\n<p><strong>nr oferty: DSiRR\/2017\/03<\/strong><\/p>\n<p><strong>miejsce pracy:<\/strong> Krak\u00f3w<br \/>\n<strong>umowa:<\/strong> umowa na okres pr\u00f3bny 3 m-ce z mo\u017cliwo\u015bci\u0105 przed\u0142u\u017cenia na czas nieokre\u015blony<br \/>\n<strong>dzia\u0142:<\/strong> Sprzeda\u017cy i Rozwoju Rynku<br \/>\n<strong>firma:<\/strong> ProGea 4D sp. z o.o.<\/p>\n<p>&nbsp;<\/p>\n<p><strong>Zakres obowi\u0105zk\u00f3w:<\/strong><\/p>\n<ul>\n<li>opracowywanie plan\u00f3w szkoleniowych z konsultacji z prze\u0142o\u017conym,<\/li>\n<li>obs\u0142uga klienta w zakresie sprzeda\u017cy specjalistycznych szkole\u0144 (przygotowanie oferty, pozyskiwanie klienta),<\/li>\n<li>analiza wymaga\u0144 klient\u00f3w, monitoring satysfakcji z organizowanych szkole\u0144 (m.in przygotowanie i przeprowadzanie elektronicznych ankiet po ka\u017cdym szkoleniu),<\/li>\n<li>aktywne pozyskiwanie nowych klient\u00f3w w zakresie szkole\u0144,<\/li>\n<li>techniczna i logistyczna obs\u0142uga szkole\u0144 (organizowanie dzia\u0142a\u0144 szkoleniowych, odpowiedzialno\u015b\u0107 za przygotowanie i powielanie materia\u0142\u00f3w szkoleniowych, monitorowanie ich stanu, nadz\u00f3r nad organizacj\u0105 i przebiegiem szkole\u0144),<\/li>\n<li>przeprowadzanie szkole\u0144 z zakresu GIS, teledetekcji oraz LiDAR,<\/li>\n<li>szeroka wsp\u00f3\u0142praca z zespo\u0142em sprzeda\u017cy oprogramowania i zobrazowa\u0144 satelitarnych w zakresie klient\u00f3w i ich sugerowanych potrzeb,<\/li>\n<li>kszta\u0142towanie d\u0142ugotrwa\u0142ych relacji z klientami,<\/li>\n<\/ul>\n<p>&nbsp;<\/p>\n<p><strong>Wymagania stawiane przed kandydatem:<\/strong><\/p>\n<ul>\n<li>wykszta\u0142cenie wy\u017csze pe\u0142ne w dziedzinach geografia, geoinformatyka lub pokrewnych,<\/li>\n<li>pomys\u0142owo\u015b\u0107 i samodzielno\u015b\u0107 w dzia\u0142aniu,<\/li>\n<li>wysoka elastyczno\u015b\u0107 i otwarto\u015b\u0107 w zakresie powierzanych zada\u0144,<\/li>\n<li>gotowo\u015b\u0107 na podr\u00f3\u017ce krajowe i zagraniczne,<\/li>\n<li>znajomo\u015b\u0107 oprogramowania z zakresu GIS (ArcGIS lub QGIS),<\/li>\n<li>mile widziana znajomo\u015b\u0107 zagadnie\u0144 zwi\u0105zanych z technologi\u0105 skanowania laserowego (LiDAR) oraz umiej\u0119tno\u015b\u0107 przetwarzania danych w pakiecie Terrasolid oraz oprogramowaniu LP360,<\/li>\n<li>bardzo dobra znajomo\u015b\u0107 pakietu MS Office,<\/li>\n<li>znajomo\u015b\u0107 j\u0119zyka angielskiego umo\u017cliwiaj\u0105ca poznawanie dokumentacji technicznej,<\/li>\n<li>umiej\u0119tno\u015b\u0107 pracy pod presj\u0105 czasu,<\/li>\n<li>gotowo\u015b\u0107 na zdobywanie wiedzy z zakresu marketingu,<\/li>\n<li>do\u015bwiadczenie zawodowe (referencje) mile widziane,<\/li>\n<li>prawo jazdy kategorii B.<\/li>\n<\/ul>\n<p>&nbsp;<\/p>\n<p><strong>Oferujemy Ci:<\/strong><\/p>\n<ul>\n<li>zdobywanie wiedzy i do\u015bwiadczenia zawodowego z zakresu skanowania laserowego (LiDAR), GIS oraz marketingu w kreatywnym zespole.<\/li>\n<li>mo\u017cliwo\u015b\u0107 awans\u00f3w w zale\u017cno\u015bci od wynik\u00f3w pracy<\/li>\n<li>pakiet szkole\u0144 z zakresu oprogramowania skanowania laserowego oraz GIS w kraju lub za granic\u0105<\/li>\n<\/ul>\n<p>&nbsp;<\/p>\n<p>Prosimy o umieszczenie zapisu: \u201eZgadzam si\u0119 na wykorzystanie przez firm\u0119 ProGea4D moich danych osobowych w celu prowadzonej rekrutacji zgodnie Ustaw\u0105 o Ochronie Danych Osobowych (Dz.U.2002 r. Nr 101 poz. 926) a\u017c do momentu pisemnego wycofania zgody. Potwierdzam, \u017ce zosta\u0142em poinformowany o prawach do zmiany, dost\u0119pu i ochrony tych danych\u201d.<\/p>\n<p>Gotow\u0105 aplikacj\u0119 w postaci CV i listu motywacyjnego prosimy przes\u0142a\u0107 na adres mailowy <a href=\"mailto:rekrutacja@progea4d.pl\">rekrutacja@progea4d.pl<\/a> wpisuj\u0105c w temacie nr oferty oraz nazwisko np. <strong>DSiRR\/2017\/03 \u2013 Jan Kowalski.<\/strong><\/p>\n<\/div><\/div><div class=\"wpb_text_column\"><div class=\"wpb_wrapper\"><h2>Specjalista ds. teledetekcji<\/h2>\n<p><strong>nr oferty: DSiRR\/2017\/04<\/strong><\/p>\n<p><strong>miejsce pracy:<\/strong> Krak\u00f3w<br \/>\n<strong>umowa:<\/strong> umowa na okres pr\u00f3bny 3 m-ce\u00a0 z mo\u017cliwo\u015bci\u0105 przed\u0142u\u017cenia na czas nieokre\u015blony<br \/>\n<strong>dzia\u0142:<\/strong> Sprzeda\u017cy i Rozwoju Rynku<br \/>\n<strong>firma:<\/strong> ProGea 4D sp. z o.o.<\/p>\n<p>Jeste\u015bmy przekonani, i\u017c zobrazowania satelitarne wspaniale dokumentuj\u0105 zmieniaj\u0105cy si\u0119 \u015bwiat, w kt\u00f3rym \u017cyjemy i s\u0105 niezwyk\u0142ym \u017ar\u00f3d\u0142em geodanych s\u0142u\u017c\u0105cych podejmowaniu w\u0142a\u015bciwych decyzji. Je\u015bli chcesz wsp\u00f3\u0142tworzy\u0107 i wdra\u017ca\u0107 innowacyjne rozwi\u0105zania pomagaj\u0105ce zarz\u0105dza\u0107 \u015brodowiskiem do\u0142\u0105cz do nas jeszcze dzi\u015b. To w\u0142a\u015bnie z takimi osobami tworzymy zesp\u00f3\u0142 ds. innowacyjnych technologii codziennego obrazowania Ziemi z wykorzystaniem nanosatelit\u00f3w. Tw\u00f3rz z nami innowacyjne rozwi\u0105zania geoinformatyczne, zmieniaj z nami \u015awiat!<\/p>\n<p>&nbsp;<\/p>\n<p><strong>Zakres obowi\u0105zk\u00f3w:<\/strong><\/p>\n<ul>\n<li>sprzeda\u017c produkt\u00f3w i us\u0142ug opartych na zobrazowaniach satelitarnych<\/li>\n<li>analiza wymaga\u0144 klient\u00f3w, przygotowywanie indywidualnych ofert w zale\u017cno\u015bci od potrzeb,<\/li>\n<li>organizacja oraz prowadzenie spotka\u0144 z klientami,<\/li>\n<li>bie\u017c\u0105ca obs\u0142uga spotka\u0144 (materia\u0142y marketingowe, agendy spotka\u0144, prezentacje),<\/li>\n<li>przygotowywanie analiz teledetekcyjnych oraz GIS,<\/li>\n<li>przeprowadzanie szkole\u0144 z zakresu teledetekcji,<\/li>\n<li>szeroka wsp\u00f3\u0142praca z zespo\u0142em sprzeda\u017cy oprogramowania i zobrazowa\u0144 satelitarnych w zakresie klient\u00f3w i ich sugerowanych potrzeb,<\/li>\n<li>kszta\u0142towanie d\u0142ugotrwa\u0142ych relacji z klientami.<\/li>\n<\/ul>\n<p>&nbsp;<\/p>\n<p><strong>Wymagania stawiane przed kandydatem:<\/strong><\/p>\n<ul>\n<li>wykszta\u0142cenie wy\u017csze pe\u0142ne w dziedzinach nauk \u015brodowiskowych, preferowanie<br \/>\no specjalizacji geoinformatycznej,<\/li>\n<li>pomys\u0142owo\u015b\u0107 i samodzielno\u015b\u0107 w dzia\u0142aniu,<\/li>\n<li>wysoka elastyczno\u015b\u0107 i otwarto\u015b\u0107 w zakresie powierzanych zada\u0144,<\/li>\n<li>gotowo\u015b\u0107 na podr\u00f3\u017ce krajowe i zagraniczne,<\/li>\n<li>znajomo\u015b\u0107 oprogramowania z zakresu GIS (ArcGIS lub QGIS),<\/li>\n<li>mile widziana znajomo\u015b\u0107 zagadnie\u0144 zwi\u0105zanych z technologi\u0105 skanowania laserowego (LiDAR),<\/li>\n<li>bardzo dobra znajomo\u015b\u0107 pakietu MS Office,<\/li>\n<li>znajomo\u015b\u0107 j\u0119zyka angielskiego umo\u017cliwiaj\u0105ca poznawanie dokumentacji technicznej,<\/li>\n<li>umiej\u0119tno\u015b\u0107 pracy pod presj\u0105 czasu,<\/li>\n<li>gotowo\u015b\u0107 na zdobywanie wiedzy z zakresu marketingu,<\/li>\n<li>do\u015bwiadczenie zawodowe (referencje) mile widziane,<\/li>\n<li>prawo jazdy kategorii B.<\/li>\n<\/ul>\n<p>&nbsp;<\/p>\n<p><strong>Oferujemy Ci:<\/strong><\/p>\n<ul>\n<li>zdobywanie wiedzy i do\u015bwiadczenia zawodowego z zakresu teledetekcji, GIS oraz marketingu w kreatywnym zespole.<\/li>\n<li>mo\u017cliwo\u015b\u0107 awans\u00f3w w zale\u017cno\u015bci od wynik\u00f3w pracy<\/li>\n<li>pakiet szkole\u0144 z zakresu oprogramowania skanowania laserowego oraz GIS w kraju lub za granic\u0105<strong>\u00a0<\/strong><\/li>\n<\/ul>\n<p>&nbsp;<\/p>\n<p>Prosimy o umieszczenie zapisu: \u201eZgadzam si\u0119 na wykorzystanie przez firm\u0119 ProGea4D moich danych osobowych w celu prowadzonej rekrutacji zgodnie Ustaw\u0105 o Ochronie Danych Osobowych (Dz.U.2002 r. Nr 101 poz. 926) a\u017c do momentu pisemnego wycofania zgody. Potwierdzam, \u017ce zosta\u0142em poinformowany o prawach do zmiany, dost\u0119pu i ochrony tych danych\u201d.<\/p>\n<p>Gotow\u0105 aplikacj\u0119 w postaci CV i listu motywacyjnego prosimy przes\u0142a\u0107 na adres mailowy <a href=\"mailto:rekrutacja@progea4d.pl\">rekrutacja@progea4d.pl<\/a> wpisuj\u0105c w temacie nr oferty oraz nazwisko np. <strong>DSiRR\/2017\/04 \u2013 Jan Kowalski.<\/strong><\/p>\n<\/div><\/div><\/div><\/div><\/div><\/div><\/div><\/section>\n","protected":false},"excerpt":{"rendered":"Career Aktualnie poszukujemy os\u00f3b na nast\u0119puj\u0105ce stanowiska: Operator danych LiDAR miejsce pracy: Krak\u00f3w dzia\u0142:\u00a0Fotogrametrii i Skaningu firma: ProGea 4D sp. z o.o. &nbsp; Zakres obowi\u0105zk\u00f3w: wykonywanie modeli 3D budynk\u00f3w, realizacja projekt\u00f3w z zakresu skaningu laserowego (mobilnego i lotniczego); &nbsp; Wymagania stawiane przed kandydatem: wykszta\u0142cenie wy\u017csze pe\u0142ne w dziedzinach geodezja, geoinformatyka lub pokrewnych, podstawowa znajomo\u015b\u0107 oprogramowania...","protected":false},"author":1,"featured_media":0,"parent":1574,"menu_order":0,"comment_status":"closed","ping_status":"closed","template":"","meta":{"_acf_changed":false,"_monsterinsights_skip_tracking":false,"_monsterinsights_sitenote_active":false,"_monsterinsights_sitenote_note":"","_monsterinsights_sitenote_category":0,"footnotes":""},"class_list":["post-1576","page","type-page","status-publish","hentry"],"acf":[],"yoast_head":"<!-- This site is optimized with the Yoast SEO plugin v27.4 - https:\/\/yoast.com\/product\/yoast-seo-wordpress\/ -->\n<title>Career - ProGea 4D<\/title>\n<meta name=\"description\" content=\"Aktualnie poszukujemy os\u00f3b na nast\u0119puj\u0105ce stanowiska.\" \/>\n<meta name=\"robots\" content=\"index, follow, max-snippet:-1, max-image-preview:large, max-video-preview:-1\" \/>\n<link rel=\"canonical\" href=\"https:\/\/progea4d.pl\/en\/company\/career\/\" \/>\n<meta property=\"og:locale\" content=\"en_US\" \/>\n<meta property=\"og:type\" content=\"article\" \/>\n<meta property=\"og:title\" content=\"Career - ProGea 4D\" \/>\n<meta property=\"og:description\" content=\"Aktualnie poszukujemy os\u00f3b na nast\u0119puj\u0105ce stanowiska.\" \/>\n<meta property=\"og:url\" content=\"https:\/\/progea4d.pl\/en\/company\/career\/\" \/>\n<meta property=\"og:site_name\" content=\"ProGea 4D\" \/>\n<meta property=\"article:publisher\" content=\"https:\/\/www.facebook.com\/progea4d\/\" \/>\n<meta property=\"article:modified_time\" content=\"2019-04-10T06:22:58+00:00\" \/>\n<meta name=\"twitter:card\" content=\"summary_large_image\" \/>\n<meta name=\"twitter:site\" content=\"@progea4d\" \/>\n<meta name=\"twitter:label1\" content=\"Est. reading time\" \/>\n\t<meta name=\"twitter:data1\" content=\"5 minutes\" \/>\n<script type=\"application\/ld+json\" class=\"yoast-schema-graph\">{\"@context\":\"https:\\\/\\\/schema.org\",\"@graph\":[{\"@type\":\"WebPage\",\"@id\":\"https:\\\/\\\/progea4d.pl\\\/en\\\/company\\\/career\\\/\",\"url\":\"https:\\\/\\\/progea4d.pl\\\/en\\\/company\\\/career\\\/\",\"name\":\"Career - ProGea 4D\",\"isPartOf\":{\"@id\":\"https:\\\/\\\/progea4d.pl\\\/#website\"},\"datePublished\":\"2018-09-08T19:07:43+00:00\",\"dateModified\":\"2019-04-10T06:22:58+00:00\",\"description\":\"Aktualnie poszukujemy os\u00f3b na nast\u0119puj\u0105ce stanowiska.\",\"breadcrumb\":{\"@id\":\"https:\\\/\\\/progea4d.pl\\\/en\\\/company\\\/career\\\/#breadcrumb\"},\"inLanguage\":\"en-US\",\"potentialAction\":[{\"@type\":\"ReadAction\",\"target\":[\"https:\\\/\\\/progea4d.pl\\\/en\\\/company\\\/career\\\/\"]}]},{\"@type\":\"BreadcrumbList\",\"@id\":\"https:\\\/\\\/progea4d.pl\\\/en\\\/company\\\/career\\\/#breadcrumb\",\"itemListElement\":[{\"@type\":\"ListItem\",\"position\":1,\"name\":\"Strona g\u0142\u00f3wna\",\"item\":\"https:\\\/\\\/progea4d.pl\\\/en\\\/\"},{\"@type\":\"ListItem\",\"position\":2,\"name\":\"Company\",\"item\":\"https:\\\/\\\/progea4d.pl\\\/en\\\/company\\\/\"},{\"@type\":\"ListItem\",\"position\":3,\"name\":\"Career\"}]},{\"@type\":\"WebSite\",\"@id\":\"https:\\\/\\\/progea4d.pl\\\/#website\",\"url\":\"https:\\\/\\\/progea4d.pl\\\/\",\"name\":\"ProGea 4D\",\"description\":\"GIS\\\/SIP, GPS, fotogrametria cyfrowa, teledetekcja, WebGIS, LiDAR, Geoportale\",\"publisher\":{\"@id\":\"https:\\\/\\\/progea4d.pl\\\/#organization\"},\"potentialAction\":[{\"@type\":\"SearchAction\",\"target\":{\"@type\":\"EntryPoint\",\"urlTemplate\":\"https:\\\/\\\/progea4d.pl\\\/?s={search_term_string}\"},\"query-input\":{\"@type\":\"PropertyValueSpecification\",\"valueRequired\":true,\"valueName\":\"search_term_string\"}}],\"inLanguage\":\"en-US\"},{\"@type\":\"Organization\",\"@id\":\"https:\\\/\\\/progea4d.pl\\\/#organization\",\"name\":\"ProGea 4D\",\"url\":\"https:\\\/\\\/progea4d.pl\\\/\",\"logo\":{\"@type\":\"ImageObject\",\"inLanguage\":\"en-US\",\"@id\":\"https:\\\/\\\/progea4d.pl\\\/#\\\/schema\\\/logo\\\/image\\\/\",\"url\":\"https:\\\/\\\/progea4d.pl\\\/wp-content\\\/uploads\\\/2018\\\/09\\\/logo-progea.png\",\"contentUrl\":\"https:\\\/\\\/progea4d.pl\\\/wp-content\\\/uploads\\\/2018\\\/09\\\/logo-progea.png\",\"width\":193,\"height\":60,\"caption\":\"ProGea 4D\"},\"image\":{\"@id\":\"https:\\\/\\\/progea4d.pl\\\/#\\\/schema\\\/logo\\\/image\\\/\"},\"sameAs\":[\"https:\\\/\\\/www.facebook.com\\\/progea4d\\\/\",\"https:\\\/\\\/x.com\\\/progea4d\",\"https:\\\/\\\/www.instagram.com\\\/progea_4d\\\/\",\"https:\\\/\\\/pl.linkedin.com\\\/company\\\/progea4d\"]}]}<\/script>\n<!-- \/ Yoast SEO plugin. -->","yoast_head_json":{"title":"Career - ProGea 4D","description":"Aktualnie poszukujemy os\u00f3b na nast\u0119puj\u0105ce stanowiska.","robots":{"index":"index","follow":"follow","max-snippet":"max-snippet:-1","max-image-preview":"max-image-preview:large","max-video-preview":"max-video-preview:-1"},"canonical":"https:\/\/progea4d.pl\/en\/company\/career\/","og_locale":"en_US","og_type":"article","og_title":"Career - ProGea 4D","og_description":"Aktualnie poszukujemy os\u00f3b na nast\u0119puj\u0105ce stanowiska.","og_url":"https:\/\/progea4d.pl\/en\/company\/career\/","og_site_name":"ProGea 4D","article_publisher":"https:\/\/www.facebook.com\/progea4d\/","article_modified_time":"2019-04-10T06:22:58+00:00","twitter_card":"summary_large_image","twitter_site":"@progea4d","twitter_misc":{"Est. reading time":"5 minutes"},"schema":{"@context":"https:\/\/schema.org","@graph":[{"@type":"WebPage","@id":"https:\/\/progea4d.pl\/en\/company\/career\/","url":"https:\/\/progea4d.pl\/en\/company\/career\/","name":"Career - ProGea 4D","isPartOf":{"@id":"https:\/\/progea4d.pl\/#website"},"datePublished":"2018-09-08T19:07:43+00:00","dateModified":"2019-04-10T06:22:58+00:00","description":"Aktualnie poszukujemy os\u00f3b na nast\u0119puj\u0105ce stanowiska.","breadcrumb":{"@id":"https:\/\/progea4d.pl\/en\/company\/career\/#breadcrumb"},"inLanguage":"en-US","potentialAction":[{"@type":"ReadAction","target":["https:\/\/progea4d.pl\/en\/company\/career\/"]}]},{"@type":"BreadcrumbList","@id":"https:\/\/progea4d.pl\/en\/company\/career\/#breadcrumb","itemListElement":[{"@type":"ListItem","position":1,"name":"Strona g\u0142\u00f3wna","item":"https:\/\/progea4d.pl\/en\/"},{"@type":"ListItem","position":2,"name":"Company","item":"https:\/\/progea4d.pl\/en\/company\/"},{"@type":"ListItem","position":3,"name":"Career"}]},{"@type":"WebSite","@id":"https:\/\/progea4d.pl\/#website","url":"https:\/\/progea4d.pl\/","name":"ProGea 4D","description":"GIS\/SIP, GPS, fotogrametria cyfrowa, teledetekcja, WebGIS, LiDAR, Geoportale","publisher":{"@id":"https:\/\/progea4d.pl\/#organization"},"potentialAction":[{"@type":"SearchAction","target":{"@type":"EntryPoint","urlTemplate":"https:\/\/progea4d.pl\/?s={search_term_string}"},"query-input":{"@type":"PropertyValueSpecification","valueRequired":true,"valueName":"search_term_string"}}],"inLanguage":"en-US"},{"@type":"Organization","@id":"https:\/\/progea4d.pl\/#organization","name":"ProGea 4D","url":"https:\/\/progea4d.pl\/","logo":{"@type":"ImageObject","inLanguage":"en-US","@id":"https:\/\/progea4d.pl\/#\/schema\/logo\/image\/","url":"https:\/\/progea4d.pl\/wp-content\/uploads\/2018\/09\/logo-progea.png","contentUrl":"https:\/\/progea4d.pl\/wp-content\/uploads\/2018\/09\/logo-progea.png","width":193,"height":60,"caption":"ProGea 4D"},"image":{"@id":"https:\/\/progea4d.pl\/#\/schema\/logo\/image\/"},"sameAs":["https:\/\/www.facebook.com\/progea4d\/","https:\/\/x.com\/progea4d","https:\/\/www.instagram.com\/progea_4d\/","https:\/\/pl.linkedin.com\/company\/progea4d"]}]}},"_links":{"self":[{"href":"https:\/\/progea4d.pl\/en\/wp-json\/wp\/v2\/pages\/1576","targetHints":{"allow":["GET"]}}],"collection":[{"href":"https:\/\/progea4d.pl\/en\/wp-json\/wp\/v2\/pages"}],"about":[{"href":"https:\/\/progea4d.pl\/en\/wp-json\/wp\/v2\/types\/page"}],"author":[{"embeddable":true,"href":"https:\/\/progea4d.pl\/en\/wp-json\/wp\/v2\/users\/1"}],"replies":[{"embeddable":true,"href":"https:\/\/progea4d.pl\/en\/wp-json\/wp\/v2\/comments?post=1576"}],"version-history":[{"count":1,"href":"https:\/\/progea4d.pl\/en\/wp-json\/wp\/v2\/pages\/1576\/revisions"}],"predecessor-version":[{"id":1577,"href":"https:\/\/progea4d.pl\/en\/wp-json\/wp\/v2\/pages\/1576\/revisions\/1577"}],"up":[{"embeddable":true,"href":"https:\/\/progea4d.pl\/en\/wp-json\/wp\/v2\/pages\/1574"}],"wp:attachment":[{"href":"https:\/\/progea4d.pl\/en\/wp-json\/wp\/v2\/media?parent=1576"}],"curies":[{"name":"wp","href":"https:\/\/api.w.org\/{rel}","templated":true}]}}