{"id":1584,"date":"2018-09-14T15:24:35","date_gmt":"2018-09-14T13:24:35","guid":{"rendered":"http:\/\/progea4d.pl\/company\/nasze-dzialy\/"},"modified":"2019-04-09T12:15:52","modified_gmt":"2019-04-09T10:15:52","slug":"departments","status":"publish","type":"page","link":"https:\/\/progea4d.pl\/en\/company\/departments\/","title":{"rendered":"Departments"},"content":{"rendered":"<section class=\"l-section wpb_row height_large\"><div class=\"l-section-h i-cf\"><div class=\"g-cols vc_row via_flex valign_top type_default stacking_default\"><div class=\"vc_col-sm-12 wpb_column vc_column_container\"><div class=\"vc_column-inner\"><div class=\"wpb_wrapper\"><div class=\"wpb_text_column\"><div class=\"wpb_wrapper\"><h1>Departments<\/h1>\n<\/div><\/div><div class=\"wpb_text_column text-justify h2-sp\"><div class=\"wpb_wrapper\"><h2>Laser Scanning and\u00a0Photogrammetry<\/h2>\n<p>The team consists of 25 experts in the fields of Digital Photogrammetry and LiDAR. The departament realises projects in terms of satellite image processing (ortophotomaps and UAV) oraz\u00a0laser scanning (ALS, TLS, MLS, HLS),\u00a0i.e. point clouds classification,\u00a0generating the derivative products (elevation models), 3D mapping, generating 3D models (for BIM).<\/p>\n<h2>Environment\u00a0and Remote Sensing Department<\/h2>\n<p>A team of experienced experts in the fields of: botany, forest science, environmental protection, landscape architecture. The department also cooperates with naturalists specialists from the outside, including the field of: entomology, ornithology, chiropterology and others. Moreover, our staff is concerned with selling satellite images (Planet, DigitalGlobe,\u00a0SI Imaging Services).<\/p>\n<h2>Administration<\/h2>\n<\/div><\/div><\/div><\/div><\/div><\/div><\/div><\/section>\n","protected":false},"excerpt":{"rendered":"Departments Laser Scanning and\u00a0Photogrammetry The team consists of 25 experts in the fields of Digital Photogrammetry and LiDAR. The departament realises projects in terms of satellite image processing (ortophotomaps and UAV) oraz\u00a0laser scanning (ALS, TLS, MLS, HLS),\u00a0i.e. point clouds classification,\u00a0generating the derivative products (elevation models), 3D mapping, generating 3D models (for BIM). Environment\u00a0and Remote Sensing...","protected":false},"author":1,"featured_media":0,"parent":1574,"menu_order":0,"comment_status":"closed","ping_status":"closed","template":"","meta":{"_acf_changed":false,"_monsterinsights_skip_tracking":false,"_monsterinsights_sitenote_active":false,"_monsterinsights_sitenote_note":"","_monsterinsights_sitenote_category":0,"footnotes":""},"class_list":["post-1584","page","type-page","status-publish","hentry"],"acf":[],"yoast_head":"<!-- This site is optimized with the Yoast SEO plugin v27.4 - https:\/\/yoast.com\/product\/yoast-seo-wordpress\/ -->\n<title>Departments - ProGea 4D<\/title>\n<meta name=\"description\" content=\"Najliczniejszy dzia\u0142 w firmie ProGea 4D sp. z o. o. skupiaj\u0105cy ponad 20 os\u00f3b specjalizuj\u0105cych si\u0119 w szeroko rozumianej fotogrametrii i skanowaniu laserowym.\" \/>\n<meta name=\"robots\" content=\"index, follow, max-snippet:-1, max-image-preview:large, max-video-preview:-1\" \/>\n<link rel=\"canonical\" href=\"https:\/\/progea4d.pl\/en\/company\/departments\/\" \/>\n<meta property=\"og:locale\" content=\"en_US\" \/>\n<meta property=\"og:type\" content=\"article\" \/>\n<meta property=\"og:title\" content=\"Departments - ProGea 4D\" \/>\n<meta property=\"og:description\" content=\"Najliczniejszy dzia\u0142 w firmie ProGea 4D sp. z o. o. skupiaj\u0105cy ponad 20 os\u00f3b specjalizuj\u0105cych si\u0119 w szeroko rozumianej fotogrametrii i skanowaniu laserowym.\" \/>\n<meta property=\"og:url\" content=\"https:\/\/progea4d.pl\/en\/company\/departments\/\" \/>\n<meta property=\"og:site_name\" content=\"ProGea 4D\" \/>\n<meta property=\"article:publisher\" content=\"https:\/\/www.facebook.com\/progea4d\/\" \/>\n<meta property=\"article:modified_time\" content=\"2019-04-09T10:15:52+00:00\" \/>\n<meta name=\"twitter:card\" content=\"summary_large_image\" \/>\n<meta name=\"twitter:site\" content=\"@progea4d\" \/>\n<meta name=\"twitter:label1\" content=\"Est. reading time\" \/>\n\t<meta name=\"twitter:data1\" content=\"1 minute\" \/>\n<script type=\"application\/ld+json\" class=\"yoast-schema-graph\">{\"@context\":\"https:\\\/\\\/schema.org\",\"@graph\":[{\"@type\":\"WebPage\",\"@id\":\"https:\\\/\\\/progea4d.pl\\\/en\\\/company\\\/departments\\\/\",\"url\":\"https:\\\/\\\/progea4d.pl\\\/en\\\/company\\\/departments\\\/\",\"name\":\"Departments - ProGea 4D\",\"isPartOf\":{\"@id\":\"https:\\\/\\\/progea4d.pl\\\/#website\"},\"datePublished\":\"2018-09-14T13:24:35+00:00\",\"dateModified\":\"2019-04-09T10:15:52+00:00\",\"description\":\"Najliczniejszy dzia\u0142 w firmie ProGea 4D sp. z o. o. skupiaj\u0105cy ponad 20 os\u00f3b specjalizuj\u0105cych si\u0119 w szeroko rozumianej fotogrametrii i skanowaniu laserowym.\",\"breadcrumb\":{\"@id\":\"https:\\\/\\\/progea4d.pl\\\/en\\\/company\\\/departments\\\/#breadcrumb\"},\"inLanguage\":\"en-US\",\"potentialAction\":[{\"@type\":\"ReadAction\",\"target\":[\"https:\\\/\\\/progea4d.pl\\\/en\\\/company\\\/departments\\\/\"]}]},{\"@type\":\"BreadcrumbList\",\"@id\":\"https:\\\/\\\/progea4d.pl\\\/en\\\/company\\\/departments\\\/#breadcrumb\",\"itemListElement\":[{\"@type\":\"ListItem\",\"position\":1,\"name\":\"Strona g\u0142\u00f3wna\",\"item\":\"https:\\\/\\\/progea4d.pl\\\/en\\\/\"},{\"@type\":\"ListItem\",\"position\":2,\"name\":\"Company\",\"item\":\"https:\\\/\\\/progea4d.pl\\\/en\\\/company\\\/\"},{\"@type\":\"ListItem\",\"position\":3,\"name\":\"Departments\"}]},{\"@type\":\"WebSite\",\"@id\":\"https:\\\/\\\/progea4d.pl\\\/#website\",\"url\":\"https:\\\/\\\/progea4d.pl\\\/\",\"name\":\"ProGea 4D\",\"description\":\"GIS\\\/SIP, GPS, fotogrametria cyfrowa, teledetekcja, WebGIS, LiDAR, Geoportale\",\"publisher\":{\"@id\":\"https:\\\/\\\/progea4d.pl\\\/#organization\"},\"potentialAction\":[{\"@type\":\"SearchAction\",\"target\":{\"@type\":\"EntryPoint\",\"urlTemplate\":\"https:\\\/\\\/progea4d.pl\\\/?s={search_term_string}\"},\"query-input\":{\"@type\":\"PropertyValueSpecification\",\"valueRequired\":true,\"valueName\":\"search_term_string\"}}],\"inLanguage\":\"en-US\"},{\"@type\":\"Organization\",\"@id\":\"https:\\\/\\\/progea4d.pl\\\/#organization\",\"name\":\"ProGea 4D\",\"url\":\"https:\\\/\\\/progea4d.pl\\\/\",\"logo\":{\"@type\":\"ImageObject\",\"inLanguage\":\"en-US\",\"@id\":\"https:\\\/\\\/progea4d.pl\\\/#\\\/schema\\\/logo\\\/image\\\/\",\"url\":\"https:\\\/\\\/progea4d.pl\\\/wp-content\\\/uploads\\\/2018\\\/09\\\/logo-progea.png\",\"contentUrl\":\"https:\\\/\\\/progea4d.pl\\\/wp-content\\\/uploads\\\/2018\\\/09\\\/logo-progea.png\",\"width\":193,\"height\":60,\"caption\":\"ProGea 4D\"},\"image\":{\"@id\":\"https:\\\/\\\/progea4d.pl\\\/#\\\/schema\\\/logo\\\/image\\\/\"},\"sameAs\":[\"https:\\\/\\\/www.facebook.com\\\/progea4d\\\/\",\"https:\\\/\\\/x.com\\\/progea4d\",\"https:\\\/\\\/www.instagram.com\\\/progea_4d\\\/\",\"https:\\\/\\\/pl.linkedin.com\\\/company\\\/progea4d\"]}]}<\/script>\n<!-- \/ Yoast SEO plugin. -->","yoast_head_json":{"title":"Departments - ProGea 4D","description":"Najliczniejszy dzia\u0142 w firmie ProGea 4D sp. z o. o. skupiaj\u0105cy ponad 20 os\u00f3b specjalizuj\u0105cych si\u0119 w szeroko rozumianej fotogrametrii i skanowaniu laserowym.","robots":{"index":"index","follow":"follow","max-snippet":"max-snippet:-1","max-image-preview":"max-image-preview:large","max-video-preview":"max-video-preview:-1"},"canonical":"https:\/\/progea4d.pl\/en\/company\/departments\/","og_locale":"en_US","og_type":"article","og_title":"Departments - ProGea 4D","og_description":"Najliczniejszy dzia\u0142 w firmie ProGea 4D sp. z o. o. skupiaj\u0105cy ponad 20 os\u00f3b specjalizuj\u0105cych si\u0119 w szeroko rozumianej fotogrametrii i skanowaniu laserowym.","og_url":"https:\/\/progea4d.pl\/en\/company\/departments\/","og_site_name":"ProGea 4D","article_publisher":"https:\/\/www.facebook.com\/progea4d\/","article_modified_time":"2019-04-09T10:15:52+00:00","twitter_card":"summary_large_image","twitter_site":"@progea4d","twitter_misc":{"Est. reading time":"1 minute"},"schema":{"@context":"https:\/\/schema.org","@graph":[{"@type":"WebPage","@id":"https:\/\/progea4d.pl\/en\/company\/departments\/","url":"https:\/\/progea4d.pl\/en\/company\/departments\/","name":"Departments - ProGea 4D","isPartOf":{"@id":"https:\/\/progea4d.pl\/#website"},"datePublished":"2018-09-14T13:24:35+00:00","dateModified":"2019-04-09T10:15:52+00:00","description":"Najliczniejszy dzia\u0142 w firmie ProGea 4D sp. z o. o. skupiaj\u0105cy ponad 20 os\u00f3b specjalizuj\u0105cych si\u0119 w szeroko rozumianej fotogrametrii i skanowaniu laserowym.","breadcrumb":{"@id":"https:\/\/progea4d.pl\/en\/company\/departments\/#breadcrumb"},"inLanguage":"en-US","potentialAction":[{"@type":"ReadAction","target":["https:\/\/progea4d.pl\/en\/company\/departments\/"]}]},{"@type":"BreadcrumbList","@id":"https:\/\/progea4d.pl\/en\/company\/departments\/#breadcrumb","itemListElement":[{"@type":"ListItem","position":1,"name":"Strona g\u0142\u00f3wna","item":"https:\/\/progea4d.pl\/en\/"},{"@type":"ListItem","position":2,"name":"Company","item":"https:\/\/progea4d.pl\/en\/company\/"},{"@type":"ListItem","position":3,"name":"Departments"}]},{"@type":"WebSite","@id":"https:\/\/progea4d.pl\/#website","url":"https:\/\/progea4d.pl\/","name":"ProGea 4D","description":"GIS\/SIP, GPS, fotogrametria cyfrowa, teledetekcja, WebGIS, LiDAR, Geoportale","publisher":{"@id":"https:\/\/progea4d.pl\/#organization"},"potentialAction":[{"@type":"SearchAction","target":{"@type":"EntryPoint","urlTemplate":"https:\/\/progea4d.pl\/?s={search_term_string}"},"query-input":{"@type":"PropertyValueSpecification","valueRequired":true,"valueName":"search_term_string"}}],"inLanguage":"en-US"},{"@type":"Organization","@id":"https:\/\/progea4d.pl\/#organization","name":"ProGea 4D","url":"https:\/\/progea4d.pl\/","logo":{"@type":"ImageObject","inLanguage":"en-US","@id":"https:\/\/progea4d.pl\/#\/schema\/logo\/image\/","url":"https:\/\/progea4d.pl\/wp-content\/uploads\/2018\/09\/logo-progea.png","contentUrl":"https:\/\/progea4d.pl\/wp-content\/uploads\/2018\/09\/logo-progea.png","width":193,"height":60,"caption":"ProGea 4D"},"image":{"@id":"https:\/\/progea4d.pl\/#\/schema\/logo\/image\/"},"sameAs":["https:\/\/www.facebook.com\/progea4d\/","https:\/\/x.com\/progea4d","https:\/\/www.instagram.com\/progea_4d\/","https:\/\/pl.linkedin.com\/company\/progea4d"]}]}},"_links":{"self":[{"href":"https:\/\/progea4d.pl\/en\/wp-json\/wp\/v2\/pages\/1584","targetHints":{"allow":["GET"]}}],"collection":[{"href":"https:\/\/progea4d.pl\/en\/wp-json\/wp\/v2\/pages"}],"about":[{"href":"https:\/\/progea4d.pl\/en\/wp-json\/wp\/v2\/types\/page"}],"author":[{"embeddable":true,"href":"https:\/\/progea4d.pl\/en\/wp-json\/wp\/v2\/users\/1"}],"replies":[{"embeddable":true,"href":"https:\/\/progea4d.pl\/en\/wp-json\/wp\/v2\/comments?post=1584"}],"version-history":[{"count":12,"href":"https:\/\/progea4d.pl\/en\/wp-json\/wp\/v2\/pages\/1584\/revisions"}],"predecessor-version":[{"id":2471,"href":"https:\/\/progea4d.pl\/en\/wp-json\/wp\/v2\/pages\/1584\/revisions\/2471"}],"up":[{"embeddable":true,"href":"https:\/\/progea4d.pl\/en\/wp-json\/wp\/v2\/pages\/1574"}],"wp:attachment":[{"href":"https:\/\/progea4d.pl\/en\/wp-json\/wp\/v2\/media?parent=1584"}],"curies":[{"name":"wp","href":"https:\/\/api.w.org\/{rel}","templated":true}]}}