{"id":1721,"date":"2018-09-07T22:28:57","date_gmt":"2018-09-07T20:28:57","guid":{"rendered":"http:\/\/progea4d.pl\/uslugi\/"},"modified":"2019-06-11T14:21:40","modified_gmt":"2019-06-11T12:21:40","slug":"services","status":"publish","type":"page","link":"https:\/\/progea4d.pl\/en\/services\/","title":{"rendered":"Services"},"content":{"rendered":"<section class=\"l-section wpb_row height_large\" id=\"oferta\"><div class=\"l-section-h i-cf\"><div class=\"g-cols vc_row via_flex valign_top type_default stacking_default\"><div class=\"vc_col-sm-12 wpb_column vc_column_container\"><div class=\"vc_column-inner\"><div class=\"wpb_wrapper\"><div class=\"wpb_text_column text-center\"><div class=\"wpb_wrapper\"><h1>ProGea 4D &#8211; Services<\/h1>\n<\/div><\/div><div class=\"w-separator size_large\"><\/div><div class=\"w-grid us_grid type_grid layout_801 cols_5 preload_style_spinner\" id=\"us_grid_1\" style=\"--columns:5;--gap:1.5rem;\" data-filterable=\"true\"><style>@media (max-width:1280px){#us_grid_1{--columns:3!important}}@media (max-width:1024px){#us_grid_1{--columns:2!important}}@media (max-width:600px){#us_grid_1{--columns:1!important}}.layout_801 .w-grid-item-h{}.layout_801 .usg_post_title_2{color:#000000!important;font-size:14px!important;font-family:var(--h1-font-family)!important;text-transform:uppercase!important;padding-left:15px!important;padding-right:15px!important}.layout_801 .usg_vwrapper_2{color:#000000!important;width:100%!important;background:var(--color-header-middle-bg)!important}<\/style><div class=\"w-grid-list\">\t<article class=\"w-grid-item size_1x1 custom-link post-1746 us_portfolio type-us_portfolio status-publish has-post-thumbnail hentry us_portfolio_category-services-en\" data-id=\"1746\">\r\n\t\t<div class=\"w-grid-item-h\">\r\n\t\t\t\t\t\t\t<a href=\"https:\/\/progea4d.pl\/en\/services\/environmental-expertises\/\" class=\"w-grid-item-anchor\" aria-label=\"Environmental expertises\"><\/a>\r\n\t\t\t\t\t\t<div class=\"w-vwrapper usg_vwrapper_1 align_center valign_middle\"><div class=\"w-post-elm post_image usg_post_image_1 stretched\"><img loading=\"lazy\" decoding=\"async\" width=\"339\" height=\"339\" src=\"https:\/\/progea4d.pl\/wp-content\/uploads\/2018\/09\/ProGea4D_ekspertyzy_5.png\" class=\"attachment-full size-full wp-post-image\" alt=\"\" srcset=\"https:\/\/progea4d.pl\/wp-content\/uploads\/2018\/09\/ProGea4D_ekspertyzy_5.png 339w, https:\/\/progea4d.pl\/wp-content\/uploads\/2018\/09\/ProGea4D_ekspertyzy_5-150x150.png 150w, https:\/\/progea4d.pl\/wp-content\/uploads\/2018\/09\/ProGea4D_ekspertyzy_5-300x300.png 300w\" sizes=\"auto, (max-width: 339px) 100vw, 339px\" \/><\/div><div class=\"w-vwrapper usg_vwrapper_2 has_text_color align_center valign_middle\"><h2 class=\"w-post-elm post_title usg_post_title_2 has_text_color entry-title color_link_inherit\">Environmental expertises<\/h2><\/div><\/div>\t\t<\/div>\r\n\t\t\t<\/article>\r\n\t<article class=\"w-grid-item size_1x1 custom-link post-3622 us_portfolio type-us_portfolio status-publish has-post-thumbnail hentry us_portfolio_category-services-en\" data-id=\"3622\">\r\n\t\t<div class=\"w-grid-item-h\">\r\n\t\t\t\t\t\t\t<a href=\"https:\/\/progea4d.pl\/en\/bsp-uav\/\" class=\"w-grid-item-anchor\" aria-label=\"BSP (UAV)\"><\/a>\r\n\t\t\t\t\t\t<div class=\"w-vwrapper usg_vwrapper_1 align_center valign_middle\"><div class=\"w-post-elm post_image usg_post_image_1 stretched\"><img loading=\"lazy\" decoding=\"async\" width=\"339\" height=\"339\" src=\"https:\/\/progea4d.pl\/wp-content\/uploads\/2019\/05\/ProGea4D_ikona_BSP-UAV_v5.png\" class=\"attachment-full size-full wp-post-image\" alt=\"\" srcset=\"https:\/\/progea4d.pl\/wp-content\/uploads\/2019\/05\/ProGea4D_ikona_BSP-UAV_v5.png 339w, https:\/\/progea4d.pl\/wp-content\/uploads\/2019\/05\/ProGea4D_ikona_BSP-UAV_v5-150x150.png 150w, https:\/\/progea4d.pl\/wp-content\/uploads\/2019\/05\/ProGea4D_ikona_BSP-UAV_v5-300x300.png 300w\" sizes=\"auto, (max-width: 339px) 100vw, 339px\" \/><\/div><div class=\"w-vwrapper usg_vwrapper_2 has_text_color align_center valign_middle\"><h2 class=\"w-post-elm post_title usg_post_title_2 has_text_color entry-title color_link_inherit\">BSP (UAV)<\/h2><\/div><\/div>\t\t<\/div>\r\n\t\t\t<\/article>\r\n\t<article class=\"w-grid-item size_1x1 custom-link post-1725 us_portfolio type-us_portfolio status-publish has-post-thumbnail hentry us_portfolio_category-services-en\" data-id=\"1725\">\r\n\t\t<div class=\"w-grid-item-h\">\r\n\t\t\t\t\t\t\t<a href=\"http:\/\/progea4d.pl\/en\/services\/laser-scanning\/\" class=\"w-grid-item-anchor\" aria-label=\"Laser scanning\"><\/a>\r\n\t\t\t\t\t\t<div class=\"w-vwrapper usg_vwrapper_1 align_center valign_middle\"><div class=\"w-post-elm post_image usg_post_image_1 stretched\"><img loading=\"lazy\" decoding=\"async\" width=\"339\" height=\"339\" src=\"https:\/\/progea4d.pl\/wp-content\/uploads\/2018\/09\/ProGea4D_skanowanie_3-1.png\" class=\"attachment-full size-full wp-post-image\" alt=\"\" srcset=\"https:\/\/progea4d.pl\/wp-content\/uploads\/2018\/09\/ProGea4D_skanowanie_3-1.png 339w, https:\/\/progea4d.pl\/wp-content\/uploads\/2018\/09\/ProGea4D_skanowanie_3-1-150x150.png 150w, https:\/\/progea4d.pl\/wp-content\/uploads\/2018\/09\/ProGea4D_skanowanie_3-1-300x300.png 300w\" sizes=\"auto, (max-width: 339px) 100vw, 339px\" \/><\/div><div class=\"w-vwrapper usg_vwrapper_2 has_text_color align_center valign_middle\"><h2 class=\"w-post-elm post_title usg_post_title_2 has_text_color entry-title color_link_inherit\">Laser scanning<\/h2><\/div><\/div>\t\t<\/div>\r\n\t\t\t<\/article>\r\n\t<article class=\"w-grid-item size_1x1 custom-link post-1730 us_portfolio type-us_portfolio status-publish has-post-thumbnail hentry us_portfolio_category-services-en\" data-id=\"1730\">\r\n\t\t<div class=\"w-grid-item-h\">\r\n\t\t\t\t\t\t\t<a href=\"https:\/\/progea4d.pl\/dokumentacja-2d\/\" class=\"w-grid-item-anchor\" aria-label=\"2D Documentation\"><\/a>\r\n\t\t\t\t\t\t<div class=\"w-vwrapper usg_vwrapper_1 align_center valign_middle\"><div class=\"w-post-elm post_image usg_post_image_1 stretched\"><img loading=\"lazy\" decoding=\"async\" width=\"339\" height=\"339\" src=\"https:\/\/progea4d.pl\/wp-content\/uploads\/2018\/09\/ProGea4D_dokumentacja2d-3d_3.png\" class=\"attachment-full size-full wp-post-image\" alt=\"\" srcset=\"https:\/\/progea4d.pl\/wp-content\/uploads\/2018\/09\/ProGea4D_dokumentacja2d-3d_3.png 339w, https:\/\/progea4d.pl\/wp-content\/uploads\/2018\/09\/ProGea4D_dokumentacja2d-3d_3-150x150.png 150w, https:\/\/progea4d.pl\/wp-content\/uploads\/2018\/09\/ProGea4D_dokumentacja2d-3d_3-300x300.png 300w\" sizes=\"auto, (max-width: 339px) 100vw, 339px\" \/><\/div><div class=\"w-vwrapper usg_vwrapper_2 has_text_color align_center valign_middle\"><h2 class=\"w-post-elm post_title usg_post_title_2 has_text_color entry-title color_link_inherit\">2D Documentation<\/h2><\/div><\/div>\t\t<\/div>\r\n\t\t\t<\/article>\r\n\t<article class=\"w-grid-item size_1x1 custom-link post-1738 us_portfolio type-us_portfolio status-publish has-post-thumbnail hentry us_portfolio_category-services-en\" data-id=\"1738\">\r\n\t\t<div class=\"w-grid-item-h\">\r\n\t\t\t\t\t\t\t<a href=\"http:\/\/progea4d.pl\/en\/services\/models-for-bim\/\" class=\"w-grid-item-anchor\" aria-label=\"Models 3D for BIM\"><\/a>\r\n\t\t\t\t\t\t<div class=\"w-vwrapper usg_vwrapper_1 align_center valign_middle\"><div class=\"w-post-elm post_image usg_post_image_1 stretched\"><img loading=\"lazy\" decoding=\"async\" width=\"339\" height=\"339\" src=\"https:\/\/progea4d.pl\/wp-content\/uploads\/2018\/09\/ProGea4D_BIM_3.png\" class=\"attachment-full size-full wp-post-image\" alt=\"\" srcset=\"https:\/\/progea4d.pl\/wp-content\/uploads\/2018\/09\/ProGea4D_BIM_3.png 339w, https:\/\/progea4d.pl\/wp-content\/uploads\/2018\/09\/ProGea4D_BIM_3-150x150.png 150w, https:\/\/progea4d.pl\/wp-content\/uploads\/2018\/09\/ProGea4D_BIM_3-300x300.png 300w\" sizes=\"auto, (max-width: 339px) 100vw, 339px\" \/><\/div><div class=\"w-vwrapper usg_vwrapper_2 has_text_color align_center valign_middle\"><h2 class=\"w-post-elm post_title usg_post_title_2 has_text_color entry-title color_link_inherit\">Models 3D for BIM<\/h2><\/div><\/div>\t\t<\/div>\r\n\t\t\t<\/article>\r\n\t<article class=\"w-grid-item size_1x1 custom-link post-1743 us_portfolio type-us_portfolio status-publish has-post-thumbnail hentry us_portfolio_category-services-en\" data-id=\"1743\">\r\n\t\t<div class=\"w-grid-item-h\">\r\n\t\t\t\t\t\t\t<a href=\"http:\/\/progea4d.pl\/en\/services\/photogrammetry\/\" class=\"w-grid-item-anchor\" aria-label=\"Photogrammetry\"><\/a>\r\n\t\t\t\t\t\t<div class=\"w-vwrapper usg_vwrapper_1 align_center valign_middle\"><div class=\"w-post-elm post_image usg_post_image_1 stretched\"><img loading=\"lazy\" decoding=\"async\" width=\"339\" height=\"339\" src=\"https:\/\/progea4d.pl\/wp-content\/uploads\/2018\/09\/ProGea4D_fotogrametria_3.png\" class=\"attachment-full size-full wp-post-image\" alt=\"\" srcset=\"https:\/\/progea4d.pl\/wp-content\/uploads\/2018\/09\/ProGea4D_fotogrametria_3.png 339w, https:\/\/progea4d.pl\/wp-content\/uploads\/2018\/09\/ProGea4D_fotogrametria_3-150x150.png 150w, https:\/\/progea4d.pl\/wp-content\/uploads\/2018\/09\/ProGea4D_fotogrametria_3-300x300.png 300w\" sizes=\"auto, (max-width: 339px) 100vw, 339px\" \/><\/div><div class=\"w-vwrapper usg_vwrapper_2 has_text_color align_center valign_middle\"><h2 class=\"w-post-elm post_title usg_post_title_2 has_text_color entry-title color_link_inherit\">Photogrammetry<\/h2><\/div><\/div>\t\t<\/div>\r\n\t\t\t<\/article>\r\n\t<article class=\"w-grid-item size_1x1 custom-link post-1752 us_portfolio type-us_portfolio status-publish has-post-thumbnail hentry us_portfolio_category-services-en\" data-id=\"1752\">\r\n\t\t<div class=\"w-grid-item-h\">\r\n\t\t\t\t\t\t\t<a href=\"http:\/\/progea4d.pl\/en\/services\/urban-greenery\/\" class=\"w-grid-item-anchor\" aria-label=\"Urban greenery\"><\/a>\r\n\t\t\t\t\t\t<div class=\"w-vwrapper usg_vwrapper_1 align_center valign_middle\"><div class=\"w-post-elm post_image usg_post_image_1 stretched\"><img loading=\"lazy\" decoding=\"async\" width=\"339\" height=\"339\" src=\"https:\/\/progea4d.pl\/wp-content\/uploads\/2018\/09\/ProGea4D_zielen-miejska_3-06.png\" class=\"attachment-full size-full wp-post-image\" alt=\"\" srcset=\"https:\/\/progea4d.pl\/wp-content\/uploads\/2018\/09\/ProGea4D_zielen-miejska_3-06.png 339w, https:\/\/progea4d.pl\/wp-content\/uploads\/2018\/09\/ProGea4D_zielen-miejska_3-06-150x150.png 150w, https:\/\/progea4d.pl\/wp-content\/uploads\/2018\/09\/ProGea4D_zielen-miejska_3-06-300x300.png 300w\" sizes=\"auto, (max-width: 339px) 100vw, 339px\" \/><\/div><div class=\"w-vwrapper usg_vwrapper_2 has_text_color align_center valign_middle\"><h2 class=\"w-post-elm post_title usg_post_title_2 has_text_color entry-title color_link_inherit\">Urban greenery<\/h2><\/div><\/div>\t\t<\/div>\r\n\t\t\t<\/article>\r\n\t<article class=\"w-grid-item size_1x1 custom-link post-1760 us_portfolio type-us_portfolio status-publish has-post-thumbnail hentry us_portfolio_category-services-en\" data-id=\"1760\">\r\n\t\t<div class=\"w-grid-item-h\">\r\n\t\t\t\t\t\t\t<a href=\"http:\/\/progea4d.pl\/en\/services\/szkolenia\/\" class=\"w-grid-item-anchor\" aria-label=\"Training\"><\/a>\r\n\t\t\t\t\t\t<div class=\"w-vwrapper usg_vwrapper_1 align_center valign_middle\"><div class=\"w-post-elm post_image usg_post_image_1 stretched\"><img loading=\"lazy\" decoding=\"async\" width=\"339\" height=\"339\" src=\"https:\/\/progea4d.pl\/wp-content\/uploads\/2018\/09\/ProGea4D_szkolenia_5.png\" class=\"attachment-full size-full wp-post-image\" alt=\"\" srcset=\"https:\/\/progea4d.pl\/wp-content\/uploads\/2018\/09\/ProGea4D_szkolenia_5.png 339w, https:\/\/progea4d.pl\/wp-content\/uploads\/2018\/09\/ProGea4D_szkolenia_5-150x150.png 150w, https:\/\/progea4d.pl\/wp-content\/uploads\/2018\/09\/ProGea4D_szkolenia_5-300x300.png 300w\" sizes=\"auto, (max-width: 339px) 100vw, 339px\" \/><\/div><div class=\"w-vwrapper usg_vwrapper_2 has_text_color align_center valign_middle\"><h2 class=\"w-post-elm post_title usg_post_title_2 has_text_color entry-title color_link_inherit\">Training<\/h2><\/div><\/div>\t\t<\/div>\r\n\t\t\t<\/article>\r\n\t<article class=\"w-grid-item size_1x1 custom-link post-1764 us_portfolio type-us_portfolio status-publish has-post-thumbnail hentry us_portfolio_category-services-en\" data-id=\"1764\">\r\n\t\t<div class=\"w-grid-item-h\">\r\n\t\t\t\t\t\t\t<a href=\"http:\/\/progea4d.pl\/en\/services\/gis-and-rs-analysis\/\" class=\"w-grid-item-anchor\" aria-label=\"GIS and RS analysis\"><\/a>\r\n\t\t\t\t\t\t<div class=\"w-vwrapper usg_vwrapper_1 align_center valign_middle\"><div class=\"w-post-elm post_image usg_post_image_1 stretched\"><img loading=\"lazy\" decoding=\"async\" width=\"339\" height=\"339\" src=\"https:\/\/progea4d.pl\/wp-content\/uploads\/2018\/09\/ProGea4D_zobrazowania-satelitarne_5.png\" class=\"attachment-full size-full wp-post-image\" alt=\"\" srcset=\"https:\/\/progea4d.pl\/wp-content\/uploads\/2018\/09\/ProGea4D_zobrazowania-satelitarne_5.png 339w, https:\/\/progea4d.pl\/wp-content\/uploads\/2018\/09\/ProGea4D_zobrazowania-satelitarne_5-150x150.png 150w, https:\/\/progea4d.pl\/wp-content\/uploads\/2018\/09\/ProGea4D_zobrazowania-satelitarne_5-300x300.png 300w\" sizes=\"auto, (max-width: 339px) 100vw, 339px\" \/><\/div><div class=\"w-vwrapper usg_vwrapper_2 has_text_color align_center valign_middle\"><h2 class=\"w-post-elm post_title usg_post_title_2 has_text_color entry-title color_link_inherit\">GIS and RS analysis<\/h2><\/div><\/div>\t\t<\/div>\r\n\t\t\t<\/article>\r\n\t<article class=\"w-grid-item size_1x1 custom-link post-1768 us_portfolio type-us_portfolio status-publish has-post-thumbnail hentry us_portfolio_category-services-en\" data-id=\"1768\">\r\n\t\t<div class=\"w-grid-item-h\">\r\n\t\t\t\t\t\t\t<a href=\"http:\/\/progea4d.pl\/en\/services\/satellite-imagery\/\" class=\"w-grid-item-anchor\" aria-label=\"Satellite Imagery\"><\/a>\r\n\t\t\t\t\t\t<div class=\"w-vwrapper usg_vwrapper_1 align_center valign_middle\"><div class=\"w-post-elm post_image usg_post_image_1 stretched\"><img loading=\"lazy\" decoding=\"async\" width=\"339\" height=\"339\" src=\"https:\/\/progea4d.pl\/wp-content\/uploads\/2018\/09\/ProGea4D_teledetekcja_4.png\" class=\"attachment-full size-full wp-post-image\" alt=\"\" srcset=\"https:\/\/progea4d.pl\/wp-content\/uploads\/2018\/09\/ProGea4D_teledetekcja_4.png 339w, https:\/\/progea4d.pl\/wp-content\/uploads\/2018\/09\/ProGea4D_teledetekcja_4-150x150.png 150w, https:\/\/progea4d.pl\/wp-content\/uploads\/2018\/09\/ProGea4D_teledetekcja_4-300x300.png 300w\" sizes=\"auto, (max-width: 339px) 100vw, 339px\" \/><\/div><div class=\"w-vwrapper usg_vwrapper_2 has_text_color align_center valign_middle\"><h2 class=\"w-post-elm post_title usg_post_title_2 has_text_color entry-title color_link_inherit\">Satellite Imagery<\/h2><\/div><\/div>\t\t<\/div>\r\n\t\t\t<\/article>\r\n<\/div>\t<div class=\"w-grid-preloader\">\r\n\t\t<div class=\"g-preloader type_1\">\r\n\t\t\t<div><\/div>\r\n\t\t<\/div>\r\n\t<\/div>\r\n\t\t<div class=\"w-grid-json hidden\" onclick='return {&quot;action&quot;:&quot;us_ajax_grid&quot;,&quot;infinite_scroll&quot;:0,&quot;max_num_pages&quot;:1,&quot;pagination&quot;:&quot;none&quot;,&quot;template_vars&quot;:{&quot;columns&quot;:&quot;5&quot;,&quot;exclude_items&quot;:&quot;none&quot;,&quot;img_size&quot;:&quot;default&quot;,&quot;ignore_items_size&quot;:0,&quot;items_layout&quot;:&quot;801&quot;,&quot;items_offset&quot;:&quot;1&quot;,&quot;load_animation&quot;:&quot;none&quot;,&quot;overriding_link&quot;:&quot;%7B%22type%22%3A%22post%22%7D&quot;,&quot;post_id&quot;:0,&quot;query_args&quot;:{&quot;post_type&quot;:[&quot;us_portfolio&quot;],&quot;tax_query&quot;:[{&quot;taxonomy&quot;:&quot;us_portfolio_category&quot;,&quot;field&quot;:&quot;slug&quot;,&quot;terms&quot;:[&quot;uslugi&quot;]}],&quot;post_status&quot;:[&quot;publish&quot;,&quot;acf-disabled&quot;],&quot;posts_per_page&quot;:&quot;10&quot;},&quot;orderby_query_args&quot;:{&quot;orderby&quot;:{&quot;date&quot;:&quot;DESC&quot;}},&quot;type&quot;:&quot;grid&quot;,&quot;us_grid_post_type&quot;:&quot;us_portfolio&quot;,&quot;us_grid_ajax_index&quot;:1,&quot;us_grid_filter_query_string&quot;:null,&quot;us_grid_index&quot;:1,&quot;page_args&quot;:[],&quot;lang&quot;:&quot;en&quot;}}'><\/div>\r\n\t<\/div><\/div><\/div><\/div><\/div><\/div><\/section>\n","protected":false},"excerpt":{"rendered":"","protected":false},"author":1,"featured_media":0,"parent":0,"menu_order":0,"comment_status":"closed","ping_status":"closed","template":"","meta":{"_acf_changed":false,"_monsterinsights_skip_tracking":false,"_monsterinsights_sitenote_active":false,"_monsterinsights_sitenote_note":"","_monsterinsights_sitenote_category":0,"footnotes":""},"class_list":["post-1721","page","type-page","status-publish","hentry"],"acf":[],"yoast_head":"<!-- This site is optimized with the Yoast SEO plugin v27.4 - https:\/\/yoast.com\/product\/yoast-seo-wordpress\/ -->\n<title>Services - ProGea 4D<\/title>\n<meta name=\"description\" content=\"Od samego pocz\u0105tku dzia\u0142alno\u015bci, firma \u015bwiadczy us\u0142ugi na wysokim poziomie dzi\u0119ki wykwalifikowanej kadrze pracowniczej w sk\u0142ad, kt\u00f3rej wchodz\u0105 specjali\u015bci z bogatym do\u015bwiadczeniem zawodowym, z zakresu geoinformatyki, fotogrametrii, \u015brodowiska przyrodniczego, architektury krajobrazu.\" \/>\n<meta name=\"robots\" content=\"index, follow, max-snippet:-1, max-image-preview:large, max-video-preview:-1\" \/>\n<link rel=\"canonical\" href=\"https:\/\/progea4d.pl\/en\/services\/\" \/>\n<meta property=\"og:locale\" content=\"en_US\" \/>\n<meta property=\"og:type\" content=\"article\" \/>\n<meta property=\"og:title\" content=\"Services - ProGea 4D\" \/>\n<meta property=\"og:description\" content=\"Od samego pocz\u0105tku dzia\u0142alno\u015bci, firma \u015bwiadczy us\u0142ugi na wysokim poziomie dzi\u0119ki wykwalifikowanej kadrze pracowniczej w sk\u0142ad, kt\u00f3rej wchodz\u0105 specjali\u015bci z bogatym do\u015bwiadczeniem zawodowym, z zakresu geoinformatyki, fotogrametrii, \u015brodowiska przyrodniczego, architektury krajobrazu.\" \/>\n<meta property=\"og:url\" content=\"https:\/\/progea4d.pl\/en\/services\/\" \/>\n<meta property=\"og:site_name\" content=\"ProGea 4D\" \/>\n<meta property=\"article:publisher\" content=\"https:\/\/www.facebook.com\/progea4d\/\" \/>\n<meta property=\"article:modified_time\" content=\"2019-06-11T12:21:40+00:00\" \/>\n<meta name=\"twitter:card\" content=\"summary_large_image\" \/>\n<meta name=\"twitter:site\" content=\"@progea4d\" \/>\n<script type=\"application\/ld+json\" class=\"yoast-schema-graph\">{\"@context\":\"https:\\\/\\\/schema.org\",\"@graph\":[{\"@type\":\"WebPage\",\"@id\":\"https:\\\/\\\/progea4d.pl\\\/en\\\/services\\\/\",\"url\":\"https:\\\/\\\/progea4d.pl\\\/en\\\/services\\\/\",\"name\":\"Services - ProGea 4D\",\"isPartOf\":{\"@id\":\"https:\\\/\\\/progea4d.pl\\\/#website\"},\"datePublished\":\"2018-09-07T20:28:57+00:00\",\"dateModified\":\"2019-06-11T12:21:40+00:00\",\"description\":\"Od samego pocz\u0105tku dzia\u0142alno\u015bci, firma \u015bwiadczy us\u0142ugi na wysokim poziomie dzi\u0119ki wykwalifikowanej kadrze pracowniczej w sk\u0142ad, kt\u00f3rej wchodz\u0105 specjali\u015bci z bogatym do\u015bwiadczeniem zawodowym, z zakresu geoinformatyki, fotogrametrii, \u015brodowiska przyrodniczego, architektury krajobrazu.\",\"breadcrumb\":{\"@id\":\"https:\\\/\\\/progea4d.pl\\\/en\\\/services\\\/#breadcrumb\"},\"inLanguage\":\"en-US\",\"potentialAction\":[{\"@type\":\"ReadAction\",\"target\":[\"https:\\\/\\\/progea4d.pl\\\/en\\\/services\\\/\"]}]},{\"@type\":\"BreadcrumbList\",\"@id\":\"https:\\\/\\\/progea4d.pl\\\/en\\\/services\\\/#breadcrumb\",\"itemListElement\":[{\"@type\":\"ListItem\",\"position\":1,\"name\":\"Strona g\u0142\u00f3wna\",\"item\":\"https:\\\/\\\/progea4d.pl\\\/en\\\/\"},{\"@type\":\"ListItem\",\"position\":2,\"name\":\"Services\"}]},{\"@type\":\"WebSite\",\"@id\":\"https:\\\/\\\/progea4d.pl\\\/#website\",\"url\":\"https:\\\/\\\/progea4d.pl\\\/\",\"name\":\"ProGea 4D\",\"description\":\"GIS\\\/SIP, GPS, fotogrametria cyfrowa, teledetekcja, WebGIS, LiDAR, Geoportale\",\"publisher\":{\"@id\":\"https:\\\/\\\/progea4d.pl\\\/#organization\"},\"potentialAction\":[{\"@type\":\"SearchAction\",\"target\":{\"@type\":\"EntryPoint\",\"urlTemplate\":\"https:\\\/\\\/progea4d.pl\\\/?s={search_term_string}\"},\"query-input\":{\"@type\":\"PropertyValueSpecification\",\"valueRequired\":true,\"valueName\":\"search_term_string\"}}],\"inLanguage\":\"en-US\"},{\"@type\":\"Organization\",\"@id\":\"https:\\\/\\\/progea4d.pl\\\/#organization\",\"name\":\"ProGea 4D\",\"url\":\"https:\\\/\\\/progea4d.pl\\\/\",\"logo\":{\"@type\":\"ImageObject\",\"inLanguage\":\"en-US\",\"@id\":\"https:\\\/\\\/progea4d.pl\\\/#\\\/schema\\\/logo\\\/image\\\/\",\"url\":\"https:\\\/\\\/progea4d.pl\\\/wp-content\\\/uploads\\\/2018\\\/09\\\/logo-progea.png\",\"contentUrl\":\"https:\\\/\\\/progea4d.pl\\\/wp-content\\\/uploads\\\/2018\\\/09\\\/logo-progea.png\",\"width\":193,\"height\":60,\"caption\":\"ProGea 4D\"},\"image\":{\"@id\":\"https:\\\/\\\/progea4d.pl\\\/#\\\/schema\\\/logo\\\/image\\\/\"},\"sameAs\":[\"https:\\\/\\\/www.facebook.com\\\/progea4d\\\/\",\"https:\\\/\\\/x.com\\\/progea4d\",\"https:\\\/\\\/www.instagram.com\\\/progea_4d\\\/\",\"https:\\\/\\\/pl.linkedin.com\\\/company\\\/progea4d\"]}]}<\/script>\n<!-- \/ Yoast SEO plugin. -->","yoast_head_json":{"title":"Services - ProGea 4D","description":"Od samego pocz\u0105tku dzia\u0142alno\u015bci, firma \u015bwiadczy us\u0142ugi na wysokim poziomie dzi\u0119ki wykwalifikowanej kadrze pracowniczej w sk\u0142ad, kt\u00f3rej wchodz\u0105 specjali\u015bci z bogatym do\u015bwiadczeniem zawodowym, z zakresu geoinformatyki, fotogrametrii, \u015brodowiska przyrodniczego, architektury krajobrazu.","robots":{"index":"index","follow":"follow","max-snippet":"max-snippet:-1","max-image-preview":"max-image-preview:large","max-video-preview":"max-video-preview:-1"},"canonical":"https:\/\/progea4d.pl\/en\/services\/","og_locale":"en_US","og_type":"article","og_title":"Services - ProGea 4D","og_description":"Od samego pocz\u0105tku dzia\u0142alno\u015bci, firma \u015bwiadczy us\u0142ugi na wysokim poziomie dzi\u0119ki wykwalifikowanej kadrze pracowniczej w sk\u0142ad, kt\u00f3rej wchodz\u0105 specjali\u015bci z bogatym do\u015bwiadczeniem zawodowym, z zakresu geoinformatyki, fotogrametrii, \u015brodowiska przyrodniczego, architektury krajobrazu.","og_url":"https:\/\/progea4d.pl\/en\/services\/","og_site_name":"ProGea 4D","article_publisher":"https:\/\/www.facebook.com\/progea4d\/","article_modified_time":"2019-06-11T12:21:40+00:00","twitter_card":"summary_large_image","twitter_site":"@progea4d","schema":{"@context":"https:\/\/schema.org","@graph":[{"@type":"WebPage","@id":"https:\/\/progea4d.pl\/en\/services\/","url":"https:\/\/progea4d.pl\/en\/services\/","name":"Services - ProGea 4D","isPartOf":{"@id":"https:\/\/progea4d.pl\/#website"},"datePublished":"2018-09-07T20:28:57+00:00","dateModified":"2019-06-11T12:21:40+00:00","description":"Od samego pocz\u0105tku dzia\u0142alno\u015bci, firma \u015bwiadczy us\u0142ugi na wysokim poziomie dzi\u0119ki wykwalifikowanej kadrze pracowniczej w sk\u0142ad, kt\u00f3rej wchodz\u0105 specjali\u015bci z bogatym do\u015bwiadczeniem zawodowym, z zakresu geoinformatyki, fotogrametrii, \u015brodowiska przyrodniczego, architektury krajobrazu.","breadcrumb":{"@id":"https:\/\/progea4d.pl\/en\/services\/#breadcrumb"},"inLanguage":"en-US","potentialAction":[{"@type":"ReadAction","target":["https:\/\/progea4d.pl\/en\/services\/"]}]},{"@type":"BreadcrumbList","@id":"https:\/\/progea4d.pl\/en\/services\/#breadcrumb","itemListElement":[{"@type":"ListItem","position":1,"name":"Strona g\u0142\u00f3wna","item":"https:\/\/progea4d.pl\/en\/"},{"@type":"ListItem","position":2,"name":"Services"}]},{"@type":"WebSite","@id":"https:\/\/progea4d.pl\/#website","url":"https:\/\/progea4d.pl\/","name":"ProGea 4D","description":"GIS\/SIP, GPS, fotogrametria cyfrowa, teledetekcja, WebGIS, LiDAR, Geoportale","publisher":{"@id":"https:\/\/progea4d.pl\/#organization"},"potentialAction":[{"@type":"SearchAction","target":{"@type":"EntryPoint","urlTemplate":"https:\/\/progea4d.pl\/?s={search_term_string}"},"query-input":{"@type":"PropertyValueSpecification","valueRequired":true,"valueName":"search_term_string"}}],"inLanguage":"en-US"},{"@type":"Organization","@id":"https:\/\/progea4d.pl\/#organization","name":"ProGea 4D","url":"https:\/\/progea4d.pl\/","logo":{"@type":"ImageObject","inLanguage":"en-US","@id":"https:\/\/progea4d.pl\/#\/schema\/logo\/image\/","url":"https:\/\/progea4d.pl\/wp-content\/uploads\/2018\/09\/logo-progea.png","contentUrl":"https:\/\/progea4d.pl\/wp-content\/uploads\/2018\/09\/logo-progea.png","width":193,"height":60,"caption":"ProGea 4D"},"image":{"@id":"https:\/\/progea4d.pl\/#\/schema\/logo\/image\/"},"sameAs":["https:\/\/www.facebook.com\/progea4d\/","https:\/\/x.com\/progea4d","https:\/\/www.instagram.com\/progea_4d\/","https:\/\/pl.linkedin.com\/company\/progea4d"]}]}},"_links":{"self":[{"href":"https:\/\/progea4d.pl\/en\/wp-json\/wp\/v2\/pages\/1721","targetHints":{"allow":["GET"]}}],"collection":[{"href":"https:\/\/progea4d.pl\/en\/wp-json\/wp\/v2\/pages"}],"about":[{"href":"https:\/\/progea4d.pl\/en\/wp-json\/wp\/v2\/types\/page"}],"author":[{"embeddable":true,"href":"https:\/\/progea4d.pl\/en\/wp-json\/wp\/v2\/users\/1"}],"replies":[{"embeddable":true,"href":"https:\/\/progea4d.pl\/en\/wp-json\/wp\/v2\/comments?post=1721"}],"version-history":[{"count":10,"href":"https:\/\/progea4d.pl\/en\/wp-json\/wp\/v2\/pages\/1721\/revisions"}],"predecessor-version":[{"id":4113,"href":"https:\/\/progea4d.pl\/en\/wp-json\/wp\/v2\/pages\/1721\/revisions\/4113"}],"wp:attachment":[{"href":"https:\/\/progea4d.pl\/en\/wp-json\/wp\/v2\/media?parent=1721"}],"curies":[{"name":"wp","href":"https:\/\/api.w.org\/{rel}","templated":true}]}}