{"id":1742,"date":"2018-09-12T21:06:41","date_gmt":"2018-09-12T19:06:41","guid":{"rendered":"http:\/\/progea4d.pl\/services\/fotogrametria\/"},"modified":"2024-04-26T10:15:33","modified_gmt":"2024-04-26T08:15:33","slug":"photogrammetry","status":"publish","type":"page","link":"https:\/\/progea4d.pl\/en\/services\/photogrammetry\/","title":{"rendered":"Photogrammetry"},"content":{"rendered":"<section class=\"l-section wpb_row height_large\"><div class=\"l-section-h i-cf\"><div class=\"g-cols vc_row via_flex valign_top type_default stacking_default\"><div class=\"vc_col-sm-12 wpb_column vc_column_container\"><div class=\"vc_column-inner\"><div class=\"wpb_wrapper\"><div class=\"w-image align_none\"><div class=\"w-image-h\"><img decoding=\"async\" width=\"1600\" height=\"685\" src=\"https:\/\/progea4d.pl\/wp-content\/uploads\/2024\/04\/photogrammetry.jpg\" class=\"attachment-full size-full\" alt=\"ortofotomapa\" loading=\"lazy\" srcset=\"https:\/\/progea4d.pl\/wp-content\/uploads\/2024\/04\/photogrammetry.jpg 1600w, https:\/\/progea4d.pl\/wp-content\/uploads\/2024\/04\/photogrammetry-300x128.jpg 300w, https:\/\/progea4d.pl\/wp-content\/uploads\/2024\/04\/photogrammetry-1024x438.jpg 1024w, https:\/\/progea4d.pl\/wp-content\/uploads\/2024\/04\/photogrammetry-200x86.jpg 200w, https:\/\/progea4d.pl\/wp-content\/uploads\/2024\/04\/photogrammetry-600x257.jpg 600w, https:\/\/progea4d.pl\/wp-content\/uploads\/2024\/04\/photogrammetry-800x343.jpg 800w, https:\/\/progea4d.pl\/wp-content\/uploads\/2024\/04\/photogrammetry-400x171.jpg 400w\" sizes=\"auto, (max-width: 1600px) 100vw, 1600px\" \/><\/div><\/div><div class=\"w-separator size_medium\"><\/div><div class=\"wpb_text_column\"><div class=\"wpb_wrapper\"><h1 style=\"text-align: center;\"><strong>Orthophotos in Aerial Photogrammetry: A Key Role in Spatial Analysis<\/strong><\/h1>\n<\/div><\/div><div class=\"wpb_text_column us_custom_432d3f53\"><div class=\"wpb_wrapper\"><p>Aerial photogrammetry<strong> is a scientific and technical field that deals with the acquisition of geospatial data using aerial photographs. Over the past few years, it has played an increasingly important role in fields ranging from urban planning to environmental protection. One of the key products of aerial photogrammetry are orthophotos, which are invaluable tools in spatial analysis and planning.<\/strong><\/p>\n<\/div><\/div><div class=\"w-separator size_small\"><\/div><div class=\"wpb_text_column us_custom_432d3f53\"><div class=\"wpb_wrapper\"><h2><span style=\"color: #bf1e2e;\"><strong>What are orthophotos?<\/strong><\/span><\/h2>\n<p>Orthophotos<strong> are images obtained by transforming aerial photographs so that they are geometrically correct. This means that each point on the orthophoto has accurate spatial coordinates, which makes it possible to use them for spatial measurements and analysis. The process of creating orthophotos consists of several steps, including geometric correction, perspective removal and color correction.<\/strong><\/p>\n<\/div><\/div><div class=\"w-separator size_small\"><\/div><div class=\"wpb_text_column us_custom_432d3f53\"><div class=\"wpb_wrapper\"><h2><span style=\"color: #bf1e2e;\"><strong>Applications of orthophotos<\/strong><\/span><\/h2>\n<p>Orthophotos<strong> are used in many fields, including urban planning, environmental monitoring, agriculture, civil engineering, as well as archaeological and geological surveys. However, one of the most important applications of orthophotos is their use in spatial analysis. With orthophotos, it is possible to accurately measure the distance, area, shape and orientation of objects on the ground, which provides essential information for decision-making.<\/strong><\/p>\n<\/div><\/div><div class=\"w-separator size_small\"><\/div><div class=\"g-cols wpb_row via_flex valign_top type_default stacking_default\"><div class=\"vc_col-sm-6 wpb_column vc_column_container\"><div class=\"vc_column-inner\"><div class=\"wpb_wrapper\"><div class=\"wpb_text_column\"><div class=\"wpb_wrapper\"><h2><span style=\"color: #bf1e2e;\"><strong>Orthophotos in aerial photogrammetry<\/strong><\/span><\/h2>\n<p><strong>In aerial photogrammetry, <\/strong>orthophotos<strong> are an integral part of the aerial data processing process. Aerial photos are subjected to precise processing, resulting in orthophotos with high spatial resolution. <\/strong><\/p>\n<p><strong>These maps are then used for surveying, terrain change analysis, three-dimensional terrain modeling and many other spatial tasks.<\/strong><\/p>\n<\/div><\/div><\/div><\/div><\/div><div class=\"vc_col-sm-6 wpb_column vc_column_container\"><div class=\"vc_column-inner\"><div class=\"wpb_wrapper\"><div class=\"w-image align_none\"><div class=\"w-image-h\"><img decoding=\"async\" width=\"1024\" height=\"559\" src=\"https:\/\/progea4d.pl\/wp-content\/uploads\/2024\/04\/linie-energetyczne_na-strone-1-1024x559.jpg\" class=\"attachment-large size-large\" alt=\"ortofotomapa\" loading=\"lazy\" srcset=\"https:\/\/progea4d.pl\/wp-content\/uploads\/2024\/04\/linie-energetyczne_na-strone-1-1024x559.jpg 1024w, https:\/\/progea4d.pl\/wp-content\/uploads\/2024\/04\/linie-energetyczne_na-strone-1-300x164.jpg 300w, https:\/\/progea4d.pl\/wp-content\/uploads\/2024\/04\/linie-energetyczne_na-strone-1-200x109.jpg 200w, https:\/\/progea4d.pl\/wp-content\/uploads\/2024\/04\/linie-energetyczne_na-strone-1-600x328.jpg 600w, https:\/\/progea4d.pl\/wp-content\/uploads\/2024\/04\/linie-energetyczne_na-strone-1-800x437.jpg 800w, https:\/\/progea4d.pl\/wp-content\/uploads\/2024\/04\/linie-energetyczne_na-strone-1-366x200.jpg 366w, https:\/\/progea4d.pl\/wp-content\/uploads\/2024\/04\/linie-energetyczne_na-strone-1.jpg 1137w\" sizes=\"auto, (max-width: 1024px) 100vw, 1024px\" \/><\/div><\/div><\/div><\/div><\/div><\/div><div class=\"wpb_text_column\"><div class=\"wpb_wrapper\"><h2><span style=\"color: #bf1e2e;\"><strong>Advantages of orthophotos<\/strong><\/span><\/h2>\n<p><strong>There are many advantages to using orthophotos in spatial analysis. First, they provide accurate and reliable terrain information, which enables precise measurements and analysis. Second, orthophotos are easy to interpret, making it easier for users to quickly understand the spatial structure of the study area. In addition, orthophotos are updated frequently, allowing monitoring of changes over time.<\/strong><\/p>\n<\/div><\/div><div class=\"w-separator size_small\"><\/div><div class=\"wpb_text_column\"><div class=\"wpb_wrapper\"><h2><span style=\"color: #bf1e2e;\"><strong>Aerial photogrammetry: What do we offer?<\/strong><\/span><\/h2>\n<p><strong>We offer comprehensive studies in the field of widely understood photogrammetry. We prepare studies based primarily on aerial photos obtained with medium format cameras using the TerraPhoto software of the Terrasolid package. We have experience in the preparation of orthophotos with a 2 cm pixel and studies based on UAV technology.<\/strong><\/p>\n<\/div><\/div><div class=\"wpb_text_column text-justify h2-sp\"><div class=\"wpb_wrapper\"><h2><strong>Our projects<\/strong><\/h2>\n<\/div><\/div><div class=\"w-grid us_grid type_grid layout_447 cols_4 pagination_ajax preload_style_spinner\" id=\"us_grid_1\" style=\"--columns:4;--gap:5px;\" data-filterable=\"true\"><style>@media (max-width:1280px){#us_grid_1{--columns:3!important}}@media (max-width:1024px){#us_grid_1{--columns:2!important}}@media (max-width:600px){#us_grid_1{--columns:1!important}}.layout_447 .w-grid-item-h{}.layout_447 .usg_post_image_1{transition-duration:0.3s;transform:scale(1) translate(0%,0%)}.layout_447 .w-grid-item-h:focus-within .usg_post_image_1,.layout_447 .w-grid-item-h:hover .usg_post_image_1{transform:scale(1) translate(0%,0%);opacity:0.8500000000000001;background:#bf1e2e!important}.layout_447 .usg_post_image_1{width:100%!important;background:#bf1e2e!important}.layout_447 .usg_post_title_1{position:absolute!important;bottom:0!important;font-family:var(--h1-font-family)!important;font-size:12px!important;line-height:18px!important;color:#ffffff!important;width:100%!important;padding:10px!important;background:#bf1e2e!important}<\/style><div class=\"w-grid-list\">\t<article class=\"w-grid-item size_1x1 post-2377 post type-post status-publish format-standard has-post-thumbnail hentry category-fotogrametria-en\" data-id=\"2377\">\r\n\t\t<div class=\"w-grid-item-h\">\r\n\t\t\t\t\t\t<div class=\"w-post-elm post_image usg_post_image_1 has_width stretched\"><a href=\"https:\/\/progea4d.pl\/en\/powerlines-orthophotomaps\/\" aria-label=\"Powerlines \u2013 orthophotomaps\"><img loading=\"lazy\" decoding=\"async\" width=\"350\" height=\"350\" src=\"https:\/\/progea4d.pl\/wp-content\/uploads\/2018\/09\/005-1024x576-350x350.jpg\" class=\"attachment-us_350_350_crop size-us_350_350_crop wp-post-image\" alt=\"\" srcset=\"https:\/\/progea4d.pl\/wp-content\/uploads\/2018\/09\/005-1024x576-350x350.jpg 350w, https:\/\/progea4d.pl\/wp-content\/uploads\/2018\/09\/005-1024x576-150x150.jpg 150w\" sizes=\"auto, (max-width: 350px) 100vw, 350px\" \/><\/a><\/div><div class=\"w-post-elm post_title usg_post_title_1 text-center has_text_color entry-title color_link_inherit\"><a href=\"https:\/\/progea4d.pl\/en\/powerlines-orthophotomaps\/\">Powerlines \u2013 orthophotomaps<\/a><\/div>\t\t<\/div>\r\n\t\t\t<\/article>\r\n\t<article class=\"w-grid-item size_1x1 post-2380 post type-post status-publish format-standard has-post-thumbnail hentry category-fotogrametria-en category-skanowanie-laserowe-en\" data-id=\"2380\">\r\n\t\t<div class=\"w-grid-item-h\">\r\n\t\t\t\t\t\t<div class=\"w-post-elm post_image usg_post_image_1 has_width stretched\"><a href=\"https:\/\/progea4d.pl\/en\/the-kotelnica-bialczanska-ski-resort\/\" aria-label=\"The Kotelnica Bia\u0142cza\u0144ska Ski Resort\"><img loading=\"lazy\" decoding=\"async\" width=\"350\" height=\"350\" src=\"https:\/\/progea4d.pl\/wp-content\/uploads\/2018\/09\/shp_3-1024x576-1-350x350.jpg\" class=\"attachment-us_350_350_crop size-us_350_350_crop wp-post-image\" alt=\"\" srcset=\"https:\/\/progea4d.pl\/wp-content\/uploads\/2018\/09\/shp_3-1024x576-1-350x350.jpg 350w, https:\/\/progea4d.pl\/wp-content\/uploads\/2018\/09\/shp_3-1024x576-1-150x150.jpg 150w\" sizes=\"auto, (max-width: 350px) 100vw, 350px\" \/><\/a><\/div><div class=\"w-post-elm post_title usg_post_title_1 text-center has_text_color entry-title color_link_inherit\"><a href=\"https:\/\/progea4d.pl\/en\/the-kotelnica-bialczanska-ski-resort\/\">The Kotelnica Bia\u0142cza\u0144ska Ski Resort<\/a><\/div>\t\t<\/div>\r\n\t\t\t<\/article>\r\n\t<article class=\"w-grid-item size_1x1 post-2385 post type-post status-publish format-standard has-post-thumbnail hentry category-fotogrametria-en\" data-id=\"2385\">\r\n\t\t<div class=\"w-grid-item-h\">\r\n\t\t\t\t\t\t<div class=\"w-post-elm post_image usg_post_image_1 has_width stretched\"><a href=\"https:\/\/progea4d.pl\/en\/expressway-s1\/\" aria-label=\"Expressway S1\"><img loading=\"lazy\" decoding=\"async\" width=\"350\" height=\"350\" src=\"https:\/\/progea4d.pl\/wp-content\/uploads\/2018\/09\/zrzut-tytulowy-1024x683-350x350.jpg\" class=\"attachment-us_350_350_crop size-us_350_350_crop wp-post-image\" alt=\"\" srcset=\"https:\/\/progea4d.pl\/wp-content\/uploads\/2018\/09\/zrzut-tytulowy-1024x683-350x350.jpg 350w, https:\/\/progea4d.pl\/wp-content\/uploads\/2018\/09\/zrzut-tytulowy-1024x683-150x150.jpg 150w, https:\/\/progea4d.pl\/wp-content\/uploads\/2018\/09\/zrzut-tytulowy-1024x683-600x600.jpg 600w\" sizes=\"auto, (max-width: 350px) 100vw, 350px\" \/><\/a><\/div><div class=\"w-post-elm post_title usg_post_title_1 text-center has_text_color entry-title color_link_inherit\"><a href=\"https:\/\/progea4d.pl\/en\/expressway-s1\/\">Expressway S1<\/a><\/div>\t\t<\/div>\r\n\t\t\t<\/article>\r\n\t<article class=\"w-grid-item size_1x1 post-2394 post type-post status-publish format-standard has-post-thumbnail hentry category-fotogrametria-en category-skanowanie-laserowe-en\" data-id=\"2394\">\r\n\t\t<div class=\"w-grid-item-h\">\r\n\t\t\t\t\t\t<div class=\"w-post-elm post_image usg_post_image_1 has_width stretched\"><a href=\"https:\/\/progea4d.pl\/en\/skogssater\/\" aria-label=\"Skogss\u00e4ter\"><img loading=\"lazy\" decoding=\"async\" width=\"350\" height=\"350\" src=\"https:\/\/progea4d.pl\/wp-content\/uploads\/2018\/09\/008-1024x576-350x350.jpg\" class=\"attachment-us_350_350_crop size-us_350_350_crop wp-post-image\" alt=\"\" srcset=\"https:\/\/progea4d.pl\/wp-content\/uploads\/2018\/09\/008-1024x576-350x350.jpg 350w, https:\/\/progea4d.pl\/wp-content\/uploads\/2018\/09\/008-1024x576-150x150.jpg 150w\" sizes=\"auto, (max-width: 350px) 100vw, 350px\" \/><\/a><\/div><div class=\"w-post-elm post_title usg_post_title_1 text-center has_text_color entry-title color_link_inherit\"><a href=\"https:\/\/progea4d.pl\/en\/skogssater\/\">Skogss\u00e4ter<\/a><\/div>\t\t<\/div>\r\n\t\t\t<\/article>\r\n\t<article class=\"w-grid-item size_1x1 post-2396 post type-post status-publish format-standard has-post-thumbnail hentry category-fotogrametria-en category-skanowanie-laserowe-en\" data-id=\"2396\">\r\n\t\t<div class=\"w-grid-item-h\">\r\n\t\t\t\t\t\t<div class=\"w-post-elm post_image usg_post_image_1 has_width stretched\"><a href=\"https:\/\/progea4d.pl\/en\/joenkoeping\/\" aria-label=\"J\u00f6nk\u00f6ping\"><img loading=\"lazy\" decoding=\"async\" width=\"350\" height=\"350\" src=\"https:\/\/progea4d.pl\/wp-content\/uploads\/2018\/09\/modelechmura000-1024x576-350x350.jpg\" class=\"attachment-us_350_350_crop size-us_350_350_crop wp-post-image\" alt=\"\" srcset=\"https:\/\/progea4d.pl\/wp-content\/uploads\/2018\/09\/modelechmura000-1024x576-350x350.jpg 350w, https:\/\/progea4d.pl\/wp-content\/uploads\/2018\/09\/modelechmura000-1024x576-150x150.jpg 150w\" sizes=\"auto, (max-width: 350px) 100vw, 350px\" \/><\/a><\/div><div class=\"w-post-elm post_title usg_post_title_1 text-center has_text_color entry-title color_link_inherit\"><a href=\"https:\/\/progea4d.pl\/en\/joenkoeping\/\">J\u00f6nk\u00f6ping<\/a><\/div>\t\t<\/div>\r\n\t\t\t<\/article>\r\n<\/div>\t<div class=\"w-grid-preloader\">\r\n\t\t<div class=\"g-preloader type_1\">\r\n\t\t\t<div><\/div>\r\n\t\t<\/div>\r\n\t<\/div>\r\n\t\t<div class=\"w-grid-json hidden\" onclick='return {&quot;action&quot;:&quot;us_ajax_grid&quot;,&quot;infinite_scroll&quot;:0,&quot;max_num_pages&quot;:1,&quot;pagination&quot;:&quot;ajax&quot;,&quot;template_vars&quot;:{&quot;columns&quot;:&quot;4&quot;,&quot;exclude_items&quot;:&quot;none&quot;,&quot;img_size&quot;:&quot;default&quot;,&quot;ignore_items_size&quot;:0,&quot;items_layout&quot;:&quot;447&quot;,&quot;items_offset&quot;:&quot;1&quot;,&quot;load_animation&quot;:&quot;none&quot;,&quot;overriding_link&quot;:&quot;{\\&quot;url\\&quot;:\\&quot;\\&quot;}&quot;,&quot;post_id&quot;:0,&quot;query_args&quot;:{&quot;post_type&quot;:[&quot;post&quot;],&quot;tax_query&quot;:[{&quot;taxonomy&quot;:&quot;category&quot;,&quot;field&quot;:&quot;slug&quot;,&quot;terms&quot;:[&quot;fotogrametria&quot;]}],&quot;post_status&quot;:[&quot;publish&quot;,&quot;acf-disabled&quot;],&quot;posts_per_page&quot;:&quot;8&quot;},&quot;orderby_query_args&quot;:{&quot;orderby&quot;:{&quot;date&quot;:&quot;DESC&quot;}},&quot;type&quot;:&quot;grid&quot;,&quot;us_grid_post_type&quot;:&quot;post&quot;,&quot;us_grid_ajax_index&quot;:1,&quot;us_grid_filter_query_string&quot;:null,&quot;us_grid_index&quot;:1,&quot;page_args&quot;:[],&quot;lang&quot;:&quot;en&quot;}}'><\/div>\r\n\t<\/div><\/div><\/div><\/div><\/div><\/div><\/section>\n","protected":false},"excerpt":{"rendered":"Celem projektu by\u0142o opracowanie modeli 3D budynk\u00f3w na obszarze 56,4 km2 miasta J\u00f6nk\u00f6ping w Szwecji. Zam\u00f3wienie obejmowa\u0142o wykonanie 25 791 modeli na poziomie LOD 2 poszerzonym o mniejsze szczeg\u00f3\u0142y konstrukcji dach\u00f3w, jak kominy, lukarny. Wykonano klasyfikacj\u0119 chmury punkt\u00f3w ALS, nast\u0119pnie w oparciu o dostarczone zdj\u0119cia lotnicze opracowano prawdziw\u0105 ortofotomap\u0119 \u2013 true orthophoto o pikselu 10...","protected":false},"author":1,"featured_media":0,"parent":1721,"menu_order":0,"comment_status":"closed","ping_status":"closed","template":"","meta":{"_acf_changed":false,"_monsterinsights_skip_tracking":false,"_monsterinsights_sitenote_active":false,"_monsterinsights_sitenote_note":"","_monsterinsights_sitenote_category":0,"footnotes":""},"class_list":["post-1742","page","type-page","status-publish","hentry"],"acf":[],"yoast_head":"<!-- This site is optimized with the Yoast SEO plugin v27.4 - https:\/\/yoast.com\/product\/yoast-seo-wordpress\/ -->\n<title>Photogrammetry - ProGea 4D<\/title>\n<meta name=\"description\" content=\"Oferujemy kompleksowe opracowania z zakresu szeroko rozumianej fotogrametrii. Wykonujemy opracowania bazuj\u0105ce przede wszystkim na zdj\u0119ciach lotniczych pozyskanych za pomoc\u0105 kamer \u015brednioformatowych przy wykorzystaniu oprogramowania TerraPhoto pakietu Terrasolid.\" \/>\n<meta name=\"robots\" content=\"index, follow, max-snippet:-1, max-image-preview:large, max-video-preview:-1\" \/>\n<link rel=\"canonical\" href=\"https:\/\/progea4d.pl\/en\/services\/photogrammetry\/\" \/>\n<meta property=\"og:locale\" content=\"en_US\" \/>\n<meta property=\"og:type\" content=\"article\" \/>\n<meta property=\"og:title\" content=\"Photogrammetry - ProGea 4D\" \/>\n<meta property=\"og:description\" content=\"Oferujemy kompleksowe opracowania z zakresu szeroko rozumianej fotogrametrii. Wykonujemy opracowania bazuj\u0105ce przede wszystkim na zdj\u0119ciach lotniczych pozyskanych za pomoc\u0105 kamer \u015brednioformatowych przy wykorzystaniu oprogramowania TerraPhoto pakietu Terrasolid.\" \/>\n<meta property=\"og:url\" content=\"https:\/\/progea4d.pl\/en\/services\/photogrammetry\/\" \/>\n<meta property=\"og:site_name\" content=\"ProGea 4D\" \/>\n<meta property=\"article:publisher\" content=\"https:\/\/www.facebook.com\/progea4d\/\" \/>\n<meta property=\"article:modified_time\" content=\"2024-04-26T08:15:33+00:00\" \/>\n<meta name=\"twitter:card\" content=\"summary_large_image\" \/>\n<meta name=\"twitter:site\" content=\"@progea4d\" \/>\n<meta name=\"twitter:label1\" content=\"Est. reading time\" \/>\n\t<meta name=\"twitter:data1\" content=\"1 minute\" \/>\n<script type=\"application\/ld+json\" class=\"yoast-schema-graph\">{\"@context\":\"https:\\\/\\\/schema.org\",\"@graph\":[{\"@type\":\"WebPage\",\"@id\":\"https:\\\/\\\/progea4d.pl\\\/en\\\/services\\\/photogrammetry\\\/\",\"url\":\"https:\\\/\\\/progea4d.pl\\\/en\\\/services\\\/photogrammetry\\\/\",\"name\":\"Photogrammetry - ProGea 4D\",\"isPartOf\":{\"@id\":\"https:\\\/\\\/progea4d.pl\\\/#website\"},\"datePublished\":\"2018-09-12T19:06:41+00:00\",\"dateModified\":\"2024-04-26T08:15:33+00:00\",\"description\":\"Oferujemy kompleksowe opracowania z zakresu szeroko rozumianej fotogrametrii. Wykonujemy opracowania bazuj\u0105ce przede wszystkim na zdj\u0119ciach lotniczych pozyskanych za pomoc\u0105 kamer \u015brednioformatowych przy wykorzystaniu oprogramowania TerraPhoto pakietu Terrasolid.\",\"breadcrumb\":{\"@id\":\"https:\\\/\\\/progea4d.pl\\\/en\\\/services\\\/photogrammetry\\\/#breadcrumb\"},\"inLanguage\":\"en-US\",\"potentialAction\":[{\"@type\":\"ReadAction\",\"target\":[\"https:\\\/\\\/progea4d.pl\\\/en\\\/services\\\/photogrammetry\\\/\"]}]},{\"@type\":\"BreadcrumbList\",\"@id\":\"https:\\\/\\\/progea4d.pl\\\/en\\\/services\\\/photogrammetry\\\/#breadcrumb\",\"itemListElement\":[{\"@type\":\"ListItem\",\"position\":1,\"name\":\"Strona g\u0142\u00f3wna\",\"item\":\"https:\\\/\\\/progea4d.pl\\\/en\\\/\"},{\"@type\":\"ListItem\",\"position\":2,\"name\":\"Services\",\"item\":\"https:\\\/\\\/progea4d.pl\\\/en\\\/services\\\/\"},{\"@type\":\"ListItem\",\"position\":3,\"name\":\"Photogrammetry\"}]},{\"@type\":\"WebSite\",\"@id\":\"https:\\\/\\\/progea4d.pl\\\/#website\",\"url\":\"https:\\\/\\\/progea4d.pl\\\/\",\"name\":\"ProGea 4D\",\"description\":\"GIS\\\/SIP, GPS, fotogrametria cyfrowa, teledetekcja, WebGIS, LiDAR, Geoportale\",\"publisher\":{\"@id\":\"https:\\\/\\\/progea4d.pl\\\/#organization\"},\"potentialAction\":[{\"@type\":\"SearchAction\",\"target\":{\"@type\":\"EntryPoint\",\"urlTemplate\":\"https:\\\/\\\/progea4d.pl\\\/?s={search_term_string}\"},\"query-input\":{\"@type\":\"PropertyValueSpecification\",\"valueRequired\":true,\"valueName\":\"search_term_string\"}}],\"inLanguage\":\"en-US\"},{\"@type\":\"Organization\",\"@id\":\"https:\\\/\\\/progea4d.pl\\\/#organization\",\"name\":\"ProGea 4D\",\"url\":\"https:\\\/\\\/progea4d.pl\\\/\",\"logo\":{\"@type\":\"ImageObject\",\"inLanguage\":\"en-US\",\"@id\":\"https:\\\/\\\/progea4d.pl\\\/#\\\/schema\\\/logo\\\/image\\\/\",\"url\":\"https:\\\/\\\/progea4d.pl\\\/wp-content\\\/uploads\\\/2018\\\/09\\\/logo-progea.png\",\"contentUrl\":\"https:\\\/\\\/progea4d.pl\\\/wp-content\\\/uploads\\\/2018\\\/09\\\/logo-progea.png\",\"width\":193,\"height\":60,\"caption\":\"ProGea 4D\"},\"image\":{\"@id\":\"https:\\\/\\\/progea4d.pl\\\/#\\\/schema\\\/logo\\\/image\\\/\"},\"sameAs\":[\"https:\\\/\\\/www.facebook.com\\\/progea4d\\\/\",\"https:\\\/\\\/x.com\\\/progea4d\",\"https:\\\/\\\/www.instagram.com\\\/progea_4d\\\/\",\"https:\\\/\\\/pl.linkedin.com\\\/company\\\/progea4d\"]}]}<\/script>\n<!-- \/ Yoast SEO plugin. -->","yoast_head_json":{"title":"Photogrammetry - ProGea 4D","description":"Oferujemy kompleksowe opracowania z zakresu szeroko rozumianej fotogrametrii. Wykonujemy opracowania bazuj\u0105ce przede wszystkim na zdj\u0119ciach lotniczych pozyskanych za pomoc\u0105 kamer \u015brednioformatowych przy wykorzystaniu oprogramowania TerraPhoto pakietu Terrasolid.","robots":{"index":"index","follow":"follow","max-snippet":"max-snippet:-1","max-image-preview":"max-image-preview:large","max-video-preview":"max-video-preview:-1"},"canonical":"https:\/\/progea4d.pl\/en\/services\/photogrammetry\/","og_locale":"en_US","og_type":"article","og_title":"Photogrammetry - ProGea 4D","og_description":"Oferujemy kompleksowe opracowania z zakresu szeroko rozumianej fotogrametrii. Wykonujemy opracowania bazuj\u0105ce przede wszystkim na zdj\u0119ciach lotniczych pozyskanych za pomoc\u0105 kamer \u015brednioformatowych przy wykorzystaniu oprogramowania TerraPhoto pakietu Terrasolid.","og_url":"https:\/\/progea4d.pl\/en\/services\/photogrammetry\/","og_site_name":"ProGea 4D","article_publisher":"https:\/\/www.facebook.com\/progea4d\/","article_modified_time":"2024-04-26T08:15:33+00:00","twitter_card":"summary_large_image","twitter_site":"@progea4d","twitter_misc":{"Est. reading time":"1 minute"},"schema":{"@context":"https:\/\/schema.org","@graph":[{"@type":"WebPage","@id":"https:\/\/progea4d.pl\/en\/services\/photogrammetry\/","url":"https:\/\/progea4d.pl\/en\/services\/photogrammetry\/","name":"Photogrammetry - ProGea 4D","isPartOf":{"@id":"https:\/\/progea4d.pl\/#website"},"datePublished":"2018-09-12T19:06:41+00:00","dateModified":"2024-04-26T08:15:33+00:00","description":"Oferujemy kompleksowe opracowania z zakresu szeroko rozumianej fotogrametrii. Wykonujemy opracowania bazuj\u0105ce przede wszystkim na zdj\u0119ciach lotniczych pozyskanych za pomoc\u0105 kamer \u015brednioformatowych przy wykorzystaniu oprogramowania TerraPhoto pakietu Terrasolid.","breadcrumb":{"@id":"https:\/\/progea4d.pl\/en\/services\/photogrammetry\/#breadcrumb"},"inLanguage":"en-US","potentialAction":[{"@type":"ReadAction","target":["https:\/\/progea4d.pl\/en\/services\/photogrammetry\/"]}]},{"@type":"BreadcrumbList","@id":"https:\/\/progea4d.pl\/en\/services\/photogrammetry\/#breadcrumb","itemListElement":[{"@type":"ListItem","position":1,"name":"Strona g\u0142\u00f3wna","item":"https:\/\/progea4d.pl\/en\/"},{"@type":"ListItem","position":2,"name":"Services","item":"https:\/\/progea4d.pl\/en\/services\/"},{"@type":"ListItem","position":3,"name":"Photogrammetry"}]},{"@type":"WebSite","@id":"https:\/\/progea4d.pl\/#website","url":"https:\/\/progea4d.pl\/","name":"ProGea 4D","description":"GIS\/SIP, GPS, fotogrametria cyfrowa, teledetekcja, WebGIS, LiDAR, Geoportale","publisher":{"@id":"https:\/\/progea4d.pl\/#organization"},"potentialAction":[{"@type":"SearchAction","target":{"@type":"EntryPoint","urlTemplate":"https:\/\/progea4d.pl\/?s={search_term_string}"},"query-input":{"@type":"PropertyValueSpecification","valueRequired":true,"valueName":"search_term_string"}}],"inLanguage":"en-US"},{"@type":"Organization","@id":"https:\/\/progea4d.pl\/#organization","name":"ProGea 4D","url":"https:\/\/progea4d.pl\/","logo":{"@type":"ImageObject","inLanguage":"en-US","@id":"https:\/\/progea4d.pl\/#\/schema\/logo\/image\/","url":"https:\/\/progea4d.pl\/wp-content\/uploads\/2018\/09\/logo-progea.png","contentUrl":"https:\/\/progea4d.pl\/wp-content\/uploads\/2018\/09\/logo-progea.png","width":193,"height":60,"caption":"ProGea 4D"},"image":{"@id":"https:\/\/progea4d.pl\/#\/schema\/logo\/image\/"},"sameAs":["https:\/\/www.facebook.com\/progea4d\/","https:\/\/x.com\/progea4d","https:\/\/www.instagram.com\/progea_4d\/","https:\/\/pl.linkedin.com\/company\/progea4d"]}]}},"_links":{"self":[{"href":"https:\/\/progea4d.pl\/en\/wp-json\/wp\/v2\/pages\/1742","targetHints":{"allow":["GET"]}}],"collection":[{"href":"https:\/\/progea4d.pl\/en\/wp-json\/wp\/v2\/pages"}],"about":[{"href":"https:\/\/progea4d.pl\/en\/wp-json\/wp\/v2\/types\/page"}],"author":[{"embeddable":true,"href":"https:\/\/progea4d.pl\/en\/wp-json\/wp\/v2\/users\/1"}],"replies":[{"embeddable":true,"href":"https:\/\/progea4d.pl\/en\/wp-json\/wp\/v2\/comments?post=1742"}],"version-history":[{"count":12,"href":"https:\/\/progea4d.pl\/en\/wp-json\/wp\/v2\/pages\/1742\/revisions"}],"predecessor-version":[{"id":8673,"href":"https:\/\/progea4d.pl\/en\/wp-json\/wp\/v2\/pages\/1742\/revisions\/8673"}],"up":[{"embeddable":true,"href":"https:\/\/progea4d.pl\/en\/wp-json\/wp\/v2\/pages\/1721"}],"wp:attachment":[{"href":"https:\/\/progea4d.pl\/en\/wp-json\/wp\/v2\/media?parent=1742"}],"curies":[{"name":"wp","href":"https:\/\/api.w.org\/{rel}","templated":true}]}}