{"id":1763,"date":"2018-09-12T21:53:22","date_gmt":"2018-09-12T19:53:22","guid":{"rendered":"http:\/\/progea4d.pl\/services\/analizy-gis-i-teledetekcja\/"},"modified":"2019-06-03T19:13:10","modified_gmt":"2019-06-03T17:13:10","slug":"gis-and-rs-analysis","status":"publish","type":"page","link":"https:\/\/progea4d.pl\/en\/services\/gis-and-rs-analysis\/","title":{"rendered":"GIS and RS analysis"},"content":{"rendered":"<section class=\"l-section wpb_row height_large\"><div class=\"l-section-h i-cf\"><div class=\"g-cols vc_row via_flex valign_top type_default stacking_default\"><div class=\"vc_col-sm-12 wpb_column vc_column_container\"><div class=\"vc_column-inner\"><div class=\"wpb_wrapper\"><div class=\"wpb_text_column\"><div class=\"wpb_wrapper\"><h1>GIS and RS analysis<\/h1>\n<\/div><\/div><div class=\"wpb_text_column text-justify h2-sp\"><div class=\"wpb_wrapper\"><p>Our company offers the variety of analysis from GIS and RS scope. Nowadays, boundaries of possible analysis and implementation of that field is just imagination. The development of techniques is so dynamic, but we keep up to pace and we still broaden our ideas and variety of analysis to perform. We are open for your problems and ideas. Feel free to contact us!<\/p>\n<h2>Most popular analysis:<\/h2>\n<ul>\n<li>Land use classification based on satellite imagery,<\/li>\n<li>Vegetation condition analysis,<\/li>\n<li>Land use change detection,<\/li>\n<li>Terrain masses moves,<\/li>\n<li>Analysis on cost-effectiveness and route optimization,<\/li>\n<li>Optimization of investment localization,<\/li>\n<li>Flooding prognosis,<\/li>\n<li>Viewshed analysis,<\/li>\n<li>Map of the costs,<\/li>\n<li>Profiles creation,<\/li>\n<li>3D models creation,<\/li>\n<li>DEM, DTM and derived products<\/li>\n<li>Solar analysis,<\/li>\n<li>Aviation obstacles detection.<\/li>\n<\/ul>\n<h2>Our projects<\/h2>\n<\/div><\/div><div class=\"w-grid us_grid type_grid layout_447 cols_4 pagination_ajax preload_style_spinner\" id=\"us_grid_1\" style=\"--columns:4;--gap:5px;\" data-filterable=\"true\"><style>@media (max-width:1280px){#us_grid_1{--columns:3!important}}@media (max-width:1024px){#us_grid_1{--columns:2!important}}@media (max-width:600px){#us_grid_1{--columns:1!important}}.layout_447 .w-grid-item-h{}.layout_447 .usg_post_image_1{transition-duration:0.3s;transform:scale(1) translate(0%,0%)}.layout_447 .w-grid-item-h:focus-within .usg_post_image_1,.layout_447 .w-grid-item-h:hover .usg_post_image_1{transform:scale(1) translate(0%,0%);opacity:0.8500000000000001;background:#bf1e2e!important}.layout_447 .usg_post_image_1{width:100%!important;background:#bf1e2e!important}.layout_447 .usg_post_title_1{position:absolute!important;bottom:0!important;font-family:var(--h1-font-family)!important;font-size:12px!important;line-height:18px!important;color:#ffffff!important;width:100%!important;padding:10px!important;background:#bf1e2e!important}<\/style><div class=\"w-grid-list\">\t<article class=\"w-grid-item size_1x1 post-2345 post type-post status-publish format-standard has-post-thumbnail hentry category-ekspertyzy-przyrodnicze-en category-gis-and-rs-analysis category-zielen-miejska-en\" data-id=\"2345\">\r\n\t\t<div class=\"w-grid-item-h\">\r\n\t\t\t\t\t\t<div class=\"w-post-elm post_image usg_post_image_1 has_width stretched\"><a href=\"https:\/\/progea4d.pl\/en\/integrated-monitoring-system-of-spatial-data-to-improve-air-quality-in-krakow-monit-air\/\" aria-label=\"Integrated monitoring system of spatial data to improve air quality in Krak\u00f3w \u2013 MONIT-AIR\"><img loading=\"lazy\" decoding=\"async\" width=\"350\" height=\"350\" src=\"https:\/\/progea4d.pl\/wp-content\/uploads\/2018\/09\/MONIT-AIR_001-1024x683-350x350.jpg\" class=\"attachment-us_350_350_crop size-us_350_350_crop wp-post-image\" alt=\"\" srcset=\"https:\/\/progea4d.pl\/wp-content\/uploads\/2018\/09\/MONIT-AIR_001-1024x683-350x350.jpg 350w, https:\/\/progea4d.pl\/wp-content\/uploads\/2018\/09\/MONIT-AIR_001-1024x683-150x150.jpg 150w, https:\/\/progea4d.pl\/wp-content\/uploads\/2018\/09\/MONIT-AIR_001-1024x683-600x600.jpg 600w\" sizes=\"auto, (max-width: 350px) 100vw, 350px\" \/><\/a><\/div><div class=\"w-post-elm post_title usg_post_title_1 text-center has_text_color entry-title color_link_inherit\"><a href=\"https:\/\/progea4d.pl\/en\/integrated-monitoring-system-of-spatial-data-to-improve-air-quality-in-krakow-monit-air\/\">Integrated monitoring system of spatial data to improve air quality in Krak\u00f3w \u2013 MONIT-AIR<\/a><\/div>\t\t<\/div>\r\n\t\t\t<\/article>\r\n\t<article class=\"w-grid-item size_1x1 post-2233 post type-post status-publish format-standard has-post-thumbnail hentry category-gis-and-rs-analysis category-zobrazowanie-satelitarne-en\" data-id=\"2233\">\r\n\t\t<div class=\"w-grid-item-h\">\r\n\t\t\t\t\t\t<div class=\"w-post-elm post_image usg_post_image_1 has_width stretched\"><a href=\"https:\/\/progea4d.pl\/en\/salmar-sustainable-land-and-water-management-of-reservoir-catchments\/\" aria-label=\"SaLMaR \u2013 Sustainable Land and Water Management of Reservoir Catchments\"><img loading=\"lazy\" decoding=\"async\" width=\"350\" height=\"350\" src=\"https:\/\/progea4d.pl\/wp-content\/uploads\/2018\/09\/2012-10-15-12-31-48-350x350.jpg\" class=\"attachment-us_350_350_crop size-us_350_350_crop wp-post-image\" alt=\"\" srcset=\"https:\/\/progea4d.pl\/wp-content\/uploads\/2018\/09\/2012-10-15-12-31-48-350x350.jpg 350w, https:\/\/progea4d.pl\/wp-content\/uploads\/2018\/09\/2012-10-15-12-31-48-150x150.jpg 150w\" sizes=\"auto, (max-width: 350px) 100vw, 350px\" \/><\/a><\/div><div class=\"w-post-elm post_title usg_post_title_1 text-center has_text_color entry-title color_link_inherit\"><a href=\"https:\/\/progea4d.pl\/en\/salmar-sustainable-land-and-water-management-of-reservoir-catchments\/\">SaLMaR \u2013 Sustainable Land and Water Management of Reservoir Catchments<\/a><\/div>\t\t<\/div>\r\n\t\t\t<\/article>\r\n\t<article class=\"w-grid-item size_1x1 post-2240 post type-post status-publish format-standard has-post-thumbnail hentry category-gis-and-rs-analysis\" data-id=\"2240\">\r\n\t\t<div class=\"w-grid-item-h\">\r\n\t\t\t\t\t\t<div class=\"w-post-elm post_image usg_post_image_1 has_width stretched\"><a href=\"https:\/\/progea4d.pl\/en\/vistulastudy\/\" aria-label=\"VistulaStudy\"><img loading=\"lazy\" decoding=\"async\" width=\"350\" height=\"350\" src=\"https:\/\/progea4d.pl\/wp-content\/uploads\/2018\/09\/Vistula-350x350.png\" class=\"attachment-us_350_350_crop size-us_350_350_crop wp-post-image\" alt=\"\" srcset=\"https:\/\/progea4d.pl\/wp-content\/uploads\/2018\/09\/Vistula-350x350.png 350w, https:\/\/progea4d.pl\/wp-content\/uploads\/2018\/09\/Vistula-150x150.png 150w\" sizes=\"auto, (max-width: 350px) 100vw, 350px\" \/><\/a><\/div><div class=\"w-post-elm post_title usg_post_title_1 text-center has_text_color entry-title color_link_inherit\"><a href=\"https:\/\/progea4d.pl\/en\/vistulastudy\/\">VistulaStudy<\/a><\/div>\t\t<\/div>\r\n\t\t\t<\/article>\r\n<\/div>\t<div class=\"w-grid-preloader\">\r\n\t\t<div class=\"g-preloader type_1\">\r\n\t\t\t<div><\/div>\r\n\t\t<\/div>\r\n\t<\/div>\r\n\t\t<div class=\"w-grid-json hidden\" onclick='return {&quot;action&quot;:&quot;us_ajax_grid&quot;,&quot;infinite_scroll&quot;:0,&quot;max_num_pages&quot;:1,&quot;pagination&quot;:&quot;ajax&quot;,&quot;template_vars&quot;:{&quot;columns&quot;:&quot;4&quot;,&quot;exclude_items&quot;:&quot;none&quot;,&quot;img_size&quot;:&quot;default&quot;,&quot;ignore_items_size&quot;:0,&quot;items_layout&quot;:&quot;447&quot;,&quot;items_offset&quot;:&quot;1&quot;,&quot;load_animation&quot;:&quot;none&quot;,&quot;overriding_link&quot;:&quot;{\\&quot;url\\&quot;:\\&quot;\\&quot;}&quot;,&quot;post_id&quot;:0,&quot;query_args&quot;:{&quot;post_type&quot;:[&quot;post&quot;],&quot;tax_query&quot;:[{&quot;taxonomy&quot;:&quot;category&quot;,&quot;field&quot;:&quot;slug&quot;,&quot;terms&quot;:[&quot;analizy-gis-i-teledetekcja&quot;]}],&quot;post_status&quot;:[&quot;publish&quot;,&quot;acf-disabled&quot;],&quot;posts_per_page&quot;:&quot;8&quot;},&quot;orderby_query_args&quot;:{&quot;orderby&quot;:{&quot;date&quot;:&quot;DESC&quot;}},&quot;type&quot;:&quot;grid&quot;,&quot;us_grid_post_type&quot;:&quot;post&quot;,&quot;us_grid_ajax_index&quot;:1,&quot;us_grid_filter_query_string&quot;:null,&quot;us_grid_index&quot;:1,&quot;page_args&quot;:[],&quot;lang&quot;:&quot;en&quot;}}'><\/div>\r\n\t<\/div><\/div><\/div><\/div><\/div><\/div><\/section>\n","protected":false},"excerpt":{"rendered":"W ramach przygotowa\u0144 do budowy nowej zapory i hydroelektrowni na \u015brodkowym odcinku Wis\u0142y poni\u017cej W\u0142oc\u0142awka, na potrzeby tworzonej dokumentacji projektu \u015brodowiskowego Vistula Study (Ove Arup Polska), firma ProGea Consulting dostarczy\u0142a geodane i\u00a0bazuj\u0105ce na nich wyniki analiz przestrzennych GIS, dla obszaru P\u0142ock \u2013 W\u0142oc\u0142awek \u2013 Toru\u0144. Podstawowym produktem podlegaj\u0105cym przetwarzaniu by\u0142y wysokorozdzielcze, wielospektralne i wieloczasowe zobrazowania\u00a0RapidEye,...","protected":false},"author":1,"featured_media":0,"parent":1721,"menu_order":0,"comment_status":"closed","ping_status":"closed","template":"","meta":{"_acf_changed":false,"_monsterinsights_skip_tracking":false,"_monsterinsights_sitenote_active":false,"_monsterinsights_sitenote_note":"","_monsterinsights_sitenote_category":0,"footnotes":""},"class_list":["post-1763","page","type-page","status-publish","hentry"],"acf":[],"yoast_head":"<!-- This site is optimized with the Yoast SEO plugin v27.5 - https:\/\/yoast.com\/product\/yoast-seo-wordpress\/ -->\n<title>GIS and RS analysis - ProGea 4D<\/title>\n<meta name=\"description\" content=\"Our company offers the variety of analysis from GIS and RS scope. Nowadays, boundaries of possible analysis and implementation of that field is just imagination.\" \/>\n<meta name=\"robots\" content=\"index, follow, max-snippet:-1, max-image-preview:large, max-video-preview:-1\" \/>\n<link rel=\"canonical\" href=\"https:\/\/progea4d.pl\/en\/services\/gis-and-rs-analysis\/\" \/>\n<meta property=\"og:locale\" content=\"en_US\" \/>\n<meta property=\"og:type\" content=\"article\" \/>\n<meta property=\"og:title\" content=\"GIS and RS analysis - ProGea 4D\" \/>\n<meta property=\"og:description\" content=\"Our company offers the variety of analysis from GIS and RS scope. Nowadays, boundaries of possible analysis and implementation of that field is just imagination.\" \/>\n<meta property=\"og:url\" content=\"https:\/\/progea4d.pl\/en\/services\/gis-and-rs-analysis\/\" \/>\n<meta property=\"og:site_name\" content=\"ProGea 4D\" \/>\n<meta property=\"article:publisher\" content=\"https:\/\/www.facebook.com\/progea4d\/\" \/>\n<meta property=\"article:modified_time\" content=\"2019-06-03T17:13:10+00:00\" \/>\n<meta name=\"twitter:card\" content=\"summary_large_image\" \/>\n<meta name=\"twitter:site\" content=\"@progea4d\" \/>\n<meta name=\"twitter:label1\" content=\"Est. reading time\" \/>\n\t<meta name=\"twitter:data1\" content=\"1 minute\" \/>\n<script type=\"application\/ld+json\" class=\"yoast-schema-graph\">{\"@context\":\"https:\\\/\\\/schema.org\",\"@graph\":[{\"@type\":\"WebPage\",\"@id\":\"https:\\\/\\\/progea4d.pl\\\/en\\\/services\\\/gis-and-rs-analysis\\\/\",\"url\":\"https:\\\/\\\/progea4d.pl\\\/en\\\/services\\\/gis-and-rs-analysis\\\/\",\"name\":\"GIS and RS analysis - ProGea 4D\",\"isPartOf\":{\"@id\":\"https:\\\/\\\/progea4d.pl\\\/#website\"},\"datePublished\":\"2018-09-12T19:53:22+00:00\",\"dateModified\":\"2019-06-03T17:13:10+00:00\",\"description\":\"Our company offers the variety of analysis from GIS and RS scope. Nowadays, boundaries of possible analysis and implementation of that field is just imagination.\",\"breadcrumb\":{\"@id\":\"https:\\\/\\\/progea4d.pl\\\/en\\\/services\\\/gis-and-rs-analysis\\\/#breadcrumb\"},\"inLanguage\":\"en-US\",\"potentialAction\":[{\"@type\":\"ReadAction\",\"target\":[\"https:\\\/\\\/progea4d.pl\\\/en\\\/services\\\/gis-and-rs-analysis\\\/\"]}]},{\"@type\":\"BreadcrumbList\",\"@id\":\"https:\\\/\\\/progea4d.pl\\\/en\\\/services\\\/gis-and-rs-analysis\\\/#breadcrumb\",\"itemListElement\":[{\"@type\":\"ListItem\",\"position\":1,\"name\":\"Strona g\u0142\u00f3wna\",\"item\":\"https:\\\/\\\/progea4d.pl\\\/en\\\/\"},{\"@type\":\"ListItem\",\"position\":2,\"name\":\"Services\",\"item\":\"https:\\\/\\\/progea4d.pl\\\/en\\\/services\\\/\"},{\"@type\":\"ListItem\",\"position\":3,\"name\":\"GIS and RS analysis\"}]},{\"@type\":\"WebSite\",\"@id\":\"https:\\\/\\\/progea4d.pl\\\/#website\",\"url\":\"https:\\\/\\\/progea4d.pl\\\/\",\"name\":\"ProGea 4D\",\"description\":\"GIS\\\/SIP, GPS, fotogrametria cyfrowa, teledetekcja, WebGIS, LiDAR, Geoportale\",\"publisher\":{\"@id\":\"https:\\\/\\\/progea4d.pl\\\/#organization\"},\"potentialAction\":[{\"@type\":\"SearchAction\",\"target\":{\"@type\":\"EntryPoint\",\"urlTemplate\":\"https:\\\/\\\/progea4d.pl\\\/?s={search_term_string}\"},\"query-input\":{\"@type\":\"PropertyValueSpecification\",\"valueRequired\":true,\"valueName\":\"search_term_string\"}}],\"inLanguage\":\"en-US\"},{\"@type\":\"Organization\",\"@id\":\"https:\\\/\\\/progea4d.pl\\\/#organization\",\"name\":\"ProGea 4D\",\"url\":\"https:\\\/\\\/progea4d.pl\\\/\",\"logo\":{\"@type\":\"ImageObject\",\"inLanguage\":\"en-US\",\"@id\":\"https:\\\/\\\/progea4d.pl\\\/#\\\/schema\\\/logo\\\/image\\\/\",\"url\":\"https:\\\/\\\/progea4d.pl\\\/wp-content\\\/uploads\\\/2018\\\/09\\\/logo-progea.png\",\"contentUrl\":\"https:\\\/\\\/progea4d.pl\\\/wp-content\\\/uploads\\\/2018\\\/09\\\/logo-progea.png\",\"width\":193,\"height\":60,\"caption\":\"ProGea 4D\"},\"image\":{\"@id\":\"https:\\\/\\\/progea4d.pl\\\/#\\\/schema\\\/logo\\\/image\\\/\"},\"sameAs\":[\"https:\\\/\\\/www.facebook.com\\\/progea4d\\\/\",\"https:\\\/\\\/x.com\\\/progea4d\",\"https:\\\/\\\/www.instagram.com\\\/progea_4d\\\/\",\"https:\\\/\\\/pl.linkedin.com\\\/company\\\/progea4d\"]}]}<\/script>\n<!-- \/ Yoast SEO plugin. -->","yoast_head_json":{"title":"GIS and RS analysis - ProGea 4D","description":"Our company offers the variety of analysis from GIS and RS scope. Nowadays, boundaries of possible analysis and implementation of that field is just imagination.","robots":{"index":"index","follow":"follow","max-snippet":"max-snippet:-1","max-image-preview":"max-image-preview:large","max-video-preview":"max-video-preview:-1"},"canonical":"https:\/\/progea4d.pl\/en\/services\/gis-and-rs-analysis\/","og_locale":"en_US","og_type":"article","og_title":"GIS and RS analysis - ProGea 4D","og_description":"Our company offers the variety of analysis from GIS and RS scope. Nowadays, boundaries of possible analysis and implementation of that field is just imagination.","og_url":"https:\/\/progea4d.pl\/en\/services\/gis-and-rs-analysis\/","og_site_name":"ProGea 4D","article_publisher":"https:\/\/www.facebook.com\/progea4d\/","article_modified_time":"2019-06-03T17:13:10+00:00","twitter_card":"summary_large_image","twitter_site":"@progea4d","twitter_misc":{"Est. reading time":"1 minute"},"schema":{"@context":"https:\/\/schema.org","@graph":[{"@type":"WebPage","@id":"https:\/\/progea4d.pl\/en\/services\/gis-and-rs-analysis\/","url":"https:\/\/progea4d.pl\/en\/services\/gis-and-rs-analysis\/","name":"GIS and RS analysis - ProGea 4D","isPartOf":{"@id":"https:\/\/progea4d.pl\/#website"},"datePublished":"2018-09-12T19:53:22+00:00","dateModified":"2019-06-03T17:13:10+00:00","description":"Our company offers the variety of analysis from GIS and RS scope. Nowadays, boundaries of possible analysis and implementation of that field is just imagination.","breadcrumb":{"@id":"https:\/\/progea4d.pl\/en\/services\/gis-and-rs-analysis\/#breadcrumb"},"inLanguage":"en-US","potentialAction":[{"@type":"ReadAction","target":["https:\/\/progea4d.pl\/en\/services\/gis-and-rs-analysis\/"]}]},{"@type":"BreadcrumbList","@id":"https:\/\/progea4d.pl\/en\/services\/gis-and-rs-analysis\/#breadcrumb","itemListElement":[{"@type":"ListItem","position":1,"name":"Strona g\u0142\u00f3wna","item":"https:\/\/progea4d.pl\/en\/"},{"@type":"ListItem","position":2,"name":"Services","item":"https:\/\/progea4d.pl\/en\/services\/"},{"@type":"ListItem","position":3,"name":"GIS and RS analysis"}]},{"@type":"WebSite","@id":"https:\/\/progea4d.pl\/#website","url":"https:\/\/progea4d.pl\/","name":"ProGea 4D","description":"GIS\/SIP, GPS, fotogrametria cyfrowa, teledetekcja, WebGIS, LiDAR, Geoportale","publisher":{"@id":"https:\/\/progea4d.pl\/#organization"},"potentialAction":[{"@type":"SearchAction","target":{"@type":"EntryPoint","urlTemplate":"https:\/\/progea4d.pl\/?s={search_term_string}"},"query-input":{"@type":"PropertyValueSpecification","valueRequired":true,"valueName":"search_term_string"}}],"inLanguage":"en-US"},{"@type":"Organization","@id":"https:\/\/progea4d.pl\/#organization","name":"ProGea 4D","url":"https:\/\/progea4d.pl\/","logo":{"@type":"ImageObject","inLanguage":"en-US","@id":"https:\/\/progea4d.pl\/#\/schema\/logo\/image\/","url":"https:\/\/progea4d.pl\/wp-content\/uploads\/2018\/09\/logo-progea.png","contentUrl":"https:\/\/progea4d.pl\/wp-content\/uploads\/2018\/09\/logo-progea.png","width":193,"height":60,"caption":"ProGea 4D"},"image":{"@id":"https:\/\/progea4d.pl\/#\/schema\/logo\/image\/"},"sameAs":["https:\/\/www.facebook.com\/progea4d\/","https:\/\/x.com\/progea4d","https:\/\/www.instagram.com\/progea_4d\/","https:\/\/pl.linkedin.com\/company\/progea4d"]}]}},"_links":{"self":[{"href":"https:\/\/progea4d.pl\/en\/wp-json\/wp\/v2\/pages\/1763","targetHints":{"allow":["GET"]}}],"collection":[{"href":"https:\/\/progea4d.pl\/en\/wp-json\/wp\/v2\/pages"}],"about":[{"href":"https:\/\/progea4d.pl\/en\/wp-json\/wp\/v2\/types\/page"}],"author":[{"embeddable":true,"href":"https:\/\/progea4d.pl\/en\/wp-json\/wp\/v2\/users\/1"}],"replies":[{"embeddable":true,"href":"https:\/\/progea4d.pl\/en\/wp-json\/wp\/v2\/comments?post=1763"}],"version-history":[{"count":5,"href":"https:\/\/progea4d.pl\/en\/wp-json\/wp\/v2\/pages\/1763\/revisions"}],"predecessor-version":[{"id":6847,"href":"https:\/\/progea4d.pl\/en\/wp-json\/wp\/v2\/pages\/1763\/revisions\/6847"}],"up":[{"embeddable":true,"href":"https:\/\/progea4d.pl\/en\/wp-json\/wp\/v2\/pages\/1721"}],"wp:attachment":[{"href":"https:\/\/progea4d.pl\/en\/wp-json\/wp\/v2\/media?parent=1763"}],"curies":[{"name":"wp","href":"https:\/\/api.w.org\/{rel}","templated":true}]}}