{"id":1773,"date":"2018-09-15T19:03:44","date_gmt":"2018-09-15T17:03:44","guid":{"rendered":"http:\/\/progea4d.pl\/services\/satellite-imagery\/planet\/"},"modified":"2022-09-27T11:46:28","modified_gmt":"2022-09-27T09:46:28","slug":"planet","status":"publish","type":"page","link":"https:\/\/progea4d.pl\/en\/services\/satellite-imagery\/planet\/","title":{"rendered":"Planet"},"content":{"rendered":"<section class=\"l-section wpb_row height_large\"><div class=\"l-section-h i-cf\"><div class=\"g-cols vc_row via_flex valign_top type_default stacking_default\"><div class=\"vc_col-sm-12 wpb_column vc_column_container\"><div class=\"vc_column-inner\"><div class=\"wpb_wrapper\"><div class=\"wpb_text_column\"><div class=\"wpb_wrapper\"><h1>Planet<\/h1>\n<\/div><\/div><div class=\"w-separator size_medium\"><\/div><div class=\"w-grid us_grid type_grid layout_1269 cols_4 preload_style_spinner\" id=\"us_grid_1\" style=\"--columns:4;--gap:15px;\" data-filterable=\"true\"><style>@media (max-width:1280px){#us_grid_1{--columns:3!important}}@media (max-width:1024px){#us_grid_1{--columns:2!important}}@media (max-width:600px){#us_grid_1{--columns:1!important}}.layout_1269 .w-grid-item-h{}.layout_1269 .usg_post_content_1{transition-duration:0.6s;transform-origin:50% 50%;transform:scale(1) translate(0%,0%);opacity:0}.layout_1269 .w-grid-item-h:focus-within .usg_post_content_1,.layout_1269 .w-grid-item-h:hover .usg_post_content_1{transform:scale(1) translate(0%,0%);opacity:1}.layout_1269 .usg_post_image_1{transition-duration:0.6s;transform-origin:50% 50%;transform:scale(1) translate(0%,0%)}.layout_1269 .w-grid-item-h:focus-within .usg_post_image_1,.layout_1269 .w-grid-item-h:hover .usg_post_image_1{transform:scale(1) translate(0%,0%);opacity:0.4;background:#bf1e2e!important}.layout_1269 .usg_post_title_1{position:absolute!important;bottom:-20px!important;font-family:var(--h1-font-family)!important;font-size:16px!important;line-height:18px!important;color:#ffffff!important;width:100%!important;background:#bf1e2e!important;padding:15px 10px 15px 10px!important}.layout_1269 .usg_post_content_1{color:#ffffff!important;font-size:13px!important;line-height:18px!important}.layout_1269 .usg_post_image_1{border-top-width:1px!important;border-right-width:1px!important;border-left-width:1px!important;border-color:#bf1e2e!important;width:100%!important;border-top-style:solid!important;border-right-style:solid!important;border-left-style:solid!important;background:#bf1e2e!important}.layout_1269 .usg_vwrapper_1{width:100%!important;background:#000000!important}<\/style><div class=\"w-grid-list\">\t<article class=\"w-grid-item size_1x1 custom-link post-1778 us_portfolio type-us_portfolio status-publish has-post-thumbnail hentry us_portfolio_category-planet-en\" data-id=\"1778\">\r\n\t\t<div class=\"w-grid-item-h\">\r\n\t\t\t\t\t\t\t<a href=\"http:\/\/progea4d.pl\/en\/services\/satellite-imagery\/planet\/planetscope\/\" class=\"w-grid-item-anchor\" aria-label=\"PlanetScope SuperDove\"><\/a>\r\n\t\t\t\t\t\t<div class=\"w-vwrapper usg_vwrapper_1 align_center valign_top\"><div class=\"w-post-elm post_image usg_post_image_1 has_width stretched\"><img loading=\"lazy\" decoding=\"async\" width=\"600\" height=\"400\" src=\"https:\/\/progea4d.pl\/wp-content\/uploads\/2018\/09\/superdove.jpg\" class=\"attachment-full size-full wp-post-image\" alt=\"\" srcset=\"https:\/\/progea4d.pl\/wp-content\/uploads\/2018\/09\/superdove.jpg 600w, https:\/\/progea4d.pl\/wp-content\/uploads\/2018\/09\/superdove-300x200.jpg 300w, https:\/\/progea4d.pl\/wp-content\/uploads\/2018\/09\/superdove-200x133.jpg 200w\" sizes=\"auto, (max-width: 600px) 100vw, 600px\" \/><\/div><h3 class=\"w-post-elm post_title usg_post_title_1 text-center has_text_color entry-title color_link_inherit\">PlanetScope SuperDove<\/h3><\/div>\t\t<\/div>\r\n\t\t\t<\/article>\r\n\t<article class=\"w-grid-item size_1x1 custom-link post-1781 us_portfolio type-us_portfolio status-publish has-post-thumbnail hentry us_portfolio_category-planet-en\" data-id=\"1781\">\r\n\t\t<div class=\"w-grid-item-h\">\r\n\t\t\t\t\t\t\t<a href=\"http:\/\/progea4d.pl\/en\/services\/satellite-imagery\/planet\/rapideye\/\" class=\"w-grid-item-anchor\" aria-label=\"RapidEye\"><\/a>\r\n\t\t\t\t\t\t<div class=\"w-vwrapper usg_vwrapper_1 align_center valign_top\"><div class=\"w-post-elm post_image usg_post_image_1 has_width stretched\"><img loading=\"lazy\" decoding=\"async\" width=\"600\" height=\"400\" src=\"https:\/\/progea4d.pl\/wp-content\/uploads\/2018\/10\/RapidEye.png\" class=\"attachment-full size-full wp-post-image\" alt=\"\" srcset=\"https:\/\/progea4d.pl\/wp-content\/uploads\/2018\/10\/RapidEye.png 600w, https:\/\/progea4d.pl\/wp-content\/uploads\/2018\/10\/RapidEye-300x200.png 300w\" sizes=\"auto, (max-width: 600px) 100vw, 600px\" \/><\/div><h3 class=\"w-post-elm post_title usg_post_title_1 text-center has_text_color entry-title color_link_inherit\">RapidEye<\/h3><\/div>\t\t<\/div>\r\n\t\t\t<\/article>\r\n\t<article class=\"w-grid-item size_1x1 custom-link post-1787 us_portfolio type-us_portfolio status-publish has-post-thumbnail hentry us_portfolio_category-planet-en\" data-id=\"1787\">\r\n\t\t<div class=\"w-grid-item-h\">\r\n\t\t\t\t\t\t\t<a href=\"http:\/\/progea4d.pl\/en\/services\/satellite-imagery\/planet\/skysat\/\" class=\"w-grid-item-anchor\" aria-label=\"SkySat\"><\/a>\r\n\t\t\t\t\t\t<div class=\"w-vwrapper usg_vwrapper_1 align_center valign_top\"><div class=\"w-post-elm post_image usg_post_image_1 has_width stretched\"><img loading=\"lazy\" decoding=\"async\" width=\"600\" height=\"400\" src=\"https:\/\/progea4d.pl\/wp-content\/uploads\/2018\/09\/SkySat.png\" class=\"attachment-full size-full wp-post-image\" alt=\"\" srcset=\"https:\/\/progea4d.pl\/wp-content\/uploads\/2018\/09\/SkySat.png 600w, https:\/\/progea4d.pl\/wp-content\/uploads\/2018\/09\/SkySat-300x200.png 300w\" sizes=\"auto, (max-width: 600px) 100vw, 600px\" \/><\/div><h3 class=\"w-post-elm post_title usg_post_title_1 text-center has_text_color entry-title color_link_inherit\">SkySat<\/h3><\/div>\t\t<\/div>\r\n\t\t\t<\/article>\r\n<\/div>\t<div class=\"w-grid-preloader\">\r\n\t\t<div class=\"g-preloader type_1\">\r\n\t\t\t<div><\/div>\r\n\t\t<\/div>\r\n\t<\/div>\r\n\t\t<div class=\"w-grid-json hidden\" onclick='return {&quot;action&quot;:&quot;us_ajax_grid&quot;,&quot;infinite_scroll&quot;:0,&quot;max_num_pages&quot;:1,&quot;pagination&quot;:&quot;none&quot;,&quot;template_vars&quot;:{&quot;columns&quot;:&quot;4&quot;,&quot;exclude_items&quot;:&quot;none&quot;,&quot;img_size&quot;:&quot;default&quot;,&quot;ignore_items_size&quot;:0,&quot;items_layout&quot;:&quot;1269&quot;,&quot;items_offset&quot;:&quot;1&quot;,&quot;load_animation&quot;:&quot;none&quot;,&quot;overriding_link&quot;:&quot;%7B%22type%22%3A%22post%22%7D&quot;,&quot;post_id&quot;:0,&quot;query_args&quot;:{&quot;post_type&quot;:[&quot;us_portfolio&quot;],&quot;tax_query&quot;:[{&quot;taxonomy&quot;:&quot;us_portfolio_category&quot;,&quot;field&quot;:&quot;slug&quot;,&quot;terms&quot;:[&quot;planet&quot;]}],&quot;post_status&quot;:[&quot;publish&quot;,&quot;acf-disabled&quot;],&quot;posts_per_page&quot;:&quot;10&quot;},&quot;orderby_query_args&quot;:{&quot;orderby&quot;:{&quot;date&quot;:&quot;ASC&quot;}},&quot;type&quot;:&quot;grid&quot;,&quot;us_grid_post_type&quot;:&quot;us_portfolio&quot;,&quot;us_grid_ajax_index&quot;:1,&quot;us_grid_filter_query_string&quot;:null,&quot;us_grid_index&quot;:1,&quot;page_args&quot;:[],&quot;lang&quot;:&quot;en&quot;}}'><\/div>\r\n\t<\/div><\/div><\/div><\/div><\/div><\/div><\/section><section class=\"l-section wpb_row height_large\"><div class=\"l-section-h i-cf\"><div class=\"g-cols vc_row via_flex valign_top type_default stacking_default\"><div class=\"vc_col-sm-12 wpb_column vc_column_container\"><div class=\"vc_column-inner\"><div class=\"wpb_wrapper\"><div class=\"wpb_text_column\"><div class=\"wpb_wrapper\"><h1 style=\"text-align: left;\">Oferta edukacyjna Planet<\/h1>\n<p style=\"text-align: left;\"><div class=\"wpb_text_column text-justify h2-sp\"><div class=\"wpb_wrapper\"><\/div><\/div>Skierowana g\u0142\u00f3wnie do student\u00f3w, uczelni i grup badawczych.<\/p>\n<p>Obejmuje dost\u0119p do zr\u00f3\u017cnicowanych materia\u0142\u00f3w szkoleniowych, mo\u017cliwo\u015bci pobierania 5 tysi\u0119cy km<sup>2<\/sup> zobrazowa\u0144 PlanetScope, wsparcia technicznego jak r\u00f3wnie\u017c najnowszych informacji i publikacji naukowych zwi\u0105zanych z wykorzystaniem danych Planet.<\/p>\n<p>Poni\u017cej znajduje si\u0119 lista mo\u017cliwo\u015bci, kt\u00f3re zawiera oferta wraz z odno\u015bnikami:<\/p>\n<h3 style=\"text-align: center;\">FREE Basic Planet Program<\/h3>\n<p>Je\u015bli jeste\u015b studentem, absolwentem, pracownikiem uczelni i posiadasz uczelniane konto e-mail mo\u017cesz za\u0142o\u017cy\u0107 darmowe konto wype\u0142niaj\u0105c kr\u00f3tki formularz. Mo\u017cna uzyska\u0107 5 tysi\u0119cy km<sup>2<\/sup> do pobrania, odnawiaj\u0105ce si\u0119 co miesi\u0105c przez rok. Zarejestruj si\u0119 <a href=\"https:\/\/www.planet.com\/markets\/education-and-research\/\">tutaj<\/a>.<\/p>\n<h3 style=\"text-align: center;\">Planet University<\/h3>\n<p>Chcesz dowiedzie\u0107 si\u0119 wi\u0119cej na temat satelit wykorzystywanych przez Planet, zobaczy\u0107 jak mo\u017cna wykorzystywa\u0107 dane i w jaki spos\u00f3b je pobiera\u0107? Na stronie Planet University dost\u0119pne s\u0105 kursy, instrukcje po\u0142\u0105czenia Planet z programami typu ArcGis Pro lub QGIS, nauka wykorzystania danych i cz\u0119\u015b\u0107 sposob\u00f3w ich wykorzystania. <a href=\"https:\/\/university.planet.com\/\">Zobacz wi\u0119cej<\/a>.<\/p>\n<h3 style=\"text-align: center;\">Planet Community<\/h3>\n<p>Forum dyskusyjne, w kt\u00f3rym mo\u017cna szuka\u0107 odpowiedzi na swoje pytania, zadawa\u0107 je i odpowiada\u0107 innym.<\/p>\n<\/div><\/div><div class=\"g-cols wpb_row via_flex valign_top type_default stacking_default\"><div class=\"vc_col-sm-12 wpb_column vc_column_container\"><div class=\"vc_column-inner\"><div class=\"wpb_wrapper\"><\/div><\/div><\/div><\/div><div class=\"w-separator size_medium\"><\/div><div class=\"wpb_text_column text-justify h2-sp\"><div class=\"wpb_wrapper\"><h3 style=\"text-align: center;\">Technical Platform<\/h3>\n<p>Dokumentacja API, instrukcje, pomoce<\/p>\n<\/div><\/div><div class=\"g-cols wpb_row via_flex valign_top type_default stacking_default\"><div class=\"vc_col-sm-12 wpb_column vc_column_container\"><div class=\"vc_column-inner\"><div class=\"wpb_wrapper\"><\/div><\/div><\/div><\/div><div class=\"w-separator size_medium\"><\/div><div class=\"wpb_text_column text-justify h2-sp\"><div class=\"wpb_wrapper\"><h3 style=\"text-align: center;\">NICFI<\/h3>\n<p>Celem projektu NICFI (Norway&#8217;s International Climate &amp; Forests Initiative) jest dostarczenie dost\u0119pu do wysokorozdzielczych mozaik Planet, gotowych do analiz, kt\u00f3re mog\u0142yby pom\u00f3c w przeciwdzia\u0142aniu zmianom klimatycznym i wspomaga\u0142aby zachowanie bior\u00f3\u017cnorodno\u015bci w lasach tropikalnych.<\/p>\n<p>Dost\u0119pne jest przegl\u0105danie i pobieranie mozaik tropikalnych las\u00f3w z mo\u017cliwo\u015bci\u0105 integracji z ArcGisem lub QGISem.<\/p>\n<\/div><\/div><div class=\"g-cols wpb_row via_flex valign_top type_default stacking_default\"><div class=\"vc_col-sm-12 wpb_column vc_column_container\"><div class=\"vc_column-inner\"><div class=\"wpb_wrapper\"><\/div><\/div><\/div><\/div><div class=\"w-separator size_medium\"><\/div><div class=\"wpb_text_column text-justify h2-sp\"><div class=\"wpb_wrapper\"><h3 style=\"text-align: center;\">Esa Earthnet<\/h3>\n<p>Esa Earthnet Program zosta\u0142 zainicjowany w 1976 roku, jego celem jest budowanie spo\u0142eczno\u015bci naukowej zajmuj\u0105cej si\u0119 obserwacj\u0105 Ziemi. W ramach dzia\u0142a\u0144 niekomercyjnych mo\u017cna do\u0142\u0105czy\u0107 do Esa i wykorzystywa\u0107 mi\u0119dzy innymi dane PlaneScope, SkySat oraz dane archiwalne RapidEye do monitorowania grunt\u00f3w, bada\u0144 klimatycznych i globalnych zmian.<\/p>\n<\/div><\/div><div class=\"g-cols wpb_row via_flex valign_top type_default stacking_default\"><div class=\"vc_col-sm-12 wpb_column vc_column_container\"><div class=\"vc_column-inner\"><div class=\"wpb_wrapper\"><\/div><\/div><\/div><\/div><div class=\"w-separator size_medium\"><\/div><div class=\"wpb_text_column text-justify h2-sp\"><div class=\"wpb_wrapper\"><h3 style=\"text-align: center;\">Planet Science<\/h3>\n<p>Strona, kt\u00f3ra zawiera publikacje naukowe dotycz\u0105ce r\u00f3\u017cnych dziedzin przy wykorzystaniu danych Planet (trz\u0119sienia ziemi, fenologia, wulkany, hydrologia itp.)<\/p>\n<\/div><\/div><div class=\"g-cols wpb_row via_flex valign_top type_default stacking_default\"><div class=\"vc_col-sm-12 wpb_column vc_column_container\"><div class=\"vc_column-inner\"><div class=\"wpb_wrapper\"><\/div><\/div><\/div><\/div><div class=\"w-separator size_medium\"><\/div><div class=\"wpb_text_column text-justify h2-sp\"><div class=\"wpb_wrapper\"><h3 style=\"text-align: center;\">Newsletter<\/h3>\n<p>Rejestruj\u0105c si\u0119 uzyskuje si\u0119 dost\u0119p do co miesi\u0119cznej dawki nowinek naukowych i aktualnych publikacji.<\/p>\n<\/div><\/div><div class=\"g-cols wpb_row via_flex valign_top type_default stacking_default\"><div class=\"vc_col-sm-12 wpb_column vc_column_container\"><div class=\"vc_column-inner\"><div class=\"wpb_wrapper\"><\/div><\/div><\/div><\/div><div class=\"w-separator size_medium\"><\/div><div class=\"wpb_text_column text-justify h2-sp\"><div class=\"wpb_wrapper\"><\/div><\/div><\/div><\/div><\/div><\/div><\/div><\/section>\n","protected":false},"excerpt":{"rendered":"","protected":false},"author":1,"featured_media":0,"parent":1769,"menu_order":0,"comment_status":"closed","ping_status":"closed","template":"","meta":{"_acf_changed":false,"_monsterinsights_skip_tracking":false,"_monsterinsights_sitenote_active":false,"_monsterinsights_sitenote_note":"","_monsterinsights_sitenote_category":0,"footnotes":""},"class_list":["post-1773","page","type-page","status-publish","hentry"],"acf":[],"yoast_head":"<!-- This site is optimized with the Yoast SEO plugin v27.4 - https:\/\/yoast.com\/product\/yoast-seo-wordpress\/ -->\n<title>Planet - ProGea 4D<\/title>\n<meta name=\"robots\" content=\"index, follow, max-snippet:-1, max-image-preview:large, max-video-preview:-1\" \/>\n<link rel=\"canonical\" href=\"https:\/\/progea4d.pl\/en\/services\/satellite-imagery\/planet\/\" \/>\n<meta property=\"og:locale\" content=\"en_US\" \/>\n<meta property=\"og:type\" content=\"article\" \/>\n<meta property=\"og:title\" content=\"Planet - ProGea 4D\" \/>\n<meta property=\"og:url\" content=\"https:\/\/progea4d.pl\/en\/services\/satellite-imagery\/planet\/\" \/>\n<meta property=\"og:site_name\" content=\"ProGea 4D\" \/>\n<meta property=\"article:publisher\" content=\"https:\/\/www.facebook.com\/progea4d\/\" \/>\n<meta property=\"article:modified_time\" content=\"2022-09-27T09:46:28+00:00\" \/>\n<meta name=\"twitter:card\" content=\"summary_large_image\" \/>\n<meta name=\"twitter:site\" content=\"@progea4d\" \/>\n<meta name=\"twitter:label1\" content=\"Est. reading time\" \/>\n\t<meta name=\"twitter:data1\" content=\"4 minutes\" \/>\n<script type=\"application\/ld+json\" class=\"yoast-schema-graph\">{\"@context\":\"https:\\\/\\\/schema.org\",\"@graph\":[{\"@type\":\"WebPage\",\"@id\":\"https:\\\/\\\/progea4d.pl\\\/en\\\/services\\\/satellite-imagery\\\/planet\\\/\",\"url\":\"https:\\\/\\\/progea4d.pl\\\/en\\\/services\\\/satellite-imagery\\\/planet\\\/\",\"name\":\"Planet - ProGea 4D\",\"isPartOf\":{\"@id\":\"https:\\\/\\\/progea4d.pl\\\/#website\"},\"datePublished\":\"2018-09-15T17:03:44+00:00\",\"dateModified\":\"2022-09-27T09:46:28+00:00\",\"breadcrumb\":{\"@id\":\"https:\\\/\\\/progea4d.pl\\\/en\\\/services\\\/satellite-imagery\\\/planet\\\/#breadcrumb\"},\"inLanguage\":\"en-US\",\"potentialAction\":[{\"@type\":\"ReadAction\",\"target\":[\"https:\\\/\\\/progea4d.pl\\\/en\\\/services\\\/satellite-imagery\\\/planet\\\/\"]}]},{\"@type\":\"BreadcrumbList\",\"@id\":\"https:\\\/\\\/progea4d.pl\\\/en\\\/services\\\/satellite-imagery\\\/planet\\\/#breadcrumb\",\"itemListElement\":[{\"@type\":\"ListItem\",\"position\":1,\"name\":\"Strona g\u0142\u00f3wna\",\"item\":\"https:\\\/\\\/progea4d.pl\\\/en\\\/\"},{\"@type\":\"ListItem\",\"position\":2,\"name\":\"Services\",\"item\":\"https:\\\/\\\/progea4d.pl\\\/en\\\/services\\\/\"},{\"@type\":\"ListItem\",\"position\":3,\"name\":\"Satellite Imagery\",\"item\":\"https:\\\/\\\/progea4d.pl\\\/en\\\/services\\\/satellite-imagery\\\/\"},{\"@type\":\"ListItem\",\"position\":4,\"name\":\"Planet\"}]},{\"@type\":\"WebSite\",\"@id\":\"https:\\\/\\\/progea4d.pl\\\/#website\",\"url\":\"https:\\\/\\\/progea4d.pl\\\/\",\"name\":\"ProGea 4D\",\"description\":\"GIS\\\/SIP, GPS, fotogrametria cyfrowa, teledetekcja, WebGIS, LiDAR, Geoportale\",\"publisher\":{\"@id\":\"https:\\\/\\\/progea4d.pl\\\/#organization\"},\"potentialAction\":[{\"@type\":\"SearchAction\",\"target\":{\"@type\":\"EntryPoint\",\"urlTemplate\":\"https:\\\/\\\/progea4d.pl\\\/?s={search_term_string}\"},\"query-input\":{\"@type\":\"PropertyValueSpecification\",\"valueRequired\":true,\"valueName\":\"search_term_string\"}}],\"inLanguage\":\"en-US\"},{\"@type\":\"Organization\",\"@id\":\"https:\\\/\\\/progea4d.pl\\\/#organization\",\"name\":\"ProGea 4D\",\"url\":\"https:\\\/\\\/progea4d.pl\\\/\",\"logo\":{\"@type\":\"ImageObject\",\"inLanguage\":\"en-US\",\"@id\":\"https:\\\/\\\/progea4d.pl\\\/#\\\/schema\\\/logo\\\/image\\\/\",\"url\":\"https:\\\/\\\/progea4d.pl\\\/wp-content\\\/uploads\\\/2018\\\/09\\\/logo-progea.png\",\"contentUrl\":\"https:\\\/\\\/progea4d.pl\\\/wp-content\\\/uploads\\\/2018\\\/09\\\/logo-progea.png\",\"width\":193,\"height\":60,\"caption\":\"ProGea 4D\"},\"image\":{\"@id\":\"https:\\\/\\\/progea4d.pl\\\/#\\\/schema\\\/logo\\\/image\\\/\"},\"sameAs\":[\"https:\\\/\\\/www.facebook.com\\\/progea4d\\\/\",\"https:\\\/\\\/x.com\\\/progea4d\",\"https:\\\/\\\/www.instagram.com\\\/progea_4d\\\/\",\"https:\\\/\\\/pl.linkedin.com\\\/company\\\/progea4d\"]}]}<\/script>\n<!-- \/ Yoast SEO plugin. -->","yoast_head_json":{"title":"Planet - ProGea 4D","robots":{"index":"index","follow":"follow","max-snippet":"max-snippet:-1","max-image-preview":"max-image-preview:large","max-video-preview":"max-video-preview:-1"},"canonical":"https:\/\/progea4d.pl\/en\/services\/satellite-imagery\/planet\/","og_locale":"en_US","og_type":"article","og_title":"Planet - ProGea 4D","og_url":"https:\/\/progea4d.pl\/en\/services\/satellite-imagery\/planet\/","og_site_name":"ProGea 4D","article_publisher":"https:\/\/www.facebook.com\/progea4d\/","article_modified_time":"2022-09-27T09:46:28+00:00","twitter_card":"summary_large_image","twitter_site":"@progea4d","twitter_misc":{"Est. reading time":"4 minutes"},"schema":{"@context":"https:\/\/schema.org","@graph":[{"@type":"WebPage","@id":"https:\/\/progea4d.pl\/en\/services\/satellite-imagery\/planet\/","url":"https:\/\/progea4d.pl\/en\/services\/satellite-imagery\/planet\/","name":"Planet - ProGea 4D","isPartOf":{"@id":"https:\/\/progea4d.pl\/#website"},"datePublished":"2018-09-15T17:03:44+00:00","dateModified":"2022-09-27T09:46:28+00:00","breadcrumb":{"@id":"https:\/\/progea4d.pl\/en\/services\/satellite-imagery\/planet\/#breadcrumb"},"inLanguage":"en-US","potentialAction":[{"@type":"ReadAction","target":["https:\/\/progea4d.pl\/en\/services\/satellite-imagery\/planet\/"]}]},{"@type":"BreadcrumbList","@id":"https:\/\/progea4d.pl\/en\/services\/satellite-imagery\/planet\/#breadcrumb","itemListElement":[{"@type":"ListItem","position":1,"name":"Strona g\u0142\u00f3wna","item":"https:\/\/progea4d.pl\/en\/"},{"@type":"ListItem","position":2,"name":"Services","item":"https:\/\/progea4d.pl\/en\/services\/"},{"@type":"ListItem","position":3,"name":"Satellite Imagery","item":"https:\/\/progea4d.pl\/en\/services\/satellite-imagery\/"},{"@type":"ListItem","position":4,"name":"Planet"}]},{"@type":"WebSite","@id":"https:\/\/progea4d.pl\/#website","url":"https:\/\/progea4d.pl\/","name":"ProGea 4D","description":"GIS\/SIP, GPS, fotogrametria cyfrowa, teledetekcja, WebGIS, LiDAR, Geoportale","publisher":{"@id":"https:\/\/progea4d.pl\/#organization"},"potentialAction":[{"@type":"SearchAction","target":{"@type":"EntryPoint","urlTemplate":"https:\/\/progea4d.pl\/?s={search_term_string}"},"query-input":{"@type":"PropertyValueSpecification","valueRequired":true,"valueName":"search_term_string"}}],"inLanguage":"en-US"},{"@type":"Organization","@id":"https:\/\/progea4d.pl\/#organization","name":"ProGea 4D","url":"https:\/\/progea4d.pl\/","logo":{"@type":"ImageObject","inLanguage":"en-US","@id":"https:\/\/progea4d.pl\/#\/schema\/logo\/image\/","url":"https:\/\/progea4d.pl\/wp-content\/uploads\/2018\/09\/logo-progea.png","contentUrl":"https:\/\/progea4d.pl\/wp-content\/uploads\/2018\/09\/logo-progea.png","width":193,"height":60,"caption":"ProGea 4D"},"image":{"@id":"https:\/\/progea4d.pl\/#\/schema\/logo\/image\/"},"sameAs":["https:\/\/www.facebook.com\/progea4d\/","https:\/\/x.com\/progea4d","https:\/\/www.instagram.com\/progea_4d\/","https:\/\/pl.linkedin.com\/company\/progea4d"]}]}},"_links":{"self":[{"href":"https:\/\/progea4d.pl\/en\/wp-json\/wp\/v2\/pages\/1773","targetHints":{"allow":["GET"]}}],"collection":[{"href":"https:\/\/progea4d.pl\/en\/wp-json\/wp\/v2\/pages"}],"about":[{"href":"https:\/\/progea4d.pl\/en\/wp-json\/wp\/v2\/types\/page"}],"author":[{"embeddable":true,"href":"https:\/\/progea4d.pl\/en\/wp-json\/wp\/v2\/users\/1"}],"replies":[{"embeddable":true,"href":"https:\/\/progea4d.pl\/en\/wp-json\/wp\/v2\/comments?post=1773"}],"version-history":[{"count":14,"href":"https:\/\/progea4d.pl\/en\/wp-json\/wp\/v2\/pages\/1773\/revisions"}],"predecessor-version":[{"id":7234,"href":"https:\/\/progea4d.pl\/en\/wp-json\/wp\/v2\/pages\/1773\/revisions\/7234"}],"up":[{"embeddable":true,"href":"https:\/\/progea4d.pl\/en\/wp-json\/wp\/v2\/pages\/1769"}],"wp:attachment":[{"href":"https:\/\/progea4d.pl\/en\/wp-json\/wp\/v2\/media?parent=1773"}],"curies":[{"name":"wp","href":"https:\/\/api.w.org\/{rel}","templated":true}]}}