{"id":1782,"date":"2018-09-15T20:00:32","date_gmt":"2018-09-15T18:00:32","guid":{"rendered":"http:\/\/progea4d.pl\/services\/satellite-imagery\/planet\/rapideye\/"},"modified":"2022-12-09T11:17:11","modified_gmt":"2022-12-09T10:17:11","slug":"rapideye","status":"publish","type":"page","link":"https:\/\/progea4d.pl\/en\/services\/satellite-imagery\/planet\/rapideye\/","title":{"rendered":"RapidEye"},"content":{"rendered":"<section class=\"l-section wpb_row height_large\"><div class=\"l-section-h i-cf\"><div class=\"g-cols vc_row via_flex valign_top type_default stacking_default\"><div class=\"vc_col-sm-12 wpb_column vc_column_container\"><div class=\"vc_column-inner\"><div class=\"wpb_wrapper\"><div class=\"wpb_text_column\"><div class=\"wpb_wrapper\"><h1>RapidEye<\/h1>\n<\/div><\/div><div class=\"g-cols wpb_row via_flex valign_top type_default stacking_default\"><div class=\"vc_col-sm-8 wpb_column vc_column_container text-justify\"><div class=\"vc_column-inner\"><div class=\"wpb_wrapper\"><div class=\"wpb_text_column text-justify\"><div class=\"wpb_wrapper\"><p><b>RapidEye\u00a0<\/b>to konstelacja 5 identycznych satelit\u00f3w umieszczonych na wsp\u00f3lnej orbicie na wysoko\u015bci 630 km. Satelity dostarcza\u0142y zobrazowania o rozdzielczo\u015bci 5 m rejestrowane w 5 zakresach spektralnych. Szeroki pas rejestracji oraz wysoka rozdzielczo\u015b\u0107 spektralna (3 kana\u0142y widzialne i 2 podczerwone) i przestrzenna zapewnia zobrazowania ogromnych powierzchni w po\u0142\u0105czeniu z kr\u00f3tkim czasem rewizyty. Satelity RapidEye obrazowa\u0142y dziennie 5 mln km<sup>2<\/sup>. Dane z RapidEye przesta\u0142y by\u0107 pozyskiwane w 2020 roku.<\/p>\n<\/div><\/div><\/div><\/div><\/div><div class=\"vc_col-sm-4 wpb_column vc_column_container\"><div class=\"vc_column-inner\"><div class=\"wpb_wrapper\"><div class=\"w-image align_center\"><div class=\"w-image-h\"><img decoding=\"async\" width=\"600\" height=\"400\" src=\"https:\/\/progea4d.pl\/wp-content\/uploads\/2018\/10\/RapidEye.png\" class=\"attachment-full size-full\" alt=\"\" loading=\"lazy\" srcset=\"https:\/\/progea4d.pl\/wp-content\/uploads\/2018\/10\/RapidEye.png 600w, https:\/\/progea4d.pl\/wp-content\/uploads\/2018\/10\/RapidEye-300x200.png 300w\" sizes=\"auto, (max-width: 600px) 100vw, 600px\" \/><\/div><\/div><\/div><\/div><\/div><\/div><div class=\"wpb_text_column text-justify h2-sp\"><div class=\"wpb_wrapper\"><h2>Produkty firmy s\u0105 dost\u0119pne w trzech formach r\u00f3\u017cni\u0105cych si\u0119 stopniem przetworzenia:<\/h2>\n<ul>\n<li>Produkt podstawowy (1B) \u2013 poprawny radiometrycznie i sensorycznie, nieprzetworzony. Produkt posiada pe\u0142ne metadane, przeznaczony jest do samodzielnej ortorektyfikacji i dalszych analiz.<\/li>\n<li>Produkt Ortho (3A) \u2013 arkusz o wymiarach 25\u00d725 km, poddany korekcji radiometrycznej, sensorycznej i geometrycznej. Dok\u0142adno\u015b\u0107 zale\u017cy od jako\u015bci punkt\u00f3w dostosowania oraz numerycznego modelu terenu. Produkt przeznaczony do wizualizacji i analiz przestrzennych.<\/li>\n<li>Produkt Ortho Take (3B) \u2013 rozszerza jako\u015b\u0107 i u\u017cyteczno\u015b\u0107 produktu Ortho wykorzystuj\u0105c obrazy multispektralne optymalnie do siebie dopasowane. Produkt 3B to pe\u0142nowymiarowa scena, dok\u0142adnie doci\u0119ta, skorygowana i wpasowana wykorzystuj\u0105ca minimaln\u0105 ilo\u015b\u0107 scen.<\/li>\n<\/ul>\n<h2>Specyfikacja<\/h2>\n<\/div><\/div><div class=\"g-cols wpb_row specyfikacja via_flex valign_middle type_default stacking_default\"><div class=\"vc_col-sm-4 wpb_column vc_column_container pierwsza-kol\"><div class=\"vc_column-inner\"><div class=\"wpb_wrapper\"><div class=\"wpb_text_column\"><div class=\"wpb_wrapper\"><p>Rozdzielczo\u015b\u0107 przestrzenna (GSD)<\/p>\n<\/div><\/div><\/div><\/div><\/div><div class=\"vc_col-sm-4 wpb_column vc_column_container druga-kol\"><div class=\"vc_column-inner\"><div class=\"wpb_wrapper\"><div class=\"wpb_text_column\"><div class=\"wpb_wrapper\"><p>6,5 m<\/p>\n<\/div><\/div><\/div><\/div><\/div><\/div><div class=\"g-cols wpb_row specyfikacja via_flex valign_middle type_default stacking_default\"><div class=\"vc_col-sm-4 wpb_column vc_column_container pierwsza-kol\"><div class=\"vc_column-inner\"><div class=\"wpb_wrapper\"><div class=\"wpb_text_column\"><div class=\"wpb_wrapper\"><p>Kana\u0142y spektralne<\/p>\n<\/div><\/div><\/div><\/div><\/div><div class=\"vc_col-sm-8 wpb_column vc_column_container druga-kol\"><div class=\"vc_column-inner\"><div class=\"wpb_wrapper\"><div class=\"wpb_text_column\"><div class=\"wpb_wrapper\"><p>Red: 630-685 nm<br \/>\nGreen: 520-590 nm<br \/>\nBlue: 440-510 nm<br \/>\nRed Edge: 690-730 nm<br \/>\nNIR: 760-850 nm<\/p>\n<\/div><\/div><\/div><\/div><\/div><\/div><div class=\"g-cols wpb_row specyfikacja via_flex valign_middle type_default stacking_default\"><div class=\"vc_col-sm-4 wpb_column vc_column_container pierwsza-kol\"><div class=\"vc_column-inner\"><div class=\"wpb_wrapper\"><div class=\"wpb_text_column\"><div class=\"wpb_wrapper\"><p>Czas rewizyty<\/p>\n<\/div><\/div><\/div><\/div><\/div><div class=\"vc_col-sm-8 wpb_column vc_column_container druga-kol\"><div class=\"vc_column-inner\"><div class=\"wpb_wrapper\"><div class=\"wpb_text_column\"><div class=\"wpb_wrapper\"><p>1 dzie\u0144<\/p>\n<\/div><\/div><\/div><\/div><\/div><\/div><div class=\"g-cols wpb_row specyfikacja via_flex valign_middle type_default stacking_default\"><div class=\"vc_col-sm-4 wpb_column vc_column_container pierwsza-kol\"><div class=\"vc_column-inner\"><div class=\"wpb_wrapper\"><div class=\"wpb_text_column\"><div class=\"wpb_wrapper\"><p>Dzienna rejestracja<\/p>\n<\/div><\/div><\/div><\/div><\/div><div class=\"vc_col-sm-8 wpb_column vc_column_container druga-kol\"><div class=\"vc_column-inner\"><div class=\"wpb_wrapper\"><div class=\"wpb_text_column\"><div class=\"wpb_wrapper\"><p>6 000 000 km<sup>2<\/sup><\/p>\n<\/div><\/div><\/div><\/div><\/div><\/div><div class=\"g-cols wpb_row specyfikacja ostatanie via_flex valign_middle type_default stacking_default\"><div class=\"vc_col-sm-4 wpb_column vc_column_container pierwsza-kol\"><div class=\"vc_column-inner\"><div class=\"wpb_wrapper\"><div class=\"wpb_text_column\"><div class=\"wpb_wrapper\"><p>Rozdzielczo\u015b\u0107 radiometryczna<\/p>\n<\/div><\/div><\/div><\/div><\/div><div class=\"vc_col-sm-8 wpb_column vc_column_container druga-kol\"><div class=\"vc_column-inner\"><div class=\"wpb_wrapper\"><div class=\"wpb_text_column\"><div class=\"wpb_wrapper\"><p>12 bit\u00f3w<\/p>\n<\/div><\/div><\/div><\/div><\/div><\/div><div class=\"g-cols wpb_row specyfikacja via_flex valign_middle type_default stacking_default\"><div class=\"vc_col-sm-4 wpb_column vc_column_container pierwsza-kol\"><div class=\"vc_column-inner\"><div class=\"wpb_wrapper\"><div class=\"wpb_text_column\"><div class=\"wpb_wrapper\"><p>Strona internetowa:<\/p>\n<\/div><\/div><\/div><\/div><\/div><div class=\"vc_col-sm-4 wpb_column vc_column_container druga-kol\"><div class=\"vc_column-inner\"><div class=\"wpb_wrapper\"><div class=\"wpb_text_column\"><div class=\"wpb_wrapper\"><p><a href=\"https:\/\/www.planet.com\/\">https:\/\/www.planet.com\/<\/a><\/p>\n<\/div><\/div><\/div><\/div><\/div><\/div><div class=\"g-cols wpb_row specyfikacja ostatanie via_flex valign_middle type_default stacking_default\"><\/div><div class=\"vc_col-sm-4 wpb_column vc_column_container pierwsza-kol\"><div class=\"vc_column-inner\"><div class=\"wpb_wrapper\"><div class=\"wpb_text_column\"><div class=\"wpb_wrapper\"><h2>Ulotki<\/h2>\n<\/div><\/div><div class=\"g-cols wpb_row via_flex valign_top type_default stacking_default\"><\/div><div class=\"vc_col-sm-4 wpb_column vc_column_container\"><div class=\"vc_column-inner\"><div class=\"wpb_wrapper\"><\/div><\/div><\/div><\/div><\/div><\/div><div class=\"w-btn-wrapper align_center\"><a class=\"w-btn us-btn-style_5 us_custom_1b04de86 fw-btn\" target=\" _blank\" rel=\"nofollow\" href=\"http:\/\/progea4d.pl\/wp-content\/uploads\/2019\/03\/Zobrazowania-planet_2019.pdf\"><span class=\"w-btn-label\">Zobrazowania Planet<\/span><\/a><\/div><div class=\"vc_col-sm-4 wpb_column vc_column_container\"><div class=\"vc_column-inner\"><div class=\"wpb_wrapper\"><div class=\"w-btn-wrapper align_center\"><a class=\"w-btn us-btn-style_5 us_custom_1b04de86 fw-btn\" target=\" _blank\" rel=\"nofollow\" href=\"http:\/\/progea4d.pl\/wp-content\/uploads\/2018\/09\/RapidEye.pdf\"><span class=\"w-btn-label\">RapidEye<\/span><\/a><\/div><\/div><\/div><\/div><div class=\"wpb_text_column h2-sp\"><div class=\"wpb_wrapper\"><h2>Kontakt<\/h2>\n<\/div><\/div><div class=\"w-iconbox kontakt-opiekun iconpos_left style_default color_primary align_left no_title\"><div class=\"w-iconbox-icon\" style=\"font-size:50px;\"><i class=\"fas fa-address-book\"><\/i><\/div><div class=\"w-iconbox-meta\"><div class=\"w-iconbox-text\"><p><a class=\"mailto-link\" href=\"mailto:satelitarne@progea4d.pl\" target=\"_blank\" rel=\"noopener\">satelitarne@progea4d.pl<\/a><br \/>\ntel. +48 12 415 06 41<\/p>\n<\/div><\/div><\/div><div class=\"w-separator size_medium\"><\/div><div class=\"w-grid us_grid type_grid layout_gallery_default cols_4 preload_style_spinner\" id=\"us_grid_1\" style=\"--columns:4;--gap:4px;\" data-filterable=\"true\"><style>@media (max-width:479px){#us_grid_1{--columns:2!important}}.layout_gallery_default .w-grid-item-h{}<\/style><div class=\"w-grid-list\">\t<article class=\"w-grid-item size_1x1 post-1439 attachment type-attachment status-inherit hentry\" data-id=\"1439\">\r\n\t\t<div class=\"w-grid-item-h\">\r\n\t\t\t\t\t\t\t<a ref=\"magnificPopupGrid\" href=\"https:\/\/progea4d.pl\/wp-content\/uploads\/2018\/09\/Tatry.png\" class=\"w-grid-item-anchor\" aria-label=\"Tatry\"><\/a>\r\n\t\t\t\t\t\t<div class=\"w-post-elm post_image usg_post_image_1 stretched\"><img loading=\"lazy\" decoding=\"async\" width=\"350\" height=\"350\" src=\"https:\/\/progea4d.pl\/wp-content\/uploads\/2018\/09\/Tatry-350x350.png\" class=\"attachment-us_350_350_crop size-us_350_350_crop\" alt=\"\" srcset=\"https:\/\/progea4d.pl\/wp-content\/uploads\/2018\/09\/Tatry-350x350.png 350w, https:\/\/progea4d.pl\/wp-content\/uploads\/2018\/09\/Tatry-150x150.png 150w, https:\/\/progea4d.pl\/wp-content\/uploads\/2018\/09\/Tatry-600x600.png 600w\" sizes=\"auto, (max-width: 350px) 100vw, 350px\" \/><\/div>\t\t<\/div>\r\n\t\t\t<\/article>\r\n\t<article class=\"w-grid-item size_1x1 post-1437 attachment type-attachment status-inherit hentry\" data-id=\"1437\">\r\n\t\t<div class=\"w-grid-item-h\">\r\n\t\t\t\t\t\t\t<a ref=\"magnificPopupGrid\" href=\"https:\/\/progea4d.pl\/wp-content\/uploads\/2018\/09\/Zulawy.png\" class=\"w-grid-item-anchor\" aria-label=\"Zulawy\"><\/a>\r\n\t\t\t\t\t\t<div class=\"w-post-elm post_image usg_post_image_1 stretched\"><img loading=\"lazy\" decoding=\"async\" width=\"350\" height=\"350\" src=\"https:\/\/progea4d.pl\/wp-content\/uploads\/2018\/09\/Zulawy-350x350.png\" class=\"attachment-us_350_350_crop size-us_350_350_crop\" alt=\"\" srcset=\"https:\/\/progea4d.pl\/wp-content\/uploads\/2018\/09\/Zulawy-350x350.png 350w, https:\/\/progea4d.pl\/wp-content\/uploads\/2018\/09\/Zulawy-150x150.png 150w, https:\/\/progea4d.pl\/wp-content\/uploads\/2018\/09\/Zulawy-600x600.png 600w\" sizes=\"auto, (max-width: 350px) 100vw, 350px\" \/><\/div>\t\t<\/div>\r\n\t\t\t<\/article>\r\n<\/div>\t<div class=\"w-grid-preloader\">\r\n\t\t<div class=\"g-preloader type_1\">\r\n\t\t\t<div><\/div>\r\n\t\t<\/div>\r\n\t<\/div>\r\n\t\t<div class=\"w-grid-json hidden\" onclick='return {&quot;action&quot;:&quot;us_ajax_grid&quot;,&quot;infinite_scroll&quot;:0,&quot;max_num_pages&quot;:1,&quot;pagination&quot;:&quot;none&quot;,&quot;template_vars&quot;:{&quot;columns&quot;:&quot;4&quot;,&quot;exclude_items&quot;:&quot;none&quot;,&quot;img_size&quot;:&quot;us_350_350_crop&quot;,&quot;ignore_items_size&quot;:0,&quot;items_layout&quot;:&quot;gallery_default&quot;,&quot;items_offset&quot;:&quot;1&quot;,&quot;load_animation&quot;:&quot;none&quot;,&quot;overriding_link&quot;:&quot;%7B%22type%22%3A%22popup_image%22%7D&quot;,&quot;post_id&quot;:0,&quot;query_args&quot;:{&quot;post_type&quot;:[&quot;attachment&quot;],&quot;post__in&quot;:[&quot;1438&quot;,&quot;1436&quot;],&quot;post_status&quot;:&quot;inherit&quot;,&quot;post_mime_type&quot;:&quot;image&quot;,&quot;posts_per_page&quot;:999},&quot;orderby_query_args&quot;:{&quot;orderby&quot;:{&quot;post__in&quot;:&quot;ASC&quot;},&quot;order&quot;:&quot;ASC&quot;},&quot;type&quot;:&quot;grid&quot;,&quot;us_grid_post_type&quot;:&quot;attachment&quot;,&quot;us_grid_ajax_index&quot;:1,&quot;us_grid_filter_query_string&quot;:null,&quot;us_grid_index&quot;:1,&quot;page_args&quot;:[],&quot;lang&quot;:&quot;en&quot;}}'><\/div>\r\n\t<\/div><\/div><\/div><\/div><\/div><\/div><\/section>\n","protected":false},"excerpt":{"rendered":"","protected":false},"author":1,"featured_media":1988,"parent":1773,"menu_order":0,"comment_status":"closed","ping_status":"closed","template":"","meta":{"_acf_changed":false,"_monsterinsights_skip_tracking":false,"_monsterinsights_sitenote_active":false,"_monsterinsights_sitenote_note":"","_monsterinsights_sitenote_category":0,"footnotes":""},"class_list":["post-1782","page","type-page","status-publish","has-post-thumbnail","hentry"],"acf":[],"yoast_head":"<!-- This site is optimized with the Yoast SEO plugin v27.4 - https:\/\/yoast.com\/product\/yoast-seo-wordpress\/ -->\n<title>RapidEye - ProGea 4D<\/title>\n<meta name=\"description\" content=\"RapidEye is a constellation of 5 satellites imaging from the orbit on 630 km. Satellites acquire imagery in spatial resolution of 5 m in 5 spectral bands.\" \/>\n<meta name=\"robots\" content=\"index, follow, max-snippet:-1, max-image-preview:large, max-video-preview:-1\" \/>\n<link rel=\"canonical\" href=\"https:\/\/progea4d.pl\/en\/services\/satellite-imagery\/planet\/rapideye\/\" \/>\n<meta property=\"og:locale\" content=\"en_US\" \/>\n<meta property=\"og:type\" content=\"article\" \/>\n<meta property=\"og:title\" content=\"RapidEye - ProGea 4D\" \/>\n<meta property=\"og:description\" content=\"RapidEye is a constellation of 5 satellites imaging from the orbit on 630 km. Satellites acquire imagery in spatial resolution of 5 m in 5 spectral bands.\" \/>\n<meta property=\"og:url\" content=\"https:\/\/progea4d.pl\/en\/services\/satellite-imagery\/planet\/rapideye\/\" \/>\n<meta property=\"og:site_name\" content=\"ProGea 4D\" \/>\n<meta property=\"article:publisher\" content=\"https:\/\/www.facebook.com\/progea4d\/\" \/>\n<meta property=\"article:modified_time\" content=\"2022-12-09T10:17:11+00:00\" \/>\n<meta property=\"og:image\" content=\"https:\/\/progea4d.pl\/wp-content\/uploads\/2018\/10\/RapidEye.png\" \/>\n\t<meta property=\"og:image:width\" content=\"600\" \/>\n\t<meta property=\"og:image:height\" content=\"400\" \/>\n\t<meta property=\"og:image:type\" content=\"image\/png\" \/>\n<meta name=\"twitter:card\" content=\"summary_large_image\" \/>\n<meta name=\"twitter:site\" content=\"@progea4d\" \/>\n<meta name=\"twitter:label1\" content=\"Est. reading time\" \/>\n\t<meta name=\"twitter:data1\" content=\"2 minutes\" \/>\n<script type=\"application\/ld+json\" class=\"yoast-schema-graph\">{\"@context\":\"https:\\\/\\\/schema.org\",\"@graph\":[{\"@type\":\"WebPage\",\"@id\":\"https:\\\/\\\/progea4d.pl\\\/en\\\/services\\\/satellite-imagery\\\/planet\\\/rapideye\\\/\",\"url\":\"https:\\\/\\\/progea4d.pl\\\/en\\\/services\\\/satellite-imagery\\\/planet\\\/rapideye\\\/\",\"name\":\"RapidEye - ProGea 4D\",\"isPartOf\":{\"@id\":\"https:\\\/\\\/progea4d.pl\\\/#website\"},\"primaryImageOfPage\":{\"@id\":\"https:\\\/\\\/progea4d.pl\\\/en\\\/services\\\/satellite-imagery\\\/planet\\\/rapideye\\\/#primaryimage\"},\"image\":{\"@id\":\"https:\\\/\\\/progea4d.pl\\\/en\\\/services\\\/satellite-imagery\\\/planet\\\/rapideye\\\/#primaryimage\"},\"thumbnailUrl\":\"https:\\\/\\\/progea4d.pl\\\/wp-content\\\/uploads\\\/2018\\\/10\\\/RapidEye.png\",\"datePublished\":\"2018-09-15T18:00:32+00:00\",\"dateModified\":\"2022-12-09T10:17:11+00:00\",\"description\":\"RapidEye is a constellation of 5 satellites imaging from the orbit on 630 km. Satellites acquire imagery in spatial resolution of 5 m in 5 spectral bands.\",\"breadcrumb\":{\"@id\":\"https:\\\/\\\/progea4d.pl\\\/en\\\/services\\\/satellite-imagery\\\/planet\\\/rapideye\\\/#breadcrumb\"},\"inLanguage\":\"en-US\",\"potentialAction\":[{\"@type\":\"ReadAction\",\"target\":[\"https:\\\/\\\/progea4d.pl\\\/en\\\/services\\\/satellite-imagery\\\/planet\\\/rapideye\\\/\"]}]},{\"@type\":\"ImageObject\",\"inLanguage\":\"en-US\",\"@id\":\"https:\\\/\\\/progea4d.pl\\\/en\\\/services\\\/satellite-imagery\\\/planet\\\/rapideye\\\/#primaryimage\",\"url\":\"https:\\\/\\\/progea4d.pl\\\/wp-content\\\/uploads\\\/2018\\\/10\\\/RapidEye.png\",\"contentUrl\":\"https:\\\/\\\/progea4d.pl\\\/wp-content\\\/uploads\\\/2018\\\/10\\\/RapidEye.png\",\"width\":600,\"height\":400},{\"@type\":\"BreadcrumbList\",\"@id\":\"https:\\\/\\\/progea4d.pl\\\/en\\\/services\\\/satellite-imagery\\\/planet\\\/rapideye\\\/#breadcrumb\",\"itemListElement\":[{\"@type\":\"ListItem\",\"position\":1,\"name\":\"Strona g\u0142\u00f3wna\",\"item\":\"https:\\\/\\\/progea4d.pl\\\/en\\\/\"},{\"@type\":\"ListItem\",\"position\":2,\"name\":\"Services\",\"item\":\"https:\\\/\\\/progea4d.pl\\\/en\\\/services\\\/\"},{\"@type\":\"ListItem\",\"position\":3,\"name\":\"Satellite Imagery\",\"item\":\"https:\\\/\\\/progea4d.pl\\\/en\\\/services\\\/satellite-imagery\\\/\"},{\"@type\":\"ListItem\",\"position\":4,\"name\":\"Planet\",\"item\":\"https:\\\/\\\/progea4d.pl\\\/en\\\/services\\\/satellite-imagery\\\/planet\\\/\"},{\"@type\":\"ListItem\",\"position\":5,\"name\":\"RapidEye\"}]},{\"@type\":\"WebSite\",\"@id\":\"https:\\\/\\\/progea4d.pl\\\/#website\",\"url\":\"https:\\\/\\\/progea4d.pl\\\/\",\"name\":\"ProGea 4D\",\"description\":\"GIS\\\/SIP, GPS, fotogrametria cyfrowa, teledetekcja, WebGIS, LiDAR, Geoportale\",\"publisher\":{\"@id\":\"https:\\\/\\\/progea4d.pl\\\/#organization\"},\"potentialAction\":[{\"@type\":\"SearchAction\",\"target\":{\"@type\":\"EntryPoint\",\"urlTemplate\":\"https:\\\/\\\/progea4d.pl\\\/?s={search_term_string}\"},\"query-input\":{\"@type\":\"PropertyValueSpecification\",\"valueRequired\":true,\"valueName\":\"search_term_string\"}}],\"inLanguage\":\"en-US\"},{\"@type\":\"Organization\",\"@id\":\"https:\\\/\\\/progea4d.pl\\\/#organization\",\"name\":\"ProGea 4D\",\"url\":\"https:\\\/\\\/progea4d.pl\\\/\",\"logo\":{\"@type\":\"ImageObject\",\"inLanguage\":\"en-US\",\"@id\":\"https:\\\/\\\/progea4d.pl\\\/#\\\/schema\\\/logo\\\/image\\\/\",\"url\":\"https:\\\/\\\/progea4d.pl\\\/wp-content\\\/uploads\\\/2018\\\/09\\\/logo-progea.png\",\"contentUrl\":\"https:\\\/\\\/progea4d.pl\\\/wp-content\\\/uploads\\\/2018\\\/09\\\/logo-progea.png\",\"width\":193,\"height\":60,\"caption\":\"ProGea 4D\"},\"image\":{\"@id\":\"https:\\\/\\\/progea4d.pl\\\/#\\\/schema\\\/logo\\\/image\\\/\"},\"sameAs\":[\"https:\\\/\\\/www.facebook.com\\\/progea4d\\\/\",\"https:\\\/\\\/x.com\\\/progea4d\",\"https:\\\/\\\/www.instagram.com\\\/progea_4d\\\/\",\"https:\\\/\\\/pl.linkedin.com\\\/company\\\/progea4d\"]}]}<\/script>\n<!-- \/ Yoast SEO plugin. -->","yoast_head_json":{"title":"RapidEye - ProGea 4D","description":"RapidEye is a constellation of 5 satellites imaging from the orbit on 630 km. Satellites acquire imagery in spatial resolution of 5 m in 5 spectral bands.","robots":{"index":"index","follow":"follow","max-snippet":"max-snippet:-1","max-image-preview":"max-image-preview:large","max-video-preview":"max-video-preview:-1"},"canonical":"https:\/\/progea4d.pl\/en\/services\/satellite-imagery\/planet\/rapideye\/","og_locale":"en_US","og_type":"article","og_title":"RapidEye - ProGea 4D","og_description":"RapidEye is a constellation of 5 satellites imaging from the orbit on 630 km. Satellites acquire imagery in spatial resolution of 5 m in 5 spectral bands.","og_url":"https:\/\/progea4d.pl\/en\/services\/satellite-imagery\/planet\/rapideye\/","og_site_name":"ProGea 4D","article_publisher":"https:\/\/www.facebook.com\/progea4d\/","article_modified_time":"2022-12-09T10:17:11+00:00","og_image":[{"width":600,"height":400,"url":"https:\/\/progea4d.pl\/wp-content\/uploads\/2018\/10\/RapidEye.png","type":"image\/png"}],"twitter_card":"summary_large_image","twitter_site":"@progea4d","twitter_misc":{"Est. reading time":"2 minutes"},"schema":{"@context":"https:\/\/schema.org","@graph":[{"@type":"WebPage","@id":"https:\/\/progea4d.pl\/en\/services\/satellite-imagery\/planet\/rapideye\/","url":"https:\/\/progea4d.pl\/en\/services\/satellite-imagery\/planet\/rapideye\/","name":"RapidEye - ProGea 4D","isPartOf":{"@id":"https:\/\/progea4d.pl\/#website"},"primaryImageOfPage":{"@id":"https:\/\/progea4d.pl\/en\/services\/satellite-imagery\/planet\/rapideye\/#primaryimage"},"image":{"@id":"https:\/\/progea4d.pl\/en\/services\/satellite-imagery\/planet\/rapideye\/#primaryimage"},"thumbnailUrl":"https:\/\/progea4d.pl\/wp-content\/uploads\/2018\/10\/RapidEye.png","datePublished":"2018-09-15T18:00:32+00:00","dateModified":"2022-12-09T10:17:11+00:00","description":"RapidEye is a constellation of 5 satellites imaging from the orbit on 630 km. Satellites acquire imagery in spatial resolution of 5 m in 5 spectral bands.","breadcrumb":{"@id":"https:\/\/progea4d.pl\/en\/services\/satellite-imagery\/planet\/rapideye\/#breadcrumb"},"inLanguage":"en-US","potentialAction":[{"@type":"ReadAction","target":["https:\/\/progea4d.pl\/en\/services\/satellite-imagery\/planet\/rapideye\/"]}]},{"@type":"ImageObject","inLanguage":"en-US","@id":"https:\/\/progea4d.pl\/en\/services\/satellite-imagery\/planet\/rapideye\/#primaryimage","url":"https:\/\/progea4d.pl\/wp-content\/uploads\/2018\/10\/RapidEye.png","contentUrl":"https:\/\/progea4d.pl\/wp-content\/uploads\/2018\/10\/RapidEye.png","width":600,"height":400},{"@type":"BreadcrumbList","@id":"https:\/\/progea4d.pl\/en\/services\/satellite-imagery\/planet\/rapideye\/#breadcrumb","itemListElement":[{"@type":"ListItem","position":1,"name":"Strona g\u0142\u00f3wna","item":"https:\/\/progea4d.pl\/en\/"},{"@type":"ListItem","position":2,"name":"Services","item":"https:\/\/progea4d.pl\/en\/services\/"},{"@type":"ListItem","position":3,"name":"Satellite Imagery","item":"https:\/\/progea4d.pl\/en\/services\/satellite-imagery\/"},{"@type":"ListItem","position":4,"name":"Planet","item":"https:\/\/progea4d.pl\/en\/services\/satellite-imagery\/planet\/"},{"@type":"ListItem","position":5,"name":"RapidEye"}]},{"@type":"WebSite","@id":"https:\/\/progea4d.pl\/#website","url":"https:\/\/progea4d.pl\/","name":"ProGea 4D","description":"GIS\/SIP, GPS, fotogrametria cyfrowa, teledetekcja, WebGIS, LiDAR, Geoportale","publisher":{"@id":"https:\/\/progea4d.pl\/#organization"},"potentialAction":[{"@type":"SearchAction","target":{"@type":"EntryPoint","urlTemplate":"https:\/\/progea4d.pl\/?s={search_term_string}"},"query-input":{"@type":"PropertyValueSpecification","valueRequired":true,"valueName":"search_term_string"}}],"inLanguage":"en-US"},{"@type":"Organization","@id":"https:\/\/progea4d.pl\/#organization","name":"ProGea 4D","url":"https:\/\/progea4d.pl\/","logo":{"@type":"ImageObject","inLanguage":"en-US","@id":"https:\/\/progea4d.pl\/#\/schema\/logo\/image\/","url":"https:\/\/progea4d.pl\/wp-content\/uploads\/2018\/09\/logo-progea.png","contentUrl":"https:\/\/progea4d.pl\/wp-content\/uploads\/2018\/09\/logo-progea.png","width":193,"height":60,"caption":"ProGea 4D"},"image":{"@id":"https:\/\/progea4d.pl\/#\/schema\/logo\/image\/"},"sameAs":["https:\/\/www.facebook.com\/progea4d\/","https:\/\/x.com\/progea4d","https:\/\/www.instagram.com\/progea_4d\/","https:\/\/pl.linkedin.com\/company\/progea4d"]}]}},"_links":{"self":[{"href":"https:\/\/progea4d.pl\/en\/wp-json\/wp\/v2\/pages\/1782","targetHints":{"allow":["GET"]}}],"collection":[{"href":"https:\/\/progea4d.pl\/en\/wp-json\/wp\/v2\/pages"}],"about":[{"href":"https:\/\/progea4d.pl\/en\/wp-json\/wp\/v2\/types\/page"}],"author":[{"embeddable":true,"href":"https:\/\/progea4d.pl\/en\/wp-json\/wp\/v2\/users\/1"}],"replies":[{"embeddable":true,"href":"https:\/\/progea4d.pl\/en\/wp-json\/wp\/v2\/comments?post=1782"}],"version-history":[{"count":18,"href":"https:\/\/progea4d.pl\/en\/wp-json\/wp\/v2\/pages\/1782\/revisions"}],"predecessor-version":[{"id":7256,"href":"https:\/\/progea4d.pl\/en\/wp-json\/wp\/v2\/pages\/1782\/revisions\/7256"}],"up":[{"embeddable":true,"href":"https:\/\/progea4d.pl\/en\/wp-json\/wp\/v2\/pages\/1773"}],"wp:featuredmedia":[{"embeddable":true,"href":"https:\/\/progea4d.pl\/en\/wp-json\/wp\/v2\/media\/1988"}],"wp:attachment":[{"href":"https:\/\/progea4d.pl\/en\/wp-json\/wp\/v2\/media?parent=1782"}],"curies":[{"name":"wp","href":"https:\/\/api.w.org\/{rel}","templated":true}]}}