{"id":1801,"date":"2018-09-15T20:25:31","date_gmt":"2018-09-15T18:25:31","guid":{"rendered":"http:\/\/progea4d.pl\/services\/satellite-imagery\/digitalglobe\/worldview-3\/"},"modified":"2024-12-06T13:20:32","modified_gmt":"2024-12-06T12:20:32","slug":"worldview-3","status":"publish","type":"page","link":"https:\/\/progea4d.pl\/en\/services\/satellite-imagery\/digitalglobe\/worldview-3\/","title":{"rendered":"WorldView \u2013 3"},"content":{"rendered":"<section class=\"l-section wpb_row height_large\"><div class=\"l-section-h i-cf\"><div class=\"g-cols vc_row via_flex valign_top type_default stacking_default\"><div class=\"vc_col-sm-12 wpb_column vc_column_container\"><div class=\"vc_column-inner\"><div class=\"wpb_wrapper\"><div class=\"wpb_text_column\"><div class=\"wpb_wrapper\"><h1>WorldView \u2013 3<\/h1>\n<\/div><\/div><div class=\"g-cols wpb_row via_flex valign_top type_default stacking_default\"><div class=\"vc_col-sm-8 wpb_column vc_column_container text-justify\"><div class=\"vc_column-inner\"><div class=\"wpb_wrapper\"><div class=\"wpb_text_column text-justify\"><div class=\"wpb_wrapper\"><p><strong>WorldView-3 <\/strong>to najnowsza jednostka konstelacji DigitalGlobe, umieszczona na orbicie 13 sierpnia 2014 roku. Satelita dostarcza obrazy o rozdzielczo\u015bci 31 cm \u2013 aktualnie najwy\u017cszej w\u015br\u00f3d system\u00f3w cywilnych. Obrazy rejestrowane s\u0105 z wysoko\u015bci 617 kilometr\u00f3w w zakresie panchromatycznym oraz 8 kana\u0142ach spektralnych, a tak\u017ce 8 zakresach kr\u00f3tkofalowej podczerwieni SWIR (Shortwave Infrared) oraz 12\u00a0pasmach CAVIS zapewniaj\u0105cych korekcj\u0119 rejestrowanych danych zak\u0142\u00f3conych wp\u0142ywem atmosfery (mg\u0142\u0105, oparami, \u015bniegiem itp.). <span class=\"VIiyi\" lang=\"pl\"><span class=\"JLqJ4b ChMk0b\" data-language-for-alternatives=\"pl\" data-language-to-translate-into=\"en\" data-phrase-index=\"3\">WorldView-3 nie jest klasyfikowany jako satelita wielospektralny lub hiperspektralny, ale raczej satelita super-spektralny.<\/span><\/span> \u015aredni czas rewizyty jest kr\u00f3tszy ni\u017c 1 dzie\u0144. W ci\u0105gu tego czasu satelita jest zdolny zarejestrowa\u0107 do 680 000 km<sup>2<\/sup>.<\/p>\n<\/div><\/div><div class=\"w-image align_none\"><div class=\"w-image-h\"><img decoding=\"async\" width=\"600\" height=\"600\" src=\"https:\/\/progea4d.pl\/wp-content\/uploads\/2021\/01\/worldview-3-spectral-bands-600x600.jpg\" class=\"attachment-us_600_600_crop size-us_600_600_crop\" alt=\"\" loading=\"lazy\" srcset=\"https:\/\/progea4d.pl\/wp-content\/uploads\/2021\/01\/worldview-3-spectral-bands-600x600.jpg 600w, https:\/\/progea4d.pl\/wp-content\/uploads\/2021\/01\/worldview-3-spectral-bands-150x150.jpg 150w, https:\/\/progea4d.pl\/wp-content\/uploads\/2021\/01\/worldview-3-spectral-bands-350x350.jpg 350w, https:\/\/progea4d.pl\/wp-content\/uploads\/2021\/01\/worldview-3-spectral-bands-400x400.jpg 400w, https:\/\/progea4d.pl\/wp-content\/uploads\/2021\/01\/worldview-3-spectral-bands-50x50.jpg 50w\" sizes=\"auto, (max-width: 600px) 100vw, 600px\" \/><\/div><\/div><\/div><\/div><\/div><div class=\"vc_col-sm-4 wpb_column vc_column_container\"><div class=\"vc_column-inner\"><div class=\"wpb_wrapper\"><div class=\"w-image align_center\"><div class=\"w-image-h\"><img decoding=\"async\" width=\"600\" height=\"400\" src=\"https:\/\/progea4d.pl\/wp-content\/uploads\/2018\/09\/WV2.png\" class=\"attachment-full size-full\" alt=\"\" loading=\"lazy\" srcset=\"https:\/\/progea4d.pl\/wp-content\/uploads\/2018\/09\/WV2.png 600w, https:\/\/progea4d.pl\/wp-content\/uploads\/2018\/09\/WV2-300x200.png 300w\" sizes=\"auto, (max-width: 600px) 100vw, 600px\" \/><\/div><\/div><\/div><\/div><\/div><\/div><div class=\"wpb_text_column text-justify h2-sp\"><div class=\"wpb_wrapper\"><h2>Specyfikacja<\/h2>\n<\/div><\/div><div class=\"g-cols wpb_row specyfikacja via_flex valign_middle type_default stacking_default\"><div class=\"vc_col-sm-4 wpb_column vc_column_container pierwsza-kol\"><div class=\"vc_column-inner\"><div class=\"wpb_wrapper\"><div class=\"wpb_text_column\"><div class=\"wpb_wrapper\"><p>Rozdzielczo\u015b\u0107 przestrzenna (GSD)<\/p>\n<\/div><\/div><\/div><\/div><\/div><div class=\"vc_col-sm-4 wpb_column vc_column_container druga-kol\"><div class=\"vc_column-inner\"><div class=\"wpb_wrapper\"><div class=\"wpb_text_column\"><div class=\"wpb_wrapper\"><p>Kana\u0142 panchromatyczny: 0.31 m<br \/>\nKana\u0142y wielospektralne: 1.24 m<\/p>\n<\/div><\/div><\/div><\/div><\/div><\/div><div class=\"g-cols wpb_row specyfikacja via_flex valign_middle type_default stacking_default\"><div class=\"vc_col-sm-4 wpb_column vc_column_container pierwsza-kol\"><div class=\"vc_column-inner\"><div class=\"wpb_wrapper\"><div class=\"wpb_text_column\"><div class=\"wpb_wrapper\"><p>Kana\u0142y spektralne<\/p>\n<\/div><\/div><\/div><\/div><\/div><div class=\"vc_col-sm-4 wpb_column vc_column_container druga-kol\"><div class=\"vc_column-inner\"><div class=\"wpb_wrapper\"><div class=\"wpb_text_column\"><div class=\"wpb_wrapper\"><p>Panchromatyczny: 400-850 nm<\/p>\n<p>Wielospektralne:<br \/>\nCoastal: 400-450 nm<br \/>\nBlue: 450-510 nm<br \/>\nGreen: 510-580 nm<br \/>\nYellow: 585-625 nm<br \/>\nRed: 630-690 nm<br \/>\nRed Edge: 705-745 nm<br \/>\nNIR-1: 770-895 nm<br \/>\nNIR-2: 860-1040 nm<\/p>\n<p>8 kana\u0142\u00f3w SWIR:<br \/>\nSWIR-1: 1195-1225 nm<br \/>\nSWIR-2: 1550-1590 nm<br \/>\nSWIR-3: 1640-1680 nm<br \/>\nSWIR-4: 1710-1750 nm<br \/>\nSWIR-5: 2145-2185 nm<br \/>\nSWIR-6: 2185-2225 nm<br \/>\nSWIR-7: 2235-2285 nm<br \/>\nSWIR-8: 2295-2365 nm<\/p>\n<\/div><\/div><\/div><\/div><\/div><div class=\"vc_col-sm-4 wpb_column vc_column_container\"><div class=\"vc_column-inner\"><div class=\"wpb_wrapper\"><div class=\"wpb_text_column\"><div class=\"wpb_wrapper\"><p>12 kana\u0142\u00f3w CAVIS:<br \/>\nDesert Clouds: 405-420 nm<br \/>\nAerosol-1: 459-509 nm<br \/>\nGreen: 525-585 nm<br \/>\nAerosol-2: 635-685 nm<br \/>\nWater-1: 845-885 nm<br \/>\nWater-2: 897-927 nm<br \/>\nWater-3: 930-965 nm<br \/>\nNDVI-SWIR: 1220-1252 nm<br \/>\nCirrus: 1365-1405 nm<br \/>\nSnow: 1620-1680 nm<br \/>\nAerosol-1: 2105-2245 nm<br \/>\nAerosol-2: 2105-2245 nm<\/p>\n<\/div><\/div><\/div><\/div><\/div><\/div><div class=\"g-cols wpb_row specyfikacja via_flex valign_middle type_default stacking_default\"><div class=\"vc_col-sm-4 wpb_column vc_column_container pierwsza-kol\"><div class=\"vc_column-inner\"><div class=\"wpb_wrapper\"><div class=\"wpb_text_column\"><div class=\"wpb_wrapper\"><p>Czas rewizyty<\/p>\n<\/div><\/div><\/div><\/div><\/div><div class=\"vc_col-sm-8 wpb_column vc_column_container druga-kol\"><div class=\"vc_column-inner\"><div class=\"wpb_wrapper\"><div class=\"wpb_text_column\"><div class=\"wpb_wrapper\"><p>1 dzie\u0144<\/p>\n<\/div><\/div><\/div><\/div><\/div><\/div><div class=\"g-cols wpb_row specyfikacja via_flex valign_middle type_default stacking_default\"><div class=\"vc_col-sm-4 wpb_column vc_column_container pierwsza-kol\"><div class=\"vc_column-inner\"><div class=\"wpb_wrapper\"><div class=\"wpb_text_column\"><div class=\"wpb_wrapper\"><p>Dzienna rejestracja<\/p>\n<\/div><\/div><\/div><\/div><\/div><div class=\"vc_col-sm-8 wpb_column vc_column_container druga-kol\"><div class=\"vc_column-inner\"><div class=\"wpb_wrapper\"><div class=\"wpb_text_column\"><div class=\"wpb_wrapper\"><p>680 000 km<sup>2<\/sup><\/p>\n<\/div><\/div><\/div><\/div><\/div><\/div><div class=\"g-cols wpb_row specyfikacja ostatanie via_flex valign_middle type_default stacking_default\"><div class=\"vc_col-sm-4 wpb_column vc_column_container pierwsza-kol\"><div class=\"vc_column-inner\"><div class=\"wpb_wrapper\"><div class=\"wpb_text_column\"><div class=\"wpb_wrapper\"><p>Rozdzielczo\u015b\u0107 radiometryczna<\/p>\n<\/div><\/div><\/div><\/div><\/div><div class=\"vc_col-sm-8 wpb_column vc_column_container druga-kol\"><div class=\"vc_column-inner\"><div class=\"wpb_wrapper\"><div class=\"wpb_text_column\"><div class=\"wpb_wrapper\"><p>11 bit\u00f3w<\/p>\n<\/div><\/div><\/div><\/div><\/div><\/div><div class=\"g-cols wpb_row specyfikacja via_flex valign_middle type_default stacking_default\"><div class=\"vc_col-sm-4 wpb_column vc_column_container pierwsza-kol\"><div class=\"vc_column-inner\"><div class=\"wpb_wrapper\"><div class=\"wpb_text_column\"><div class=\"wpb_wrapper\"><p>Strona internetowa:<\/p>\n<\/div><\/div><\/div><\/div><\/div><div class=\"vc_col-sm-4 wpb_column vc_column_container druga-kol\"><div class=\"vc_column-inner\"><div class=\"wpb_wrapper\"><div class=\"wpb_text_column\"><div class=\"wpb_wrapper\"><p>https:\/\/www.maxar.com\/<\/p>\n<\/div><\/div><\/div><\/div><\/div><\/div><div class=\"g-cols wpb_row specyfikacja ostatanie via_flex valign_middle type_default stacking_default\"><\/div><div class=\"vc_col-sm-4 wpb_column vc_column_container pierwsza-kol\"><div class=\"vc_column-inner\"><div class=\"wpb_wrapper\"><\/div><\/div><\/div><div class=\"wpb_text_column\"><div class=\"wpb_wrapper\"><h2>Ulotki<\/h2>\n<\/div><\/div><div class=\"g-cols wpb_row via_flex valign_top type_default stacking_default\"><div class=\"vc_col-sm-4 wpb_column vc_column_container\"><div class=\"vc_column-inner\"><div class=\"wpb_wrapper\"><div class=\"w-btn-wrapper align_center\"><a class=\"w-btn us-btn-style_5 us_custom_1b04de86 fw-btn\" target=\" _blank\" href=\"http:\/\/progea4d.pl\/wp-content\/uploads\/2018\/09\/WorldView_3.pdf\"><span class=\"w-btn-label\">WorldView-3<\/span><\/a><\/div><\/div><\/div><\/div><\/div><div class=\"wpb_text_column h2-sp\"><div class=\"wpb_wrapper\"><h2>Kontakt<\/h2>\n<\/div><\/div><div class=\"w-iconbox kontakt-opiekun iconpos_left style_default color_primary align_left no_title\"><div class=\"w-iconbox-icon\" style=\"font-size:50px;\"><i class=\"fas fa-address-book\"><\/i><\/div><div class=\"w-iconbox-meta\"><div class=\"w-iconbox-text\"><p><a href=\"mailto:satelitarne@progea4d.pl\">satelitarne@progea4d.pl<\/a><br \/>\ntel. +48 12 415 06 41<\/p>\n<\/div><\/div><\/div><div class=\"w-separator size_medium\"><\/div><div class=\"w-grid us_grid type_grid layout_gallery_default cols_4 preload_style_spinner\" id=\"us_grid_1\" style=\"--columns:4;--gap:4px;\" data-filterable=\"true\"><style>@media (max-width:479px){#us_grid_1{--columns:2!important}}.layout_gallery_default .w-grid-item-h{}<\/style><div class=\"w-grid-list\">\t<article class=\"w-grid-item size_1x1 post-1479 attachment type-attachment status-inherit hentry\" data-id=\"1479\">\r\n\t\t<div class=\"w-grid-item-h\">\r\n\t\t\t\t\t\t\t<a ref=\"magnificPopupGrid\" href=\"https:\/\/progea4d.pl\/wp-content\/uploads\/2018\/09\/WorldView3_2-1.png\" class=\"w-grid-item-anchor\" aria-label=\"WorldView3_2-1\"><\/a>\r\n\t\t\t\t\t\t<div class=\"w-post-elm post_image usg_post_image_1 stretched\"><img loading=\"lazy\" decoding=\"async\" width=\"350\" height=\"350\" src=\"https:\/\/progea4d.pl\/wp-content\/uploads\/2018\/09\/WorldView3_2-1-350x350.png\" class=\"attachment-us_350_350_crop size-us_350_350_crop\" alt=\"\" srcset=\"https:\/\/progea4d.pl\/wp-content\/uploads\/2018\/09\/WorldView3_2-1-350x350.png 350w, https:\/\/progea4d.pl\/wp-content\/uploads\/2018\/09\/WorldView3_2-1-150x150.png 150w, https:\/\/progea4d.pl\/wp-content\/uploads\/2018\/09\/WorldView3_2-1-600x600.png 600w\" sizes=\"auto, (max-width: 350px) 100vw, 350px\" \/><\/div>\t\t<\/div>\r\n\t\t\t<\/article>\r\n\t<article class=\"w-grid-item size_1x1 post-1481 attachment type-attachment status-inherit hentry\" data-id=\"1481\">\r\n\t\t<div class=\"w-grid-item-h\">\r\n\t\t\t\t\t\t\t<a ref=\"magnificPopupGrid\" href=\"https:\/\/progea4d.pl\/wp-content\/uploads\/2018\/09\/WorldView3_1-1.png\" class=\"w-grid-item-anchor\" aria-label=\"WorldView3_1-1\"><\/a>\r\n\t\t\t\t\t\t<div class=\"w-post-elm post_image usg_post_image_1 stretched\"><img loading=\"lazy\" decoding=\"async\" width=\"350\" height=\"350\" src=\"https:\/\/progea4d.pl\/wp-content\/uploads\/2018\/09\/WorldView3_1-1-350x350.png\" class=\"attachment-us_350_350_crop size-us_350_350_crop\" alt=\"\" srcset=\"https:\/\/progea4d.pl\/wp-content\/uploads\/2018\/09\/WorldView3_1-1-350x350.png 350w, https:\/\/progea4d.pl\/wp-content\/uploads\/2018\/09\/WorldView3_1-1-150x150.png 150w, https:\/\/progea4d.pl\/wp-content\/uploads\/2018\/09\/WorldView3_1-1-600x600.png 600w\" sizes=\"auto, (max-width: 350px) 100vw, 350px\" \/><\/div>\t\t<\/div>\r\n\t\t\t<\/article>\r\n\t<article class=\"w-grid-item size_1x1 post-1483 attachment type-attachment status-inherit hentry\" data-id=\"1483\">\r\n\t\t<div class=\"w-grid-item-h\">\r\n\t\t\t\t\t\t\t<a ref=\"magnificPopupGrid\" href=\"https:\/\/progea4d.pl\/wp-content\/uploads\/2018\/09\/WorldView3_3-1.png\" class=\"w-grid-item-anchor\" aria-label=\"WorldView3_3-1\"><\/a>\r\n\t\t\t\t\t\t<div class=\"w-post-elm post_image usg_post_image_1 stretched\"><img loading=\"lazy\" decoding=\"async\" width=\"350\" height=\"350\" src=\"https:\/\/progea4d.pl\/wp-content\/uploads\/2018\/09\/WorldView3_3-1-350x350.png\" class=\"attachment-us_350_350_crop size-us_350_350_crop\" alt=\"\" srcset=\"https:\/\/progea4d.pl\/wp-content\/uploads\/2018\/09\/WorldView3_3-1-350x350.png 350w, https:\/\/progea4d.pl\/wp-content\/uploads\/2018\/09\/WorldView3_3-1-150x150.png 150w, https:\/\/progea4d.pl\/wp-content\/uploads\/2018\/09\/WorldView3_3-1-600x600.png 600w\" sizes=\"auto, (max-width: 350px) 100vw, 350px\" \/><\/div>\t\t<\/div>\r\n\t\t\t<\/article>\r\n\t<article class=\"w-grid-item size_1x1 post-1485 attachment type-attachment status-inherit hentry\" data-id=\"1485\">\r\n\t\t<div class=\"w-grid-item-h\">\r\n\t\t\t\t\t\t\t<a ref=\"magnificPopupGrid\" href=\"https:\/\/progea4d.pl\/wp-content\/uploads\/2018\/09\/WorldView3_4-1.png\" class=\"w-grid-item-anchor\" aria-label=\"WorldView3_4-1\"><\/a>\r\n\t\t\t\t\t\t<div class=\"w-post-elm post_image usg_post_image_1 stretched\"><img loading=\"lazy\" decoding=\"async\" width=\"350\" height=\"350\" src=\"https:\/\/progea4d.pl\/wp-content\/uploads\/2018\/09\/WorldView3_4-1-350x350.png\" class=\"attachment-us_350_350_crop size-us_350_350_crop\" alt=\"\" srcset=\"https:\/\/progea4d.pl\/wp-content\/uploads\/2018\/09\/WorldView3_4-1-350x350.png 350w, https:\/\/progea4d.pl\/wp-content\/uploads\/2018\/09\/WorldView3_4-1-150x150.png 150w, https:\/\/progea4d.pl\/wp-content\/uploads\/2018\/09\/WorldView3_4-1-600x600.png 600w\" sizes=\"auto, (max-width: 350px) 100vw, 350px\" \/><\/div>\t\t<\/div>\r\n\t\t\t<\/article>\r\n<\/div>\t<div class=\"w-grid-preloader\">\r\n\t\t<div class=\"g-preloader type_1\">\r\n\t\t\t<div><\/div>\r\n\t\t<\/div>\r\n\t<\/div>\r\n\t\t<div class=\"w-grid-json hidden\" onclick='return {&quot;action&quot;:&quot;us_ajax_grid&quot;,&quot;infinite_scroll&quot;:0,&quot;max_num_pages&quot;:1,&quot;pagination&quot;:&quot;none&quot;,&quot;template_vars&quot;:{&quot;columns&quot;:&quot;4&quot;,&quot;exclude_items&quot;:&quot;none&quot;,&quot;img_size&quot;:&quot;us_350_350_crop&quot;,&quot;ignore_items_size&quot;:0,&quot;items_layout&quot;:&quot;gallery_default&quot;,&quot;items_offset&quot;:&quot;1&quot;,&quot;load_animation&quot;:&quot;none&quot;,&quot;overriding_link&quot;:&quot;%7B%22type%22%3A%22popup_image%22%7D&quot;,&quot;post_id&quot;:0,&quot;query_args&quot;:{&quot;post_type&quot;:[&quot;attachment&quot;],&quot;post__in&quot;:[&quot;1478&quot;,&quot;1480&quot;,&quot;1482&quot;,&quot;1484&quot;],&quot;post_status&quot;:&quot;inherit&quot;,&quot;post_mime_type&quot;:&quot;image&quot;,&quot;posts_per_page&quot;:999},&quot;orderby_query_args&quot;:{&quot;orderby&quot;:{&quot;post__in&quot;:&quot;ASC&quot;},&quot;order&quot;:&quot;ASC&quot;},&quot;type&quot;:&quot;grid&quot;,&quot;us_grid_post_type&quot;:&quot;attachment&quot;,&quot;us_grid_ajax_index&quot;:1,&quot;us_grid_filter_query_string&quot;:null,&quot;us_grid_index&quot;:1,&quot;page_args&quot;:[],&quot;lang&quot;:&quot;en&quot;}}'><\/div>\r\n\t<\/div><\/div><\/div><\/div><\/div><\/div><\/section>\n","protected":false},"excerpt":{"rendered":"","protected":false},"author":1,"featured_media":0,"parent":1772,"menu_order":3,"comment_status":"closed","ping_status":"closed","template":"","meta":{"_acf_changed":false,"_monsterinsights_skip_tracking":false,"_monsterinsights_sitenote_active":false,"_monsterinsights_sitenote_note":"","_monsterinsights_sitenote_category":0,"footnotes":""},"class_list":["post-1801","page","type-page","status-publish","hentry"],"acf":[],"yoast_head":"<!-- This site is optimized with the Yoast SEO plugin v27.5 - https:\/\/yoast.com\/product\/yoast-seo-wordpress\/ -->\n<title>WorldView \u2013 3 - ProGea 4D<\/title>\n<meta name=\"description\" content=\"WorldView-3 was deployed on the orbit on 13th of August 2014. It delivers imagery of the highest spatial resolution that is available for commercial use \u2013 0,31 m.\" \/>\n<meta name=\"robots\" content=\"index, follow, max-snippet:-1, max-image-preview:large, max-video-preview:-1\" \/>\n<link rel=\"canonical\" href=\"https:\/\/progea4d.pl\/uslugi\/zobrazowania-satelitarne\/digitalglobe\/worldview-3\/\" \/>\n<meta property=\"og:locale\" content=\"en_US\" \/>\n<meta property=\"og:type\" content=\"article\" \/>\n<meta property=\"og:title\" content=\"WorldView \u2013 3 - ProGea 4D\" \/>\n<meta property=\"og:description\" content=\"WorldView-3 was deployed on the orbit on 13th of August 2014. It delivers imagery of the highest spatial resolution that is available for commercial use \u2013 0,31 m.\" \/>\n<meta property=\"og:url\" content=\"https:\/\/progea4d.pl\/uslugi\/zobrazowania-satelitarne\/digitalglobe\/worldview-3\/\" \/>\n<meta property=\"og:site_name\" content=\"ProGea 4D\" \/>\n<meta property=\"article:publisher\" content=\"https:\/\/www.facebook.com\/progea4d\/\" \/>\n<meta property=\"article:modified_time\" content=\"2024-12-06T12:20:32+00:00\" \/>\n<meta name=\"twitter:card\" content=\"summary_large_image\" \/>\n<meta name=\"twitter:site\" content=\"@progea4d\" \/>\n<meta name=\"twitter:label1\" content=\"Est. reading time\" \/>\n\t<meta name=\"twitter:data1\" content=\"2 minutes\" \/>\n<script type=\"application\/ld+json\" class=\"yoast-schema-graph\">{\"@context\":\"https:\\\/\\\/schema.org\",\"@graph\":[{\"@type\":\"WebPage\",\"@id\":\"https:\\\/\\\/progea4d.pl\\\/uslugi\\\/zobrazowania-satelitarne\\\/digitalglobe\\\/worldview-3\\\/\",\"url\":\"https:\\\/\\\/progea4d.pl\\\/uslugi\\\/zobrazowania-satelitarne\\\/digitalglobe\\\/worldview-3\\\/\",\"name\":\"WorldView \u2013 3 - ProGea 4D\",\"isPartOf\":{\"@id\":\"https:\\\/\\\/progea4d.pl\\\/#website\"},\"datePublished\":\"2018-09-15T18:25:31+00:00\",\"dateModified\":\"2024-12-06T12:20:32+00:00\",\"description\":\"WorldView-3 was deployed on the orbit on 13th of August 2014. It delivers imagery of the highest spatial resolution that is available for commercial use \u2013 0,31 m.\",\"breadcrumb\":{\"@id\":\"https:\\\/\\\/progea4d.pl\\\/uslugi\\\/zobrazowania-satelitarne\\\/digitalglobe\\\/worldview-3\\\/#breadcrumb\"},\"inLanguage\":\"en-US\",\"potentialAction\":[{\"@type\":\"ReadAction\",\"target\":[\"https:\\\/\\\/progea4d.pl\\\/uslugi\\\/zobrazowania-satelitarne\\\/digitalglobe\\\/worldview-3\\\/\"]}]},{\"@type\":\"BreadcrumbList\",\"@id\":\"https:\\\/\\\/progea4d.pl\\\/uslugi\\\/zobrazowania-satelitarne\\\/digitalglobe\\\/worldview-3\\\/#breadcrumb\",\"itemListElement\":[{\"@type\":\"ListItem\",\"position\":1,\"name\":\"Strona g\u0142\u00f3wna\",\"item\":\"https:\\\/\\\/progea4d.pl\\\/en\\\/\"},{\"@type\":\"ListItem\",\"position\":2,\"name\":\"Services\",\"item\":\"https:\\\/\\\/progea4d.pl\\\/en\\\/services\\\/\"},{\"@type\":\"ListItem\",\"position\":3,\"name\":\"Satellite Imagery\",\"item\":\"https:\\\/\\\/progea4d.pl\\\/en\\\/services\\\/satellite-imagery\\\/\"},{\"@type\":\"ListItem\",\"position\":4,\"name\":\"European Space Imaging [Maxar]\",\"item\":\"https:\\\/\\\/progea4d.pl\\\/uslugi\\\/zobrazowania-satelitarne\\\/digitalglobe\\\/\"},{\"@type\":\"ListItem\",\"position\":5,\"name\":\"WorldView \u2013 3\"}]},{\"@type\":\"WebSite\",\"@id\":\"https:\\\/\\\/progea4d.pl\\\/#website\",\"url\":\"https:\\\/\\\/progea4d.pl\\\/\",\"name\":\"ProGea 4D\",\"description\":\"GIS\\\/SIP, GPS, fotogrametria cyfrowa, teledetekcja, WebGIS, LiDAR, Geoportale\",\"publisher\":{\"@id\":\"https:\\\/\\\/progea4d.pl\\\/#organization\"},\"potentialAction\":[{\"@type\":\"SearchAction\",\"target\":{\"@type\":\"EntryPoint\",\"urlTemplate\":\"https:\\\/\\\/progea4d.pl\\\/?s={search_term_string}\"},\"query-input\":{\"@type\":\"PropertyValueSpecification\",\"valueRequired\":true,\"valueName\":\"search_term_string\"}}],\"inLanguage\":\"en-US\"},{\"@type\":\"Organization\",\"@id\":\"https:\\\/\\\/progea4d.pl\\\/#organization\",\"name\":\"ProGea 4D\",\"url\":\"https:\\\/\\\/progea4d.pl\\\/\",\"logo\":{\"@type\":\"ImageObject\",\"inLanguage\":\"en-US\",\"@id\":\"https:\\\/\\\/progea4d.pl\\\/#\\\/schema\\\/logo\\\/image\\\/\",\"url\":\"https:\\\/\\\/progea4d.pl\\\/wp-content\\\/uploads\\\/2018\\\/09\\\/logo-progea.png\",\"contentUrl\":\"https:\\\/\\\/progea4d.pl\\\/wp-content\\\/uploads\\\/2018\\\/09\\\/logo-progea.png\",\"width\":193,\"height\":60,\"caption\":\"ProGea 4D\"},\"image\":{\"@id\":\"https:\\\/\\\/progea4d.pl\\\/#\\\/schema\\\/logo\\\/image\\\/\"},\"sameAs\":[\"https:\\\/\\\/www.facebook.com\\\/progea4d\\\/\",\"https:\\\/\\\/x.com\\\/progea4d\",\"https:\\\/\\\/www.instagram.com\\\/progea_4d\\\/\",\"https:\\\/\\\/pl.linkedin.com\\\/company\\\/progea4d\"]}]}<\/script>\n<!-- \/ Yoast SEO plugin. -->","yoast_head_json":{"title":"WorldView \u2013 3 - ProGea 4D","description":"WorldView-3 was deployed on the orbit on 13th of August 2014. It delivers imagery of the highest spatial resolution that is available for commercial use \u2013 0,31 m.","robots":{"index":"index","follow":"follow","max-snippet":"max-snippet:-1","max-image-preview":"max-image-preview:large","max-video-preview":"max-video-preview:-1"},"canonical":"https:\/\/progea4d.pl\/uslugi\/zobrazowania-satelitarne\/digitalglobe\/worldview-3\/","og_locale":"en_US","og_type":"article","og_title":"WorldView \u2013 3 - ProGea 4D","og_description":"WorldView-3 was deployed on the orbit on 13th of August 2014. It delivers imagery of the highest spatial resolution that is available for commercial use \u2013 0,31 m.","og_url":"https:\/\/progea4d.pl\/uslugi\/zobrazowania-satelitarne\/digitalglobe\/worldview-3\/","og_site_name":"ProGea 4D","article_publisher":"https:\/\/www.facebook.com\/progea4d\/","article_modified_time":"2024-12-06T12:20:32+00:00","twitter_card":"summary_large_image","twitter_site":"@progea4d","twitter_misc":{"Est. reading time":"2 minutes"},"schema":{"@context":"https:\/\/schema.org","@graph":[{"@type":"WebPage","@id":"https:\/\/progea4d.pl\/uslugi\/zobrazowania-satelitarne\/digitalglobe\/worldview-3\/","url":"https:\/\/progea4d.pl\/uslugi\/zobrazowania-satelitarne\/digitalglobe\/worldview-3\/","name":"WorldView \u2013 3 - ProGea 4D","isPartOf":{"@id":"https:\/\/progea4d.pl\/#website"},"datePublished":"2018-09-15T18:25:31+00:00","dateModified":"2024-12-06T12:20:32+00:00","description":"WorldView-3 was deployed on the orbit on 13th of August 2014. It delivers imagery of the highest spatial resolution that is available for commercial use \u2013 0,31 m.","breadcrumb":{"@id":"https:\/\/progea4d.pl\/uslugi\/zobrazowania-satelitarne\/digitalglobe\/worldview-3\/#breadcrumb"},"inLanguage":"en-US","potentialAction":[{"@type":"ReadAction","target":["https:\/\/progea4d.pl\/uslugi\/zobrazowania-satelitarne\/digitalglobe\/worldview-3\/"]}]},{"@type":"BreadcrumbList","@id":"https:\/\/progea4d.pl\/uslugi\/zobrazowania-satelitarne\/digitalglobe\/worldview-3\/#breadcrumb","itemListElement":[{"@type":"ListItem","position":1,"name":"Strona g\u0142\u00f3wna","item":"https:\/\/progea4d.pl\/en\/"},{"@type":"ListItem","position":2,"name":"Services","item":"https:\/\/progea4d.pl\/en\/services\/"},{"@type":"ListItem","position":3,"name":"Satellite Imagery","item":"https:\/\/progea4d.pl\/en\/services\/satellite-imagery\/"},{"@type":"ListItem","position":4,"name":"European Space Imaging [Maxar]","item":"https:\/\/progea4d.pl\/uslugi\/zobrazowania-satelitarne\/digitalglobe\/"},{"@type":"ListItem","position":5,"name":"WorldView \u2013 3"}]},{"@type":"WebSite","@id":"https:\/\/progea4d.pl\/#website","url":"https:\/\/progea4d.pl\/","name":"ProGea 4D","description":"GIS\/SIP, GPS, fotogrametria cyfrowa, teledetekcja, WebGIS, LiDAR, Geoportale","publisher":{"@id":"https:\/\/progea4d.pl\/#organization"},"potentialAction":[{"@type":"SearchAction","target":{"@type":"EntryPoint","urlTemplate":"https:\/\/progea4d.pl\/?s={search_term_string}"},"query-input":{"@type":"PropertyValueSpecification","valueRequired":true,"valueName":"search_term_string"}}],"inLanguage":"en-US"},{"@type":"Organization","@id":"https:\/\/progea4d.pl\/#organization","name":"ProGea 4D","url":"https:\/\/progea4d.pl\/","logo":{"@type":"ImageObject","inLanguage":"en-US","@id":"https:\/\/progea4d.pl\/#\/schema\/logo\/image\/","url":"https:\/\/progea4d.pl\/wp-content\/uploads\/2018\/09\/logo-progea.png","contentUrl":"https:\/\/progea4d.pl\/wp-content\/uploads\/2018\/09\/logo-progea.png","width":193,"height":60,"caption":"ProGea 4D"},"image":{"@id":"https:\/\/progea4d.pl\/#\/schema\/logo\/image\/"},"sameAs":["https:\/\/www.facebook.com\/progea4d\/","https:\/\/x.com\/progea4d","https:\/\/www.instagram.com\/progea_4d\/","https:\/\/pl.linkedin.com\/company\/progea4d"]}]}},"_links":{"self":[{"href":"https:\/\/progea4d.pl\/en\/wp-json\/wp\/v2\/pages\/1801","targetHints":{"allow":["GET"]}}],"collection":[{"href":"https:\/\/progea4d.pl\/en\/wp-json\/wp\/v2\/pages"}],"about":[{"href":"https:\/\/progea4d.pl\/en\/wp-json\/wp\/v2\/types\/page"}],"author":[{"embeddable":true,"href":"https:\/\/progea4d.pl\/en\/wp-json\/wp\/v2\/users\/1"}],"replies":[{"embeddable":true,"href":"https:\/\/progea4d.pl\/en\/wp-json\/wp\/v2\/comments?post=1801"}],"version-history":[{"count":17,"href":"https:\/\/progea4d.pl\/en\/wp-json\/wp\/v2\/pages\/1801\/revisions"}],"predecessor-version":[{"id":9026,"href":"https:\/\/progea4d.pl\/en\/wp-json\/wp\/v2\/pages\/1801\/revisions\/9026"}],"up":[{"embeddable":true,"href":"https:\/\/progea4d.pl\/en\/wp-json\/wp\/v2\/pages\/1772"}],"wp:attachment":[{"href":"https:\/\/progea4d.pl\/en\/wp-json\/wp\/v2\/media?parent=1801"}],"curies":[{"name":"wp","href":"https:\/\/api.w.org\/{rel}","templated":true}]}}