{"id":1812,"date":"2018-09-16T00:39:31","date_gmt":"2018-09-15T22:39:31","guid":{"rendered":"http:\/\/progea4d.pl\/services\/satellite-imagery\/digitalglobe\/geoeye\/"},"modified":"2024-12-06T13:23:58","modified_gmt":"2024-12-06T12:23:58","slug":"geoeye","status":"publish","type":"page","link":"https:\/\/progea4d.pl\/en\/services\/satellite-imagery\/digitalglobe\/geoeye\/","title":{"rendered":"GeoEye-1"},"content":{"rendered":"<section class=\"l-section wpb_row height_large\"><div class=\"l-section-h i-cf\"><div class=\"g-cols vc_row via_flex valign_top type_default stacking_default\"><div class=\"vc_col-sm-12 wpb_column vc_column_container\"><div class=\"vc_column-inner\"><div class=\"wpb_wrapper\"><div class=\"wpb_text_column\"><div class=\"wpb_wrapper\"><h1>GeoEye-1<\/h1>\n<\/div><\/div><div class=\"g-cols wpb_row via_flex valign_top type_default stacking_default\"><div class=\"vc_col-sm-8 wpb_column vc_column_container text-justify\"><div class=\"vc_column-inner\"><div class=\"wpb_wrapper\"><div class=\"wpb_text_column text-justify\"><div class=\"wpb_wrapper\"><p><strong>GeoEye-1<\/strong> dostarcza zobrazowania satelitarne o bardzo wysokiej rozdzielczo\u015bci (0.46 m). Rejestruje w zakresie panchromatycznym oraz 4\u00a0zakresach spektralnych: niebieskim, zielonym, czerwonym i bliskiej podczerwieni. Satelita obrazuje dziennie nawet 350 000 km<sup>2<\/sup> powierzchni Ziemi w postaci danych multispektralnych o podwy\u017cszonej rozdzielczo\u015bci. GeoEye-1 zosta\u0142 umieszczony na orbicie 6\u00a0wrze\u015bnia 2008 roku na wysoko\u015bci 681 km, a od 2013 roku rejestruje z wysoko\u015bci 770 km. Czas rewizyty wynosi mniej ni\u017c 3 dni.<\/p>\n<\/div><\/div><\/div><\/div><\/div><div class=\"vc_col-sm-4 wpb_column vc_column_container\"><div class=\"vc_column-inner\"><div class=\"wpb_wrapper\"><div class=\"w-image align_center\"><div class=\"w-image-h\"><img decoding=\"async\" width=\"600\" height=\"400\" src=\"https:\/\/progea4d.pl\/wp-content\/uploads\/2018\/09\/GeoEye.png\" class=\"attachment-full size-full\" alt=\"\" loading=\"lazy\" srcset=\"https:\/\/progea4d.pl\/wp-content\/uploads\/2018\/09\/GeoEye.png 600w, https:\/\/progea4d.pl\/wp-content\/uploads\/2018\/09\/GeoEye-300x200.png 300w\" sizes=\"auto, (max-width: 600px) 100vw, 600px\" \/><\/div><\/div><\/div><\/div><\/div><\/div><div class=\"wpb_text_column text-justify h2-sp\"><div class=\"wpb_wrapper\"><h2>Specyfikacja<\/h2>\n<\/div><\/div><div class=\"g-cols wpb_row specyfikacja via_flex valign_middle type_default stacking_default\"><div class=\"vc_col-sm-4 wpb_column vc_column_container pierwsza-kol\"><div class=\"vc_column-inner\"><div class=\"wpb_wrapper\"><div class=\"wpb_text_column\"><div class=\"wpb_wrapper\"><p>Rozdzielczo\u015b\u0107 przestrzenna (GSD)<\/p>\n<\/div><\/div><\/div><\/div><\/div><div class=\"vc_col-sm-4 wpb_column vc_column_container druga-kol\"><div class=\"vc_column-inner\"><div class=\"wpb_wrapper\"><div class=\"wpb_text_column\"><div class=\"wpb_wrapper\"><p>Kana\u0142 panchromatyczny: 0.41 m<br \/>\nKana\u0142y wielospektralne: 1.65 m<\/p>\n<\/div><\/div><\/div><\/div><\/div><\/div><div class=\"g-cols wpb_row specyfikacja via_flex valign_middle type_default stacking_default\"><div class=\"vc_col-sm-4 wpb_column vc_column_container pierwsza-kol\"><div class=\"vc_column-inner\"><div class=\"wpb_wrapper\"><div class=\"wpb_text_column\"><div class=\"wpb_wrapper\"><p>Kana\u0142y spektralne<\/p>\n<\/div><\/div><\/div><\/div><\/div><div class=\"vc_col-sm-8 wpb_column vc_column_container druga-kol\"><div class=\"vc_column-inner\"><div class=\"wpb_wrapper\"><div class=\"wpb_text_column\"><div class=\"wpb_wrapper\"><p>Panchromatyczny: 450-800 nm<\/p>\n<p>Wielospektralne:<br \/>\nBlue: 450-510 nm<br \/>\nGreen: 510-580 nm<br \/>\nRed: 630-690 nm<br \/>\nNIR: 870-920 nm<\/p>\n<\/div><\/div><\/div><\/div><\/div><\/div><div class=\"g-cols wpb_row specyfikacja via_flex valign_middle type_default stacking_default\"><div class=\"vc_col-sm-4 wpb_column vc_column_container pierwsza-kol\"><div class=\"vc_column-inner\"><div class=\"wpb_wrapper\"><div class=\"wpb_text_column\"><div class=\"wpb_wrapper\"><p>Czas rewizyty<\/p>\n<\/div><\/div><\/div><\/div><\/div><div class=\"vc_col-sm-8 wpb_column vc_column_container druga-kol\"><div class=\"vc_column-inner\"><div class=\"wpb_wrapper\"><div class=\"wpb_text_column\"><div class=\"wpb_wrapper\"><p>1.1 \u2013 3.7 dnia<\/p>\n<\/div><\/div><\/div><\/div><\/div><\/div><div class=\"g-cols wpb_row specyfikacja via_flex valign_middle type_default stacking_default\"><div class=\"vc_col-sm-4 wpb_column vc_column_container pierwsza-kol\"><div class=\"vc_column-inner\"><div class=\"wpb_wrapper\"><div class=\"wpb_text_column\"><div class=\"wpb_wrapper\"><p>Dzienna rejestracja<\/p>\n<\/div><\/div><\/div><\/div><\/div><div class=\"vc_col-sm-8 wpb_column vc_column_container druga-kol\"><div class=\"vc_column-inner\"><div class=\"wpb_wrapper\"><div class=\"wpb_text_column\"><div class=\"wpb_wrapper\"><p>1 000 000 km<sup>2<\/sup><\/p>\n<\/div><\/div><\/div><\/div><\/div><\/div><div class=\"g-cols wpb_row specyfikacja ostatanie via_flex valign_middle type_default stacking_default\"><div class=\"vc_col-sm-4 wpb_column vc_column_container pierwsza-kol\"><div class=\"vc_column-inner\"><div class=\"wpb_wrapper\"><div class=\"wpb_text_column\"><div class=\"wpb_wrapper\"><p>Rozdzielczo\u015b\u0107 radiometryczna<\/p>\n<\/div><\/div><\/div><\/div><\/div><div class=\"vc_col-sm-8 wpb_column vc_column_container druga-kol\"><div class=\"vc_column-inner\"><div class=\"wpb_wrapper\"><div class=\"wpb_text_column\"><div class=\"wpb_wrapper\"><p>11 bit\u00f3w<\/p>\n<\/div><\/div><\/div><\/div><\/div><\/div><div class=\"g-cols wpb_row specyfikacja via_flex valign_middle type_default stacking_default\"><div class=\"vc_col-sm-4 wpb_column vc_column_container pierwsza-kol\"><div class=\"vc_column-inner\"><div class=\"wpb_wrapper\"><div class=\"wpb_text_column\"><div class=\"wpb_wrapper\"><p>Strona internetowa:<\/p>\n<\/div><\/div><\/div><\/div><\/div><div class=\"vc_col-sm-4 wpb_column vc_column_container druga-kol\"><div class=\"vc_column-inner\"><div class=\"wpb_wrapper\"><div class=\"wpb_text_column\"><div class=\"wpb_wrapper\"><p><a href=\"https:\/\/www.maxar.com\/\">https:\/\/www.maxar.com\/<\/a><\/p>\n<\/div><\/div><\/div><\/div><\/div><\/div><div class=\"g-cols wpb_row specyfikacja ostatanie via_flex valign_middle type_default stacking_default\"><\/div><div class=\"vc_col-sm-4 wpb_column vc_column_container pierwsza-kol\"><div class=\"vc_column-inner\"><div class=\"wpb_wrapper\"><\/div><\/div><\/div><div class=\"wpb_text_column\"><div class=\"wpb_wrapper\"><h2>Ulotki<\/h2>\n<\/div><\/div><div class=\"g-cols wpb_row via_flex valign_top type_default stacking_default\"><div class=\"vc_col-sm-4 wpb_column vc_column_container\"><div class=\"vc_column-inner\"><div class=\"wpb_wrapper\"><div class=\"w-btn-wrapper align_center\"><a class=\"w-btn us-btn-style_5 us_custom_1b04de86 fw-btn\" target=\" _blank\" href=\"http:\/\/progea4d.pl\/wp-content\/uploads\/2018\/09\/GeoEye.pdf\"><span class=\"w-btn-label\">GeoEye<\/span><\/a><\/div><\/div><\/div><\/div><\/div><div class=\"wpb_text_column h2-sp\"><div class=\"wpb_wrapper\"><h2>Kontakt<\/h2>\n<\/div><\/div><div class=\"g-cols wpb_row via_flex valign_top type_default stacking_default\"><div class=\"vc_col-sm-4 wpb_column vc_column_container\"><div class=\"vc_column-inner\"><div class=\"wpb_wrapper\"><div class=\"w-iconbox kontakt-opiekun iconpos_left style_default color_primary align_left no_title\"><div class=\"w-iconbox-icon\" style=\"font-size:50px;\"><i class=\"fas fa-address-book\"><\/i><\/div><div class=\"w-iconbox-meta\"><div class=\"w-iconbox-text\"><p><a href=\"mailto:satelitarne@progea4d.pl\">satelitarne@progea4d.pl<\/a><br \/>\ntel. +48 12 415 06 41<\/p>\n<\/div><\/div><\/div><\/div><\/div><\/div><\/div><div class=\"w-separator size_medium\"><\/div><div class=\"w-grid us_grid type_grid layout_gallery_default cols_4 preload_style_spinner\" id=\"us_grid_1\" style=\"--columns:4;--gap:4px;\" data-filterable=\"true\"><style>@media (max-width:479px){#us_grid_1{--columns:2!important}}.layout_gallery_default .w-grid-item-h{}<\/style><div class=\"w-grid-list\">\t<article class=\"w-grid-item size_1x1 post-1496 attachment type-attachment status-inherit hentry\" data-id=\"1496\">\r\n\t\t<div class=\"w-grid-item-h\">\r\n\t\t\t\t\t\t\t<a ref=\"magnificPopupGrid\" href=\"https:\/\/progea4d.pl\/wp-content\/uploads\/2018\/09\/GeoEye1_1.png\" class=\"w-grid-item-anchor\" aria-label=\"GeoEye1_1\"><\/a>\r\n\t\t\t\t\t\t<div class=\"w-post-elm post_image usg_post_image_1 stretched\"><img loading=\"lazy\" decoding=\"async\" width=\"350\" height=\"350\" src=\"https:\/\/progea4d.pl\/wp-content\/uploads\/2018\/09\/GeoEye1_1-350x350.png\" class=\"attachment-us_350_350_crop size-us_350_350_crop\" alt=\"\" srcset=\"https:\/\/progea4d.pl\/wp-content\/uploads\/2018\/09\/GeoEye1_1-350x350.png 350w, https:\/\/progea4d.pl\/wp-content\/uploads\/2018\/09\/GeoEye1_1-150x150.png 150w, https:\/\/progea4d.pl\/wp-content\/uploads\/2018\/09\/GeoEye1_1-600x600.png 600w\" sizes=\"auto, (max-width: 350px) 100vw, 350px\" \/><\/div>\t\t<\/div>\r\n\t\t\t<\/article>\r\n\t<article class=\"w-grid-item size_1x1 post-1498 attachment type-attachment status-inherit hentry\" data-id=\"1498\">\r\n\t\t<div class=\"w-grid-item-h\">\r\n\t\t\t\t\t\t\t<a ref=\"magnificPopupGrid\" href=\"https:\/\/progea4d.pl\/wp-content\/uploads\/2018\/09\/GeoEye1_2.png\" class=\"w-grid-item-anchor\" aria-label=\"GeoEye1_2\"><\/a>\r\n\t\t\t\t\t\t<div class=\"w-post-elm post_image usg_post_image_1 stretched\"><img loading=\"lazy\" decoding=\"async\" width=\"350\" height=\"350\" src=\"https:\/\/progea4d.pl\/wp-content\/uploads\/2018\/09\/GeoEye1_2-350x350.png\" class=\"attachment-us_350_350_crop size-us_350_350_crop\" alt=\"\" srcset=\"https:\/\/progea4d.pl\/wp-content\/uploads\/2018\/09\/GeoEye1_2-350x350.png 350w, https:\/\/progea4d.pl\/wp-content\/uploads\/2018\/09\/GeoEye1_2-150x150.png 150w, https:\/\/progea4d.pl\/wp-content\/uploads\/2018\/09\/GeoEye1_2-600x600.png 600w\" sizes=\"auto, (max-width: 350px) 100vw, 350px\" \/><\/div>\t\t<\/div>\r\n\t\t\t<\/article>\r\n\t<article class=\"w-grid-item size_1x1 post-1500 attachment type-attachment status-inherit hentry\" data-id=\"1500\">\r\n\t\t<div class=\"w-grid-item-h\">\r\n\t\t\t\t\t\t\t<a ref=\"magnificPopupGrid\" href=\"https:\/\/progea4d.pl\/wp-content\/uploads\/2018\/09\/GeoEye1_3.png\" class=\"w-grid-item-anchor\" aria-label=\"GeoEye1_3\"><\/a>\r\n\t\t\t\t\t\t<div class=\"w-post-elm post_image usg_post_image_1 stretched\"><img loading=\"lazy\" decoding=\"async\" width=\"350\" height=\"350\" src=\"https:\/\/progea4d.pl\/wp-content\/uploads\/2018\/09\/GeoEye1_3-350x350.png\" class=\"attachment-us_350_350_crop size-us_350_350_crop\" alt=\"\" srcset=\"https:\/\/progea4d.pl\/wp-content\/uploads\/2018\/09\/GeoEye1_3-350x350.png 350w, https:\/\/progea4d.pl\/wp-content\/uploads\/2018\/09\/GeoEye1_3-150x150.png 150w, https:\/\/progea4d.pl\/wp-content\/uploads\/2018\/09\/GeoEye1_3-600x600.png 600w\" sizes=\"auto, (max-width: 350px) 100vw, 350px\" \/><\/div>\t\t<\/div>\r\n\t\t\t<\/article>\r\n<\/div>\t<div class=\"w-grid-preloader\">\r\n\t\t<div class=\"g-preloader type_1\">\r\n\t\t\t<div><\/div>\r\n\t\t<\/div>\r\n\t<\/div>\r\n\t\t<div class=\"w-grid-json hidden\" onclick='return {&quot;action&quot;:&quot;us_ajax_grid&quot;,&quot;infinite_scroll&quot;:0,&quot;max_num_pages&quot;:1,&quot;pagination&quot;:&quot;none&quot;,&quot;template_vars&quot;:{&quot;columns&quot;:&quot;4&quot;,&quot;exclude_items&quot;:&quot;none&quot;,&quot;img_size&quot;:&quot;us_350_350_crop&quot;,&quot;ignore_items_size&quot;:0,&quot;items_layout&quot;:&quot;gallery_default&quot;,&quot;items_offset&quot;:&quot;1&quot;,&quot;load_animation&quot;:&quot;none&quot;,&quot;overriding_link&quot;:&quot;%7B%22type%22%3A%22popup_image%22%7D&quot;,&quot;post_id&quot;:0,&quot;query_args&quot;:{&quot;post_type&quot;:[&quot;attachment&quot;],&quot;post__in&quot;:[&quot;1495&quot;,&quot;1497&quot;,&quot;1499&quot;],&quot;post_status&quot;:&quot;inherit&quot;,&quot;post_mime_type&quot;:&quot;image&quot;,&quot;posts_per_page&quot;:999},&quot;orderby_query_args&quot;:{&quot;orderby&quot;:{&quot;post__in&quot;:&quot;ASC&quot;},&quot;order&quot;:&quot;ASC&quot;},&quot;type&quot;:&quot;grid&quot;,&quot;us_grid_post_type&quot;:&quot;attachment&quot;,&quot;us_grid_ajax_index&quot;:1,&quot;us_grid_filter_query_string&quot;:null,&quot;us_grid_index&quot;:1,&quot;page_args&quot;:[],&quot;lang&quot;:&quot;en&quot;}}'><\/div>\r\n\t<\/div><\/div><\/div><\/div><\/div><\/div><\/section>\n","protected":false},"excerpt":{"rendered":"","protected":false},"author":1,"featured_media":0,"parent":1772,"menu_order":4,"comment_status":"closed","ping_status":"closed","template":"","meta":{"_acf_changed":false,"_monsterinsights_skip_tracking":false,"_monsterinsights_sitenote_active":false,"_monsterinsights_sitenote_note":"","_monsterinsights_sitenote_category":0,"footnotes":""},"class_list":["post-1812","page","type-page","status-publish","hentry"],"acf":[],"yoast_head":"<!-- This site is optimized with the Yoast SEO plugin v27.4 - https:\/\/yoast.com\/product\/yoast-seo-wordpress\/ -->\n<title>GeoEye-1 - ProGea 4D<\/title>\n<meta name=\"description\" content=\"GeoEye provides satellite imagery in very high resolution (0,46 m). It is imaging in panchromatic and 4 spectral bands (blue, green, red and near-infrared).\" \/>\n<meta name=\"robots\" content=\"index, follow, max-snippet:-1, max-image-preview:large, max-video-preview:-1\" \/>\n<link rel=\"canonical\" href=\"https:\/\/progea4d.pl\/uslugi\/zobrazowania-satelitarne\/digitalglobe\/geoeye\/\" \/>\n<meta property=\"og:locale\" content=\"en_US\" \/>\n<meta property=\"og:type\" content=\"article\" \/>\n<meta property=\"og:title\" content=\"GeoEye-1 - ProGea 4D\" \/>\n<meta property=\"og:description\" content=\"GeoEye provides satellite imagery in very high resolution (0,46 m). It is imaging in panchromatic and 4 spectral bands (blue, green, red and near-infrared).\" \/>\n<meta property=\"og:url\" content=\"https:\/\/progea4d.pl\/uslugi\/zobrazowania-satelitarne\/digitalglobe\/geoeye\/\" \/>\n<meta property=\"og:site_name\" content=\"ProGea 4D\" \/>\n<meta property=\"article:publisher\" content=\"https:\/\/www.facebook.com\/progea4d\/\" \/>\n<meta property=\"article:modified_time\" content=\"2024-12-06T12:23:58+00:00\" \/>\n<meta name=\"twitter:card\" content=\"summary_large_image\" \/>\n<meta name=\"twitter:site\" content=\"@progea4d\" \/>\n<meta name=\"twitter:label1\" content=\"Est. reading time\" \/>\n\t<meta name=\"twitter:data1\" content=\"1 minute\" \/>\n<script type=\"application\/ld+json\" class=\"yoast-schema-graph\">{\"@context\":\"https:\\\/\\\/schema.org\",\"@graph\":[{\"@type\":\"WebPage\",\"@id\":\"https:\\\/\\\/progea4d.pl\\\/uslugi\\\/zobrazowania-satelitarne\\\/digitalglobe\\\/geoeye\\\/\",\"url\":\"https:\\\/\\\/progea4d.pl\\\/uslugi\\\/zobrazowania-satelitarne\\\/digitalglobe\\\/geoeye\\\/\",\"name\":\"GeoEye-1 - ProGea 4D\",\"isPartOf\":{\"@id\":\"https:\\\/\\\/progea4d.pl\\\/#website\"},\"datePublished\":\"2018-09-15T22:39:31+00:00\",\"dateModified\":\"2024-12-06T12:23:58+00:00\",\"description\":\"GeoEye provides satellite imagery in very high resolution (0,46 m). It is imaging in panchromatic and 4 spectral bands (blue, green, red and near-infrared).\",\"breadcrumb\":{\"@id\":\"https:\\\/\\\/progea4d.pl\\\/uslugi\\\/zobrazowania-satelitarne\\\/digitalglobe\\\/geoeye\\\/#breadcrumb\"},\"inLanguage\":\"en-US\",\"potentialAction\":[{\"@type\":\"ReadAction\",\"target\":[\"https:\\\/\\\/progea4d.pl\\\/uslugi\\\/zobrazowania-satelitarne\\\/digitalglobe\\\/geoeye\\\/\"]}]},{\"@type\":\"BreadcrumbList\",\"@id\":\"https:\\\/\\\/progea4d.pl\\\/uslugi\\\/zobrazowania-satelitarne\\\/digitalglobe\\\/geoeye\\\/#breadcrumb\",\"itemListElement\":[{\"@type\":\"ListItem\",\"position\":1,\"name\":\"Strona g\u0142\u00f3wna\",\"item\":\"https:\\\/\\\/progea4d.pl\\\/en\\\/\"},{\"@type\":\"ListItem\",\"position\":2,\"name\":\"Services\",\"item\":\"https:\\\/\\\/progea4d.pl\\\/en\\\/services\\\/\"},{\"@type\":\"ListItem\",\"position\":3,\"name\":\"Satellite Imagery\",\"item\":\"https:\\\/\\\/progea4d.pl\\\/en\\\/services\\\/satellite-imagery\\\/\"},{\"@type\":\"ListItem\",\"position\":4,\"name\":\"European Space Imaging [Maxar]\",\"item\":\"https:\\\/\\\/progea4d.pl\\\/uslugi\\\/zobrazowania-satelitarne\\\/digitalglobe\\\/\"},{\"@type\":\"ListItem\",\"position\":5,\"name\":\"GeoEye-1\"}]},{\"@type\":\"WebSite\",\"@id\":\"https:\\\/\\\/progea4d.pl\\\/#website\",\"url\":\"https:\\\/\\\/progea4d.pl\\\/\",\"name\":\"ProGea 4D\",\"description\":\"GIS\\\/SIP, GPS, fotogrametria cyfrowa, teledetekcja, WebGIS, LiDAR, Geoportale\",\"publisher\":{\"@id\":\"https:\\\/\\\/progea4d.pl\\\/#organization\"},\"potentialAction\":[{\"@type\":\"SearchAction\",\"target\":{\"@type\":\"EntryPoint\",\"urlTemplate\":\"https:\\\/\\\/progea4d.pl\\\/?s={search_term_string}\"},\"query-input\":{\"@type\":\"PropertyValueSpecification\",\"valueRequired\":true,\"valueName\":\"search_term_string\"}}],\"inLanguage\":\"en-US\"},{\"@type\":\"Organization\",\"@id\":\"https:\\\/\\\/progea4d.pl\\\/#organization\",\"name\":\"ProGea 4D\",\"url\":\"https:\\\/\\\/progea4d.pl\\\/\",\"logo\":{\"@type\":\"ImageObject\",\"inLanguage\":\"en-US\",\"@id\":\"https:\\\/\\\/progea4d.pl\\\/#\\\/schema\\\/logo\\\/image\\\/\",\"url\":\"https:\\\/\\\/progea4d.pl\\\/wp-content\\\/uploads\\\/2018\\\/09\\\/logo-progea.png\",\"contentUrl\":\"https:\\\/\\\/progea4d.pl\\\/wp-content\\\/uploads\\\/2018\\\/09\\\/logo-progea.png\",\"width\":193,\"height\":60,\"caption\":\"ProGea 4D\"},\"image\":{\"@id\":\"https:\\\/\\\/progea4d.pl\\\/#\\\/schema\\\/logo\\\/image\\\/\"},\"sameAs\":[\"https:\\\/\\\/www.facebook.com\\\/progea4d\\\/\",\"https:\\\/\\\/x.com\\\/progea4d\",\"https:\\\/\\\/www.instagram.com\\\/progea_4d\\\/\",\"https:\\\/\\\/pl.linkedin.com\\\/company\\\/progea4d\"]}]}<\/script>\n<!-- \/ Yoast SEO plugin. -->","yoast_head_json":{"title":"GeoEye-1 - ProGea 4D","description":"GeoEye provides satellite imagery in very high resolution (0,46 m). It is imaging in panchromatic and 4 spectral bands (blue, green, red and near-infrared).","robots":{"index":"index","follow":"follow","max-snippet":"max-snippet:-1","max-image-preview":"max-image-preview:large","max-video-preview":"max-video-preview:-1"},"canonical":"https:\/\/progea4d.pl\/uslugi\/zobrazowania-satelitarne\/digitalglobe\/geoeye\/","og_locale":"en_US","og_type":"article","og_title":"GeoEye-1 - ProGea 4D","og_description":"GeoEye provides satellite imagery in very high resolution (0,46 m). It is imaging in panchromatic and 4 spectral bands (blue, green, red and near-infrared).","og_url":"https:\/\/progea4d.pl\/uslugi\/zobrazowania-satelitarne\/digitalglobe\/geoeye\/","og_site_name":"ProGea 4D","article_publisher":"https:\/\/www.facebook.com\/progea4d\/","article_modified_time":"2024-12-06T12:23:58+00:00","twitter_card":"summary_large_image","twitter_site":"@progea4d","twitter_misc":{"Est. reading time":"1 minute"},"schema":{"@context":"https:\/\/schema.org","@graph":[{"@type":"WebPage","@id":"https:\/\/progea4d.pl\/uslugi\/zobrazowania-satelitarne\/digitalglobe\/geoeye\/","url":"https:\/\/progea4d.pl\/uslugi\/zobrazowania-satelitarne\/digitalglobe\/geoeye\/","name":"GeoEye-1 - ProGea 4D","isPartOf":{"@id":"https:\/\/progea4d.pl\/#website"},"datePublished":"2018-09-15T22:39:31+00:00","dateModified":"2024-12-06T12:23:58+00:00","description":"GeoEye provides satellite imagery in very high resolution (0,46 m). It is imaging in panchromatic and 4 spectral bands (blue, green, red and near-infrared).","breadcrumb":{"@id":"https:\/\/progea4d.pl\/uslugi\/zobrazowania-satelitarne\/digitalglobe\/geoeye\/#breadcrumb"},"inLanguage":"en-US","potentialAction":[{"@type":"ReadAction","target":["https:\/\/progea4d.pl\/uslugi\/zobrazowania-satelitarne\/digitalglobe\/geoeye\/"]}]},{"@type":"BreadcrumbList","@id":"https:\/\/progea4d.pl\/uslugi\/zobrazowania-satelitarne\/digitalglobe\/geoeye\/#breadcrumb","itemListElement":[{"@type":"ListItem","position":1,"name":"Strona g\u0142\u00f3wna","item":"https:\/\/progea4d.pl\/en\/"},{"@type":"ListItem","position":2,"name":"Services","item":"https:\/\/progea4d.pl\/en\/services\/"},{"@type":"ListItem","position":3,"name":"Satellite Imagery","item":"https:\/\/progea4d.pl\/en\/services\/satellite-imagery\/"},{"@type":"ListItem","position":4,"name":"European Space Imaging [Maxar]","item":"https:\/\/progea4d.pl\/uslugi\/zobrazowania-satelitarne\/digitalglobe\/"},{"@type":"ListItem","position":5,"name":"GeoEye-1"}]},{"@type":"WebSite","@id":"https:\/\/progea4d.pl\/#website","url":"https:\/\/progea4d.pl\/","name":"ProGea 4D","description":"GIS\/SIP, GPS, fotogrametria cyfrowa, teledetekcja, WebGIS, LiDAR, Geoportale","publisher":{"@id":"https:\/\/progea4d.pl\/#organization"},"potentialAction":[{"@type":"SearchAction","target":{"@type":"EntryPoint","urlTemplate":"https:\/\/progea4d.pl\/?s={search_term_string}"},"query-input":{"@type":"PropertyValueSpecification","valueRequired":true,"valueName":"search_term_string"}}],"inLanguage":"en-US"},{"@type":"Organization","@id":"https:\/\/progea4d.pl\/#organization","name":"ProGea 4D","url":"https:\/\/progea4d.pl\/","logo":{"@type":"ImageObject","inLanguage":"en-US","@id":"https:\/\/progea4d.pl\/#\/schema\/logo\/image\/","url":"https:\/\/progea4d.pl\/wp-content\/uploads\/2018\/09\/logo-progea.png","contentUrl":"https:\/\/progea4d.pl\/wp-content\/uploads\/2018\/09\/logo-progea.png","width":193,"height":60,"caption":"ProGea 4D"},"image":{"@id":"https:\/\/progea4d.pl\/#\/schema\/logo\/image\/"},"sameAs":["https:\/\/www.facebook.com\/progea4d\/","https:\/\/x.com\/progea4d","https:\/\/www.instagram.com\/progea_4d\/","https:\/\/pl.linkedin.com\/company\/progea4d"]}]}},"_links":{"self":[{"href":"https:\/\/progea4d.pl\/en\/wp-json\/wp\/v2\/pages\/1812","targetHints":{"allow":["GET"]}}],"collection":[{"href":"https:\/\/progea4d.pl\/en\/wp-json\/wp\/v2\/pages"}],"about":[{"href":"https:\/\/progea4d.pl\/en\/wp-json\/wp\/v2\/types\/page"}],"author":[{"embeddable":true,"href":"https:\/\/progea4d.pl\/en\/wp-json\/wp\/v2\/users\/1"}],"replies":[{"embeddable":true,"href":"https:\/\/progea4d.pl\/en\/wp-json\/wp\/v2\/comments?post=1812"}],"version-history":[{"count":15,"href":"https:\/\/progea4d.pl\/en\/wp-json\/wp\/v2\/pages\/1812\/revisions"}],"predecessor-version":[{"id":9027,"href":"https:\/\/progea4d.pl\/en\/wp-json\/wp\/v2\/pages\/1812\/revisions\/9027"}],"up":[{"embeddable":true,"href":"https:\/\/progea4d.pl\/en\/wp-json\/wp\/v2\/pages\/1772"}],"wp:attachment":[{"href":"https:\/\/progea4d.pl\/en\/wp-json\/wp\/v2\/media?parent=1812"}],"curies":[{"name":"wp","href":"https:\/\/api.w.org\/{rel}","templated":true}]}}