{"id":1818,"date":"2018-09-16T00:43:32","date_gmt":"2018-09-15T22:43:32","guid":{"rendered":"http:\/\/progea4d.pl\/services\/satellite-imagery\/digitalglobe\/ikonos\/"},"modified":"2021-07-21T14:35:46","modified_gmt":"2021-07-21T12:35:46","slug":"ikonos","status":"publish","type":"page","link":"https:\/\/progea4d.pl\/en\/services\/satellite-imagery\/digitalglobe\/ikonos\/","title":{"rendered":"IKONOS \u2013 2"},"content":{"rendered":"<section class=\"l-section wpb_row height_large\"><div class=\"l-section-h i-cf\"><div class=\"g-cols vc_row via_flex valign_top type_default stacking_default\"><div class=\"vc_col-sm-12 wpb_column vc_column_container\"><div class=\"vc_column-inner\"><div class=\"wpb_wrapper\"><div class=\"wpb_text_column\"><div class=\"wpb_wrapper\"><h1>IKONOS \u2013 2<\/h1>\n<\/div><\/div><div class=\"g-cols wpb_row via_flex valign_top type_default stacking_default\"><div class=\"vc_col-sm-8 wpb_column vc_column_container text-justify\"><div class=\"vc_column-inner\"><div class=\"wpb_wrapper\"><div class=\"wpb_text_column text-justify\"><div class=\"wpb_wrapper\"><p><strong><a href=\"https:\/\/www.digitalglobe.com\/products\/standard-imagery\" target=\"_blank\" rel=\"noopener noreferrer\">IKONOS-2 <\/a><\/strong>is the world&#8217;s first commercial satellite providing panchromatic images with a resolution of 0.82 m and multispectral imaging (4 ranges: blue, green, red, infrared) with a resolution of 3.2 m. The average time of the visit is 3 days. In one day, the satellite is able to image 240,000 km2. Data obtained by IKONOS are used in maritime and air transport, military mapping, national security and administration.<\/p>\n<\/div><\/div><\/div><\/div><\/div><div class=\"vc_col-sm-4 wpb_column vc_column_container\"><div class=\"vc_column-inner\"><div class=\"wpb_wrapper\"><div class=\"w-image align_center\"><div class=\"w-image-h\"><img decoding=\"async\" width=\"600\" height=\"400\" src=\"https:\/\/progea4d.pl\/wp-content\/uploads\/2018\/09\/Ikonos.png\" class=\"attachment-full size-full\" alt=\"\" loading=\"lazy\" srcset=\"https:\/\/progea4d.pl\/wp-content\/uploads\/2018\/09\/Ikonos.png 600w, https:\/\/progea4d.pl\/wp-content\/uploads\/2018\/09\/Ikonos-300x200.png 300w\" sizes=\"auto, (max-width: 600px) 100vw, 600px\" \/><\/div><\/div><\/div><\/div><\/div><\/div><div class=\"wpb_text_column text-justify h2-sp\"><div class=\"wpb_wrapper\"><h2>Specification<\/h2>\n<\/div><\/div><div class=\"g-cols wpb_row specyfikacja via_flex valign_middle type_default stacking_default\"><div class=\"vc_col-sm-4 wpb_column vc_column_container pierwsza-kol\"><div class=\"vc_column-inner\"><div class=\"wpb_wrapper\"><div class=\"wpb_text_column\"><div class=\"wpb_wrapper\"><p>Spatial resolution (GSD)<\/p>\n<\/div><\/div><\/div><\/div><\/div><div class=\"vc_col-sm-4 wpb_column vc_column_container druga-kol\"><div class=\"vc_column-inner\"><div class=\"wpb_wrapper\"><div class=\"wpb_text_column\"><div class=\"wpb_wrapper\"><p>Panchromatic image: 0.82 m<br \/>\nMultispectral image: 3.2 m<\/p>\n<\/div><\/div><\/div><\/div><\/div><\/div><div class=\"g-cols wpb_row specyfikacja via_flex valign_middle type_default stacking_default\"><div class=\"vc_col-sm-4 wpb_column vc_column_container pierwsza-kol\"><div class=\"vc_column-inner\"><div class=\"wpb_wrapper\"><div class=\"wpb_text_column\"><div class=\"wpb_wrapper\"><p>Spectral bands<\/p>\n<\/div><\/div><\/div><\/div><\/div><div class=\"vc_col-sm-8 wpb_column vc_column_container druga-kol\"><div class=\"vc_column-inner\"><div class=\"wpb_wrapper\"><div class=\"wpb_text_column\"><div class=\"wpb_wrapper\"><p>Panchromatic: 450-800 nm<\/p>\n<p>Multispectral::<br \/>\nBlue: 440-510 nm<br \/>\nGreen: 510-590 nm<br \/>\nRed: 630-690 nm<br \/>\nNIR: 750 -850 nm<\/p>\n<\/div><\/div><\/div><\/div><\/div><\/div><div class=\"g-cols wpb_row specyfikacja via_flex valign_middle type_default stacking_default\"><div class=\"vc_col-sm-4 wpb_column vc_column_container pierwsza-kol\"><div class=\"vc_column-inner\"><div class=\"wpb_wrapper\"><div class=\"wpb_text_column\"><div class=\"wpb_wrapper\"><p>Revisit frequency<\/p>\n<\/div><\/div><\/div><\/div><\/div><div class=\"vc_col-sm-8 wpb_column vc_column_container druga-kol\"><div class=\"vc_column-inner\"><div class=\"wpb_wrapper\"><div class=\"wpb_text_column\"><div class=\"wpb_wrapper\"><p>3 days<\/p>\n<\/div><\/div><\/div><\/div><\/div><\/div><div class=\"g-cols wpb_row specyfikacja via_flex valign_middle type_default stacking_default\"><div class=\"vc_col-sm-4 wpb_column vc_column_container pierwsza-kol\"><div class=\"vc_column-inner\"><div class=\"wpb_wrapper\"><div class=\"wpb_text_column\"><div class=\"wpb_wrapper\"><p>Capacity<\/p>\n<\/div><\/div><\/div><\/div><\/div><div class=\"vc_col-sm-8 wpb_column vc_column_container druga-kol\"><div class=\"vc_column-inner\"><div class=\"wpb_wrapper\"><div class=\"wpb_text_column\"><div class=\"wpb_wrapper\"><p>240.000 sq km per day<\/p>\n<\/div><\/div><\/div><\/div><\/div><\/div><div class=\"g-cols wpb_row specyfikacja ostatanie via_flex valign_middle type_default stacking_default\"><div class=\"vc_col-sm-4 wpb_column vc_column_container pierwsza-kol\"><div class=\"vc_column-inner\"><div class=\"wpb_wrapper\"><div class=\"wpb_text_column\"><div class=\"wpb_wrapper\"><p>Radiometric resolution<\/p>\n<\/div><\/div><\/div><\/div><\/div><div class=\"vc_col-sm-8 wpb_column vc_column_container druga-kol\"><div class=\"vc_column-inner\"><div class=\"wpb_wrapper\"><div class=\"wpb_text_column\"><div class=\"wpb_wrapper\"><p>11 bits per pixel<\/p>\n<\/div><\/div><\/div><\/div><\/div><\/div><div class=\"g-cols wpb_row specyfikacja via_flex valign_middle type_default stacking_default\"><div class=\"vc_col-sm-4 wpb_column vc_column_container pierwsza-kol\"><div class=\"vc_column-inner\"><div class=\"wpb_wrapper\"><div class=\"wpb_text_column\"><div class=\"wpb_wrapper\"><p>Strona internetowa:<\/p>\n<\/div><\/div><\/div><\/div><\/div><div class=\"vc_col-sm-4 wpb_column vc_column_container druga-kol\"><div class=\"vc_column-inner\"><div class=\"wpb_wrapper\"><div class=\"wpb_text_column\"><div class=\"wpb_wrapper\"><p><a href=\"https:\/\/www.planet.com\/\">https:\/\/www.maxar.com\/<\/a><\/p>\n<\/div><\/div><\/div><\/div><\/div><\/div><div class=\"g-cols wpb_row specyfikacja ostatanie via_flex valign_middle type_default stacking_default\"><\/div><div class=\"vc_col-sm-4 wpb_column vc_column_container pierwsza-kol\"><div class=\"vc_column-inner\"><div class=\"wpb_wrapper\"><\/div><\/div><\/div><div class=\"wpb_text_column\"><div class=\"wpb_wrapper\"><h2>Contact<\/h2>\n<\/div><\/div><div class=\"w-iconbox kontakt-opiekun iconpos_left style_default color_primary align_left no_title\"><div class=\"w-iconbox-icon\" style=\"font-size:50px;\"><i class=\"fas fa-address-book\"><\/i><\/div><div class=\"w-iconbox-meta\"><div class=\"w-iconbox-text\"><p><a class=\"mailto-link\" href=\"mailto:satelitarne@progea4d.pl\" target=\"_blank\" rel=\"noopener\">satelitarne@progea4d.pl<\/a><br \/>\ntel. +48 12 415 06 41<\/p>\n<\/div><\/div><\/div><\/div><\/div><\/div><\/div><\/div><\/section>\n","protected":false},"excerpt":{"rendered":"IKONOS \u2013 2 IKONOS-2 is the world&#8217;s first commercial satellite providing panchromatic images with a resolution of 0.82 m and multispectral imaging (4 ranges: blue, green, red, infrared) with a resolution of 3.2 m. The average time of the visit is 3 days. In one day, the satellite is able to image 240,000 km2. Data...","protected":false},"author":1,"featured_media":0,"parent":1772,"menu_order":6,"comment_status":"closed","ping_status":"closed","template":"","meta":{"_acf_changed":false,"_monsterinsights_skip_tracking":false,"_monsterinsights_sitenote_active":false,"_monsterinsights_sitenote_note":"","_monsterinsights_sitenote_category":0,"footnotes":""},"class_list":["post-1818","page","type-page","status-publish","hentry"],"acf":[],"yoast_head":"<!-- This site is optimized with the Yoast SEO plugin v27.4 - https:\/\/yoast.com\/product\/yoast-seo-wordpress\/ -->\n<title>IKONOS \u2013 2 - ProGea 4D<\/title>\n<meta name=\"description\" content=\"IKONOS-2 to pierwszy na \u015bwicie komercyjny satelita dostarczaj\u0105cy zobrazowania panchromatyczne o rozdzielczo\u015bci 0.82 m oraz multispektralne (4 zakresy: niebieski, zielony, czerwony, podczerwony) o rozdzielczo\u015bci 3.2 m.\" \/>\n<meta name=\"robots\" content=\"index, follow, max-snippet:-1, max-image-preview:large, max-video-preview:-1\" \/>\n<link rel=\"canonical\" href=\"https:\/\/progea4d.pl\/uslugi\/zobrazowania-satelitarne\/digitalglobe\/ikonos\/\" \/>\n<meta property=\"og:locale\" content=\"en_US\" \/>\n<meta property=\"og:type\" content=\"article\" \/>\n<meta property=\"og:title\" content=\"IKONOS \u2013 2 - ProGea 4D\" \/>\n<meta property=\"og:description\" content=\"IKONOS-2 to pierwszy na \u015bwicie komercyjny satelita dostarczaj\u0105cy zobrazowania panchromatyczne o rozdzielczo\u015bci 0.82 m oraz multispektralne (4 zakresy: niebieski, zielony, czerwony, podczerwony) o rozdzielczo\u015bci 3.2 m.\" \/>\n<meta property=\"og:url\" content=\"https:\/\/progea4d.pl\/uslugi\/zobrazowania-satelitarne\/digitalglobe\/ikonos\/\" \/>\n<meta property=\"og:site_name\" content=\"ProGea 4D\" \/>\n<meta property=\"article:publisher\" content=\"https:\/\/www.facebook.com\/progea4d\/\" \/>\n<meta property=\"article:modified_time\" content=\"2021-07-21T12:35:46+00:00\" \/>\n<meta name=\"twitter:card\" content=\"summary_large_image\" \/>\n<meta name=\"twitter:site\" content=\"@progea4d\" \/>\n<meta name=\"twitter:label1\" content=\"Est. reading time\" \/>\n\t<meta name=\"twitter:data1\" content=\"1 minute\" \/>\n<script type=\"application\/ld+json\" class=\"yoast-schema-graph\">{\"@context\":\"https:\\\/\\\/schema.org\",\"@graph\":[{\"@type\":\"WebPage\",\"@id\":\"https:\\\/\\\/progea4d.pl\\\/uslugi\\\/zobrazowania-satelitarne\\\/digitalglobe\\\/ikonos\\\/\",\"url\":\"https:\\\/\\\/progea4d.pl\\\/uslugi\\\/zobrazowania-satelitarne\\\/digitalglobe\\\/ikonos\\\/\",\"name\":\"IKONOS \u2013 2 - ProGea 4D\",\"isPartOf\":{\"@id\":\"https:\\\/\\\/progea4d.pl\\\/#website\"},\"datePublished\":\"2018-09-15T22:43:32+00:00\",\"dateModified\":\"2021-07-21T12:35:46+00:00\",\"description\":\"IKONOS-2 to pierwszy na \u015bwicie komercyjny satelita dostarczaj\u0105cy zobrazowania panchromatyczne o rozdzielczo\u015bci 0.82 m oraz multispektralne (4 zakresy: niebieski, zielony, czerwony, podczerwony) o rozdzielczo\u015bci 3.2 m.\",\"breadcrumb\":{\"@id\":\"https:\\\/\\\/progea4d.pl\\\/uslugi\\\/zobrazowania-satelitarne\\\/digitalglobe\\\/ikonos\\\/#breadcrumb\"},\"inLanguage\":\"en-US\",\"potentialAction\":[{\"@type\":\"ReadAction\",\"target\":[\"https:\\\/\\\/progea4d.pl\\\/uslugi\\\/zobrazowania-satelitarne\\\/digitalglobe\\\/ikonos\\\/\"]}]},{\"@type\":\"BreadcrumbList\",\"@id\":\"https:\\\/\\\/progea4d.pl\\\/uslugi\\\/zobrazowania-satelitarne\\\/digitalglobe\\\/ikonos\\\/#breadcrumb\",\"itemListElement\":[{\"@type\":\"ListItem\",\"position\":1,\"name\":\"Strona g\u0142\u00f3wna\",\"item\":\"https:\\\/\\\/progea4d.pl\\\/en\\\/\"},{\"@type\":\"ListItem\",\"position\":2,\"name\":\"Services\",\"item\":\"https:\\\/\\\/progea4d.pl\\\/en\\\/services\\\/\"},{\"@type\":\"ListItem\",\"position\":3,\"name\":\"Satellite Imagery\",\"item\":\"https:\\\/\\\/progea4d.pl\\\/en\\\/services\\\/satellite-imagery\\\/\"},{\"@type\":\"ListItem\",\"position\":4,\"name\":\"European Space Imaging [Maxar]\",\"item\":\"https:\\\/\\\/progea4d.pl\\\/uslugi\\\/zobrazowania-satelitarne\\\/digitalglobe\\\/\"},{\"@type\":\"ListItem\",\"position\":5,\"name\":\"IKONOS \u2013 2\"}]},{\"@type\":\"WebSite\",\"@id\":\"https:\\\/\\\/progea4d.pl\\\/#website\",\"url\":\"https:\\\/\\\/progea4d.pl\\\/\",\"name\":\"ProGea 4D\",\"description\":\"GIS\\\/SIP, GPS, fotogrametria cyfrowa, teledetekcja, WebGIS, LiDAR, Geoportale\",\"publisher\":{\"@id\":\"https:\\\/\\\/progea4d.pl\\\/#organization\"},\"potentialAction\":[{\"@type\":\"SearchAction\",\"target\":{\"@type\":\"EntryPoint\",\"urlTemplate\":\"https:\\\/\\\/progea4d.pl\\\/?s={search_term_string}\"},\"query-input\":{\"@type\":\"PropertyValueSpecification\",\"valueRequired\":true,\"valueName\":\"search_term_string\"}}],\"inLanguage\":\"en-US\"},{\"@type\":\"Organization\",\"@id\":\"https:\\\/\\\/progea4d.pl\\\/#organization\",\"name\":\"ProGea 4D\",\"url\":\"https:\\\/\\\/progea4d.pl\\\/\",\"logo\":{\"@type\":\"ImageObject\",\"inLanguage\":\"en-US\",\"@id\":\"https:\\\/\\\/progea4d.pl\\\/#\\\/schema\\\/logo\\\/image\\\/\",\"url\":\"https:\\\/\\\/progea4d.pl\\\/wp-content\\\/uploads\\\/2018\\\/09\\\/logo-progea.png\",\"contentUrl\":\"https:\\\/\\\/progea4d.pl\\\/wp-content\\\/uploads\\\/2018\\\/09\\\/logo-progea.png\",\"width\":193,\"height\":60,\"caption\":\"ProGea 4D\"},\"image\":{\"@id\":\"https:\\\/\\\/progea4d.pl\\\/#\\\/schema\\\/logo\\\/image\\\/\"},\"sameAs\":[\"https:\\\/\\\/www.facebook.com\\\/progea4d\\\/\",\"https:\\\/\\\/x.com\\\/progea4d\",\"https:\\\/\\\/www.instagram.com\\\/progea_4d\\\/\",\"https:\\\/\\\/pl.linkedin.com\\\/company\\\/progea4d\"]}]}<\/script>\n<!-- \/ Yoast SEO plugin. -->","yoast_head_json":{"title":"IKONOS \u2013 2 - ProGea 4D","description":"IKONOS-2 to pierwszy na \u015bwicie komercyjny satelita dostarczaj\u0105cy zobrazowania panchromatyczne o rozdzielczo\u015bci 0.82 m oraz multispektralne (4 zakresy: niebieski, zielony, czerwony, podczerwony) o rozdzielczo\u015bci 3.2 m.","robots":{"index":"index","follow":"follow","max-snippet":"max-snippet:-1","max-image-preview":"max-image-preview:large","max-video-preview":"max-video-preview:-1"},"canonical":"https:\/\/progea4d.pl\/uslugi\/zobrazowania-satelitarne\/digitalglobe\/ikonos\/","og_locale":"en_US","og_type":"article","og_title":"IKONOS \u2013 2 - ProGea 4D","og_description":"IKONOS-2 to pierwszy na \u015bwicie komercyjny satelita dostarczaj\u0105cy zobrazowania panchromatyczne o rozdzielczo\u015bci 0.82 m oraz multispektralne (4 zakresy: niebieski, zielony, czerwony, podczerwony) o rozdzielczo\u015bci 3.2 m.","og_url":"https:\/\/progea4d.pl\/uslugi\/zobrazowania-satelitarne\/digitalglobe\/ikonos\/","og_site_name":"ProGea 4D","article_publisher":"https:\/\/www.facebook.com\/progea4d\/","article_modified_time":"2021-07-21T12:35:46+00:00","twitter_card":"summary_large_image","twitter_site":"@progea4d","twitter_misc":{"Est. reading time":"1 minute"},"schema":{"@context":"https:\/\/schema.org","@graph":[{"@type":"WebPage","@id":"https:\/\/progea4d.pl\/uslugi\/zobrazowania-satelitarne\/digitalglobe\/ikonos\/","url":"https:\/\/progea4d.pl\/uslugi\/zobrazowania-satelitarne\/digitalglobe\/ikonos\/","name":"IKONOS \u2013 2 - ProGea 4D","isPartOf":{"@id":"https:\/\/progea4d.pl\/#website"},"datePublished":"2018-09-15T22:43:32+00:00","dateModified":"2021-07-21T12:35:46+00:00","description":"IKONOS-2 to pierwszy na \u015bwicie komercyjny satelita dostarczaj\u0105cy zobrazowania panchromatyczne o rozdzielczo\u015bci 0.82 m oraz multispektralne (4 zakresy: niebieski, zielony, czerwony, podczerwony) o rozdzielczo\u015bci 3.2 m.","breadcrumb":{"@id":"https:\/\/progea4d.pl\/uslugi\/zobrazowania-satelitarne\/digitalglobe\/ikonos\/#breadcrumb"},"inLanguage":"en-US","potentialAction":[{"@type":"ReadAction","target":["https:\/\/progea4d.pl\/uslugi\/zobrazowania-satelitarne\/digitalglobe\/ikonos\/"]}]},{"@type":"BreadcrumbList","@id":"https:\/\/progea4d.pl\/uslugi\/zobrazowania-satelitarne\/digitalglobe\/ikonos\/#breadcrumb","itemListElement":[{"@type":"ListItem","position":1,"name":"Strona g\u0142\u00f3wna","item":"https:\/\/progea4d.pl\/en\/"},{"@type":"ListItem","position":2,"name":"Services","item":"https:\/\/progea4d.pl\/en\/services\/"},{"@type":"ListItem","position":3,"name":"Satellite Imagery","item":"https:\/\/progea4d.pl\/en\/services\/satellite-imagery\/"},{"@type":"ListItem","position":4,"name":"European Space Imaging [Maxar]","item":"https:\/\/progea4d.pl\/uslugi\/zobrazowania-satelitarne\/digitalglobe\/"},{"@type":"ListItem","position":5,"name":"IKONOS \u2013 2"}]},{"@type":"WebSite","@id":"https:\/\/progea4d.pl\/#website","url":"https:\/\/progea4d.pl\/","name":"ProGea 4D","description":"GIS\/SIP, GPS, fotogrametria cyfrowa, teledetekcja, WebGIS, LiDAR, Geoportale","publisher":{"@id":"https:\/\/progea4d.pl\/#organization"},"potentialAction":[{"@type":"SearchAction","target":{"@type":"EntryPoint","urlTemplate":"https:\/\/progea4d.pl\/?s={search_term_string}"},"query-input":{"@type":"PropertyValueSpecification","valueRequired":true,"valueName":"search_term_string"}}],"inLanguage":"en-US"},{"@type":"Organization","@id":"https:\/\/progea4d.pl\/#organization","name":"ProGea 4D","url":"https:\/\/progea4d.pl\/","logo":{"@type":"ImageObject","inLanguage":"en-US","@id":"https:\/\/progea4d.pl\/#\/schema\/logo\/image\/","url":"https:\/\/progea4d.pl\/wp-content\/uploads\/2018\/09\/logo-progea.png","contentUrl":"https:\/\/progea4d.pl\/wp-content\/uploads\/2018\/09\/logo-progea.png","width":193,"height":60,"caption":"ProGea 4D"},"image":{"@id":"https:\/\/progea4d.pl\/#\/schema\/logo\/image\/"},"sameAs":["https:\/\/www.facebook.com\/progea4d\/","https:\/\/x.com\/progea4d","https:\/\/www.instagram.com\/progea_4d\/","https:\/\/pl.linkedin.com\/company\/progea4d"]}]}},"_links":{"self":[{"href":"https:\/\/progea4d.pl\/en\/wp-json\/wp\/v2\/pages\/1818","targetHints":{"allow":["GET"]}}],"collection":[{"href":"https:\/\/progea4d.pl\/en\/wp-json\/wp\/v2\/pages"}],"about":[{"href":"https:\/\/progea4d.pl\/en\/wp-json\/wp\/v2\/types\/page"}],"author":[{"embeddable":true,"href":"https:\/\/progea4d.pl\/en\/wp-json\/wp\/v2\/users\/1"}],"replies":[{"embeddable":true,"href":"https:\/\/progea4d.pl\/en\/wp-json\/wp\/v2\/comments?post=1818"}],"version-history":[{"count":11,"href":"https:\/\/progea4d.pl\/en\/wp-json\/wp\/v2\/pages\/1818\/revisions"}],"predecessor-version":[{"id":6574,"href":"https:\/\/progea4d.pl\/en\/wp-json\/wp\/v2\/pages\/1818\/revisions\/6574"}],"up":[{"embeddable":true,"href":"https:\/\/progea4d.pl\/en\/wp-json\/wp\/v2\/pages\/1772"}],"wp:attachment":[{"href":"https:\/\/progea4d.pl\/en\/wp-json\/wp\/v2\/media?parent=1818"}],"curies":[{"name":"wp","href":"https:\/\/api.w.org\/{rel}","templated":true}]}}