{"id":1829,"date":"2018-09-16T00:55:30","date_gmt":"2018-09-15T22:55:30","guid":{"rendered":"http:\/\/progea4d.pl\/services\/satellite-imagery\/kompsat\/kompsat-2\/"},"modified":"2021-02-09T08:56:48","modified_gmt":"2021-02-09T07:56:48","slug":"kompsat-2","status":"publish","type":"page","link":"https:\/\/progea4d.pl\/en\/services\/satellite-imagery\/kompsat\/kompsat-2\/","title":{"rendered":"KOMPSAT-2"},"content":{"rendered":"<section class=\"l-section wpb_row height_large\"><div class=\"l-section-h i-cf\"><div class=\"g-cols vc_row via_flex valign_top type_default stacking_default\"><div class=\"vc_col-sm-12 wpb_column vc_column_container\"><div class=\"vc_column-inner\"><div class=\"wpb_wrapper\"><div class=\"wpb_text_column\"><div class=\"wpb_wrapper\"><h1>KOMPSAT-2<\/h1>\n<\/div><\/div><div class=\"g-cols wpb_row via_flex valign_top type_default stacking_default\"><div class=\"vc_col-sm-8 wpb_column vc_column_container text-justify\"><div class=\"vc_column-inner\"><div class=\"wpb_wrapper\"><div class=\"wpb_text_column text-justify\"><div class=\"wpb_wrapper\"><p>KOMPSAT-2 is the second generation of satellites from the Korean research consortium KARI, following the concluded KOMPSAT-1 mission. Every day it records an area of about 1,700,000 km2 from a height of 685 km in 4 spectral channels and a spatial resolution of 1.0 m. Due to the preservation of wavelength ranges similar to the spectral channels of the Landsat-7 satellite, these images are compatible with each other, which can be very important when comparing environmental indicators and other parameters (same for KOMPSAT-3 and KOMPSAT-3A). This satellite has been operating since 28 July 2006, and as a result contains a rich archive of images acquired over the past two decades.<\/p>\n<p>Imagery is available in 2 different processing levels:<br \/>\n&#8211; product 1R &#8211; after radiometric and sensor correction, in TIFF format;<br \/>\n&#8211; 1 G product &#8211; after radiometric and sensor correction, and also orthorectified, in GeoTIFF format.<\/p>\n<\/div><\/div><\/div><\/div><\/div><div class=\"vc_col-sm-4 wpb_column vc_column_container\"><div class=\"vc_column-inner\"><div class=\"wpb_wrapper\"><div class=\"w-image align_center\"><div class=\"w-image-h\"><img decoding=\"async\" width=\"600\" height=\"400\" src=\"https:\/\/progea4d.pl\/wp-content\/uploads\/2018\/09\/KOMPSAT_2-1.png\" class=\"attachment-full size-full\" alt=\"\" loading=\"lazy\" srcset=\"https:\/\/progea4d.pl\/wp-content\/uploads\/2018\/09\/KOMPSAT_2-1.png 600w, https:\/\/progea4d.pl\/wp-content\/uploads\/2018\/09\/KOMPSAT_2-1-300x200.png 300w\" sizes=\"auto, (max-width: 600px) 100vw, 600px\" \/><\/div><\/div><\/div><\/div><\/div><\/div><div class=\"wpb_text_column text-justify h2-sp\"><div class=\"wpb_wrapper\"><p>In addition, the user can choose whether to receive the data in the form of a ready image on which pansharpening was carried out, or in the form of separate channels (R, G, B, NIR + panchromatic channel).<\/p>\n<h2>Specification<\/h2>\n<\/div><\/div><div class=\"g-cols wpb_row specyfikacja via_flex valign_middle type_default stacking_default\"><div class=\"vc_col-sm-4 wpb_column vc_column_container pierwsza-kol\"><div class=\"vc_column-inner\"><div class=\"wpb_wrapper\"><div class=\"wpb_text_column\"><div class=\"wpb_wrapper\"><p>Spatial resolution (GSD)<\/p>\n<\/div><\/div><\/div><\/div><\/div><div class=\"vc_col-sm-4 wpb_column vc_column_container druga-kol\"><div class=\"vc_column-inner\"><div class=\"wpb_wrapper\"><div class=\"wpb_text_column\"><div class=\"wpb_wrapper\"><p>Panchromatic images: 1 m<br \/>\nMultispectral images: 4 m<\/p>\n<\/div><\/div><\/div><\/div><\/div><\/div><div class=\"g-cols wpb_row specyfikacja via_flex valign_middle type_default stacking_default\"><div class=\"vc_col-sm-4 wpb_column vc_column_container pierwsza-kol\"><div class=\"vc_column-inner\"><div class=\"wpb_wrapper\"><div class=\"wpb_text_column\"><div class=\"wpb_wrapper\"><p>Spectral bands<\/p>\n<\/div><\/div><\/div><\/div><\/div><div class=\"vc_col-sm-8 wpb_column vc_column_container druga-kol\"><div class=\"vc_column-inner\"><div class=\"wpb_wrapper\"><div class=\"wpb_text_column\"><div class=\"wpb_wrapper\"><p>Panchromatic: 500 \u2013 900 nm<\/p>\n<p>Multispectral:<br \/>\nBlue: 450-520 nm<br \/>\nGreen: 520 \u2013 600 nm<br \/>\nRed: 600-690 nm<br \/>\nNIR: 760-900 nm<\/p>\n<\/div><\/div><\/div><\/div><\/div><\/div><div class=\"g-cols wpb_row specyfikacja via_flex valign_middle type_default stacking_default\"><div class=\"vc_col-sm-4 wpb_column vc_column_container pierwsza-kol\"><div class=\"vc_column-inner\"><div class=\"wpb_wrapper\"><div class=\"wpb_text_column\"><div class=\"wpb_wrapper\"><p>Revisit frequency<\/p>\n<\/div><\/div><\/div><\/div><\/div><div class=\"vc_col-sm-8 wpb_column vc_column_container druga-kol\"><div class=\"vc_column-inner\"><div class=\"wpb_wrapper\"><div class=\"wpb_text_column\"><div class=\"wpb_wrapper\"><p>3.5 days average<\/p>\n<\/div><\/div><\/div><\/div><\/div><\/div><div class=\"g-cols wpb_row specyfikacja via_flex valign_middle type_default stacking_default\"><div class=\"vc_col-sm-4 wpb_column vc_column_container pierwsza-kol\"><div class=\"vc_column-inner\"><div class=\"wpb_wrapper\"><div class=\"wpb_text_column\"><div class=\"wpb_wrapper\"><p>Capacity<\/p>\n<\/div><\/div><\/div><\/div><\/div><div class=\"vc_col-sm-8 wpb_column vc_column_container druga-kol\"><div class=\"vc_column-inner\"><div class=\"wpb_wrapper\"><div class=\"wpb_text_column\"><div class=\"wpb_wrapper\"><p>1 700 000 sq km<\/p>\n<\/div><\/div><\/div><\/div><\/div><\/div><div class=\"g-cols wpb_row specyfikacja ostatanie via_flex valign_middle type_default stacking_default\"><div class=\"vc_col-sm-4 wpb_column vc_column_container pierwsza-kol\"><div class=\"vc_column-inner\"><div class=\"wpb_wrapper\"><div class=\"wpb_text_column\"><div class=\"wpb_wrapper\"><p>Radiometric resolution<\/p>\n<\/div><\/div><\/div><\/div><\/div><div class=\"vc_col-sm-8 wpb_column vc_column_container druga-kol\"><div class=\"vc_column-inner\"><div class=\"wpb_wrapper\"><div class=\"wpb_text_column\"><div class=\"wpb_wrapper\"><p>10 bits per pixel<\/p>\n<\/div><\/div><\/div><\/div><\/div><\/div><div class=\"g-cols wpb_row specyfikacja via_flex valign_middle type_default stacking_default\"><div class=\"vc_col-sm-4 wpb_column vc_column_container pierwsza-kol\"><div class=\"vc_column-inner\"><div class=\"wpb_wrapper\"><div class=\"wpb_text_column\"><div class=\"wpb_wrapper\"><p>Webpage:<\/p>\n<\/div><\/div><\/div><\/div><\/div><div class=\"vc_col-sm-4 wpb_column vc_column_container druga-kol\"><div class=\"vc_column-inner\"><div class=\"wpb_wrapper\"><div class=\"wpb_text_column\"><div class=\"wpb_wrapper\"><p><a href=\"https:\/\/www.si-imaging.com\/\">https:\/\/www.si-imaging.com\/<\/a><\/p>\n<\/div><\/div><\/div><\/div><\/div><\/div><div class=\"g-cols wpb_row specyfikacja ostatanie via_flex valign_middle type_default stacking_default\"><\/div><div class=\"vc_col-sm-4 wpb_column vc_column_container pierwsza-kol\"><div class=\"vc_column-inner\"><div class=\"wpb_wrapper\"><\/div><\/div><\/div><div class=\"wpb_text_column\"><div class=\"wpb_wrapper\"><h2>Contact<\/h2>\n<\/div><\/div><div class=\"g-cols wpb_row via_flex valign_top type_default stacking_default\"><div class=\"vc_col-sm-4 wpb_column vc_column_container\"><div class=\"vc_column-inner\"><div class=\"wpb_wrapper\"><div class=\"w-iconbox kontakt-opiekun iconpos_left style_default color_primary align_left no_title\"><div class=\"w-iconbox-icon\" style=\"font-size:50px;\"><i class=\"fas fa-address-book\"><\/i><\/div><div class=\"w-iconbox-meta\"><div class=\"w-iconbox-text\"><p><a class=\"mailto-link\" href=\"mailto:satelitarne@progea4d.pl\" target=\"_blank\" rel=\"noopener\">satelitarne@progea4d.pl<\/a><br \/>\ntel. +48 12 415 06 41<\/p>\n<\/div><\/div><\/div><\/div><\/div><\/div><div class=\"vc_col-sm-4 wpb_column vc_column_container\"><div class=\"vc_column-inner\"><div class=\"wpb_wrapper\"><\/div><\/div><\/div><\/div><div class=\"w-separator size_medium\"><\/div><div class=\"w-grid us_grid type_grid layout_gallery_default cols_4 preload_style_spinner\" id=\"us_grid_1\" style=\"--columns:4;--gap:4px;\" data-filterable=\"true\"><style>@media (max-width:479px){#us_grid_1{--columns:2!important}}.layout_gallery_default .w-grid-item-h{}<\/style><div class=\"w-grid-list\">\t<article class=\"w-grid-item size_1x1 post-1511 attachment type-attachment status-inherit hentry\" data-id=\"1511\">\r\n\t\t<div class=\"w-grid-item-h\">\r\n\t\t\t\t\t\t\t<a ref=\"magnificPopupGrid\" href=\"https:\/\/progea4d.pl\/wp-content\/uploads\/2018\/09\/Obrazy_KOMPSAT-2.png\" class=\"w-grid-item-anchor\" aria-label=\"Obrazy_KOMPSAT-2\"><\/a>\r\n\t\t\t\t\t\t<div class=\"w-post-elm post_image usg_post_image_1 stretched\"><img loading=\"lazy\" decoding=\"async\" width=\"350\" height=\"350\" src=\"https:\/\/progea4d.pl\/wp-content\/uploads\/2018\/09\/Obrazy_KOMPSAT-2-350x350.png\" class=\"attachment-us_350_350_crop size-us_350_350_crop\" alt=\"\" srcset=\"https:\/\/progea4d.pl\/wp-content\/uploads\/2018\/09\/Obrazy_KOMPSAT-2-350x350.png 350w, https:\/\/progea4d.pl\/wp-content\/uploads\/2018\/09\/Obrazy_KOMPSAT-2-150x150.png 150w, https:\/\/progea4d.pl\/wp-content\/uploads\/2018\/09\/Obrazy_KOMPSAT-2-600x600.png 600w\" sizes=\"auto, (max-width: 350px) 100vw, 350px\" \/><\/div>\t\t<\/div>\r\n\t\t\t<\/article>\r\n\t<article class=\"w-grid-item size_1x1 post-1513 attachment type-attachment status-inherit hentry\" data-id=\"1513\">\r\n\t\t<div class=\"w-grid-item-h\">\r\n\t\t\t\t\t\t\t<a ref=\"magnificPopupGrid\" href=\"https:\/\/progea4d.pl\/wp-content\/uploads\/2018\/09\/KOMPSAT2_3.png\" class=\"w-grid-item-anchor\" aria-label=\"KOMPSAT2_3\"><\/a>\r\n\t\t\t\t\t\t<div class=\"w-post-elm post_image usg_post_image_1 stretched\"><img loading=\"lazy\" decoding=\"async\" width=\"350\" height=\"350\" src=\"https:\/\/progea4d.pl\/wp-content\/uploads\/2018\/09\/KOMPSAT2_3-350x350.png\" class=\"attachment-us_350_350_crop size-us_350_350_crop\" alt=\"\" srcset=\"https:\/\/progea4d.pl\/wp-content\/uploads\/2018\/09\/KOMPSAT2_3-350x350.png 350w, https:\/\/progea4d.pl\/wp-content\/uploads\/2018\/09\/KOMPSAT2_3-150x150.png 150w, https:\/\/progea4d.pl\/wp-content\/uploads\/2018\/09\/KOMPSAT2_3-600x600.png 600w\" sizes=\"auto, (max-width: 350px) 100vw, 350px\" \/><\/div>\t\t<\/div>\r\n\t\t\t<\/article>\r\n\t<article class=\"w-grid-item size_1x1 post-1515 attachment type-attachment status-inherit hentry\" data-id=\"1515\">\r\n\t\t<div class=\"w-grid-item-h\">\r\n\t\t\t\t\t\t\t<a ref=\"magnificPopupGrid\" href=\"https:\/\/progea4d.pl\/wp-content\/uploads\/2018\/09\/KOMPSAT2_2.png\" class=\"w-grid-item-anchor\" aria-label=\"KOMPSAT2_2\"><\/a>\r\n\t\t\t\t\t\t<div class=\"w-post-elm post_image usg_post_image_1 stretched\"><img loading=\"lazy\" decoding=\"async\" width=\"350\" height=\"350\" src=\"https:\/\/progea4d.pl\/wp-content\/uploads\/2018\/09\/KOMPSAT2_2-350x350.png\" class=\"attachment-us_350_350_crop size-us_350_350_crop\" alt=\"\" srcset=\"https:\/\/progea4d.pl\/wp-content\/uploads\/2018\/09\/KOMPSAT2_2-350x350.png 350w, https:\/\/progea4d.pl\/wp-content\/uploads\/2018\/09\/KOMPSAT2_2-150x150.png 150w, https:\/\/progea4d.pl\/wp-content\/uploads\/2018\/09\/KOMPSAT2_2-600x600.png 600w\" sizes=\"auto, (max-width: 350px) 100vw, 350px\" \/><\/div>\t\t<\/div>\r\n\t\t\t<\/article>\r\n\t<article class=\"w-grid-item size_1x1 post-1517 attachment type-attachment status-inherit hentry\" data-id=\"1517\">\r\n\t\t<div class=\"w-grid-item-h\">\r\n\t\t\t\t\t\t\t<a ref=\"magnificPopupGrid\" href=\"https:\/\/progea4d.pl\/wp-content\/uploads\/2018\/09\/KOMPSAT2_4.png\" class=\"w-grid-item-anchor\" aria-label=\"KOMPSAT2_4\"><\/a>\r\n\t\t\t\t\t\t<div class=\"w-post-elm post_image usg_post_image_1 stretched\"><img loading=\"lazy\" decoding=\"async\" width=\"350\" height=\"350\" src=\"https:\/\/progea4d.pl\/wp-content\/uploads\/2018\/09\/KOMPSAT2_4-350x350.png\" class=\"attachment-us_350_350_crop size-us_350_350_crop\" alt=\"\" srcset=\"https:\/\/progea4d.pl\/wp-content\/uploads\/2018\/09\/KOMPSAT2_4-350x350.png 350w, https:\/\/progea4d.pl\/wp-content\/uploads\/2018\/09\/KOMPSAT2_4-150x150.png 150w, https:\/\/progea4d.pl\/wp-content\/uploads\/2018\/09\/KOMPSAT2_4-600x600.png 600w\" sizes=\"auto, (max-width: 350px) 100vw, 350px\" \/><\/div>\t\t<\/div>\r\n\t\t\t<\/article>\r\n<\/div>\t<div class=\"w-grid-preloader\">\r\n\t\t<div class=\"g-preloader type_1\">\r\n\t\t\t<div><\/div>\r\n\t\t<\/div>\r\n\t<\/div>\r\n\t\t<div class=\"w-grid-json hidden\" onclick='return {&quot;action&quot;:&quot;us_ajax_grid&quot;,&quot;infinite_scroll&quot;:0,&quot;max_num_pages&quot;:1,&quot;pagination&quot;:&quot;none&quot;,&quot;template_vars&quot;:{&quot;columns&quot;:&quot;4&quot;,&quot;exclude_items&quot;:&quot;none&quot;,&quot;img_size&quot;:&quot;us_350_350_crop&quot;,&quot;ignore_items_size&quot;:0,&quot;items_layout&quot;:&quot;gallery_default&quot;,&quot;items_offset&quot;:&quot;1&quot;,&quot;load_animation&quot;:&quot;none&quot;,&quot;overriding_link&quot;:&quot;%7B%22type%22%3A%22popup_image%22%7D&quot;,&quot;post_id&quot;:0,&quot;query_args&quot;:{&quot;post_type&quot;:[&quot;attachment&quot;],&quot;post__in&quot;:[&quot;1510&quot;,&quot;1512&quot;,&quot;1514&quot;,&quot;1516&quot;],&quot;post_status&quot;:&quot;inherit&quot;,&quot;post_mime_type&quot;:&quot;image&quot;,&quot;posts_per_page&quot;:999},&quot;orderby_query_args&quot;:{&quot;orderby&quot;:{&quot;post__in&quot;:&quot;ASC&quot;},&quot;order&quot;:&quot;ASC&quot;},&quot;type&quot;:&quot;grid&quot;,&quot;us_grid_post_type&quot;:&quot;attachment&quot;,&quot;us_grid_ajax_index&quot;:1,&quot;us_grid_filter_query_string&quot;:null,&quot;us_grid_index&quot;:1,&quot;page_args&quot;:[],&quot;lang&quot;:&quot;en&quot;}}'><\/div>\r\n\t<\/div><\/div><\/div><\/div><\/div><\/div><\/section>\n","protected":false},"excerpt":{"rendered":"","protected":false},"author":1,"featured_media":0,"parent":1774,"menu_order":0,"comment_status":"closed","ping_status":"closed","template":"","meta":{"_acf_changed":false,"_monsterinsights_skip_tracking":false,"_monsterinsights_sitenote_active":false,"_monsterinsights_sitenote_note":"","_monsterinsights_sitenote_category":0,"footnotes":""},"class_list":["post-1829","page","type-page","status-publish","hentry"],"acf":[],"yoast_head":"<!-- This site is optimized with the Yoast SEO plugin v27.4 - https:\/\/yoast.com\/product\/yoast-seo-wordpress\/ -->\n<title>KOMPSAT-2 - ProGea 4D<\/title>\n<meta name=\"description\" content=\"KOMPSAT-2 jest drugim z generacji satelit\u00f3w korea\u0144skiego konsorcjum badawczego KARI, zaraz po wygaszonym ju\u017c KOMPSAT-1. Rejestruje codziennie powierzchni\u0119 ok 1 700 000 km2 z wysoko\u015bci 685 km w 4 kana\u0142ach spektralnych i rozdzielczo\u015bci przestrzennej 1.0 m.\" \/>\n<meta name=\"robots\" content=\"index, follow, max-snippet:-1, max-image-preview:large, max-video-preview:-1\" \/>\n<link rel=\"canonical\" href=\"https:\/\/progea4d.pl\/en\/services\/satellite-imagery\/kompsat\/kompsat-2\/\" \/>\n<meta property=\"og:locale\" content=\"en_US\" \/>\n<meta property=\"og:type\" content=\"article\" \/>\n<meta property=\"og:title\" content=\"KOMPSAT-2 - ProGea 4D\" \/>\n<meta property=\"og:description\" content=\"KOMPSAT-2 jest drugim z generacji satelit\u00f3w korea\u0144skiego konsorcjum badawczego KARI, zaraz po wygaszonym ju\u017c KOMPSAT-1. Rejestruje codziennie powierzchni\u0119 ok 1 700 000 km2 z wysoko\u015bci 685 km w 4 kana\u0142ach spektralnych i rozdzielczo\u015bci przestrzennej 1.0 m.\" \/>\n<meta property=\"og:url\" content=\"https:\/\/progea4d.pl\/en\/services\/satellite-imagery\/kompsat\/kompsat-2\/\" \/>\n<meta property=\"og:site_name\" content=\"ProGea 4D\" \/>\n<meta property=\"article:publisher\" content=\"https:\/\/www.facebook.com\/progea4d\/\" \/>\n<meta property=\"article:modified_time\" content=\"2021-02-09T07:56:48+00:00\" \/>\n<meta name=\"twitter:card\" content=\"summary_large_image\" \/>\n<meta name=\"twitter:site\" content=\"@progea4d\" \/>\n<meta name=\"twitter:label1\" content=\"Est. reading time\" \/>\n\t<meta name=\"twitter:data1\" content=\"2 minutes\" \/>\n<script type=\"application\/ld+json\" class=\"yoast-schema-graph\">{\"@context\":\"https:\\\/\\\/schema.org\",\"@graph\":[{\"@type\":\"WebPage\",\"@id\":\"https:\\\/\\\/progea4d.pl\\\/en\\\/services\\\/satellite-imagery\\\/kompsat\\\/kompsat-2\\\/\",\"url\":\"https:\\\/\\\/progea4d.pl\\\/en\\\/services\\\/satellite-imagery\\\/kompsat\\\/kompsat-2\\\/\",\"name\":\"KOMPSAT-2 - ProGea 4D\",\"isPartOf\":{\"@id\":\"https:\\\/\\\/progea4d.pl\\\/#website\"},\"datePublished\":\"2018-09-15T22:55:30+00:00\",\"dateModified\":\"2021-02-09T07:56:48+00:00\",\"description\":\"KOMPSAT-2 jest drugim z generacji satelit\u00f3w korea\u0144skiego konsorcjum badawczego KARI, zaraz po wygaszonym ju\u017c KOMPSAT-1. Rejestruje codziennie powierzchni\u0119 ok 1 700 000 km2 z wysoko\u015bci 685 km w 4 kana\u0142ach spektralnych i rozdzielczo\u015bci przestrzennej 1.0 m.\",\"breadcrumb\":{\"@id\":\"https:\\\/\\\/progea4d.pl\\\/en\\\/services\\\/satellite-imagery\\\/kompsat\\\/kompsat-2\\\/#breadcrumb\"},\"inLanguage\":\"en-US\",\"potentialAction\":[{\"@type\":\"ReadAction\",\"target\":[\"https:\\\/\\\/progea4d.pl\\\/en\\\/services\\\/satellite-imagery\\\/kompsat\\\/kompsat-2\\\/\"]}]},{\"@type\":\"BreadcrumbList\",\"@id\":\"https:\\\/\\\/progea4d.pl\\\/en\\\/services\\\/satellite-imagery\\\/kompsat\\\/kompsat-2\\\/#breadcrumb\",\"itemListElement\":[{\"@type\":\"ListItem\",\"position\":1,\"name\":\"Strona g\u0142\u00f3wna\",\"item\":\"https:\\\/\\\/progea4d.pl\\\/en\\\/\"},{\"@type\":\"ListItem\",\"position\":2,\"name\":\"Services\",\"item\":\"https:\\\/\\\/progea4d.pl\\\/en\\\/services\\\/\"},{\"@type\":\"ListItem\",\"position\":3,\"name\":\"Satellite Imagery\",\"item\":\"https:\\\/\\\/progea4d.pl\\\/en\\\/services\\\/satellite-imagery\\\/\"},{\"@type\":\"ListItem\",\"position\":4,\"name\":\"SI Imaging Services\",\"item\":\"https:\\\/\\\/progea4d.pl\\\/en\\\/services\\\/satellite-imagery\\\/kompsat\\\/\"},{\"@type\":\"ListItem\",\"position\":5,\"name\":\"KOMPSAT-2\"}]},{\"@type\":\"WebSite\",\"@id\":\"https:\\\/\\\/progea4d.pl\\\/#website\",\"url\":\"https:\\\/\\\/progea4d.pl\\\/\",\"name\":\"ProGea 4D\",\"description\":\"GIS\\\/SIP, GPS, fotogrametria cyfrowa, teledetekcja, WebGIS, LiDAR, Geoportale\",\"publisher\":{\"@id\":\"https:\\\/\\\/progea4d.pl\\\/#organization\"},\"potentialAction\":[{\"@type\":\"SearchAction\",\"target\":{\"@type\":\"EntryPoint\",\"urlTemplate\":\"https:\\\/\\\/progea4d.pl\\\/?s={search_term_string}\"},\"query-input\":{\"@type\":\"PropertyValueSpecification\",\"valueRequired\":true,\"valueName\":\"search_term_string\"}}],\"inLanguage\":\"en-US\"},{\"@type\":\"Organization\",\"@id\":\"https:\\\/\\\/progea4d.pl\\\/#organization\",\"name\":\"ProGea 4D\",\"url\":\"https:\\\/\\\/progea4d.pl\\\/\",\"logo\":{\"@type\":\"ImageObject\",\"inLanguage\":\"en-US\",\"@id\":\"https:\\\/\\\/progea4d.pl\\\/#\\\/schema\\\/logo\\\/image\\\/\",\"url\":\"https:\\\/\\\/progea4d.pl\\\/wp-content\\\/uploads\\\/2018\\\/09\\\/logo-progea.png\",\"contentUrl\":\"https:\\\/\\\/progea4d.pl\\\/wp-content\\\/uploads\\\/2018\\\/09\\\/logo-progea.png\",\"width\":193,\"height\":60,\"caption\":\"ProGea 4D\"},\"image\":{\"@id\":\"https:\\\/\\\/progea4d.pl\\\/#\\\/schema\\\/logo\\\/image\\\/\"},\"sameAs\":[\"https:\\\/\\\/www.facebook.com\\\/progea4d\\\/\",\"https:\\\/\\\/x.com\\\/progea4d\",\"https:\\\/\\\/www.instagram.com\\\/progea_4d\\\/\",\"https:\\\/\\\/pl.linkedin.com\\\/company\\\/progea4d\"]}]}<\/script>\n<!-- \/ Yoast SEO plugin. -->","yoast_head_json":{"title":"KOMPSAT-2 - ProGea 4D","description":"KOMPSAT-2 jest drugim z generacji satelit\u00f3w korea\u0144skiego konsorcjum badawczego KARI, zaraz po wygaszonym ju\u017c KOMPSAT-1. Rejestruje codziennie powierzchni\u0119 ok 1 700 000 km2 z wysoko\u015bci 685 km w 4 kana\u0142ach spektralnych i rozdzielczo\u015bci przestrzennej 1.0 m.","robots":{"index":"index","follow":"follow","max-snippet":"max-snippet:-1","max-image-preview":"max-image-preview:large","max-video-preview":"max-video-preview:-1"},"canonical":"https:\/\/progea4d.pl\/en\/services\/satellite-imagery\/kompsat\/kompsat-2\/","og_locale":"en_US","og_type":"article","og_title":"KOMPSAT-2 - ProGea 4D","og_description":"KOMPSAT-2 jest drugim z generacji satelit\u00f3w korea\u0144skiego konsorcjum badawczego KARI, zaraz po wygaszonym ju\u017c KOMPSAT-1. Rejestruje codziennie powierzchni\u0119 ok 1 700 000 km2 z wysoko\u015bci 685 km w 4 kana\u0142ach spektralnych i rozdzielczo\u015bci przestrzennej 1.0 m.","og_url":"https:\/\/progea4d.pl\/en\/services\/satellite-imagery\/kompsat\/kompsat-2\/","og_site_name":"ProGea 4D","article_publisher":"https:\/\/www.facebook.com\/progea4d\/","article_modified_time":"2021-02-09T07:56:48+00:00","twitter_card":"summary_large_image","twitter_site":"@progea4d","twitter_misc":{"Est. reading time":"2 minutes"},"schema":{"@context":"https:\/\/schema.org","@graph":[{"@type":"WebPage","@id":"https:\/\/progea4d.pl\/en\/services\/satellite-imagery\/kompsat\/kompsat-2\/","url":"https:\/\/progea4d.pl\/en\/services\/satellite-imagery\/kompsat\/kompsat-2\/","name":"KOMPSAT-2 - ProGea 4D","isPartOf":{"@id":"https:\/\/progea4d.pl\/#website"},"datePublished":"2018-09-15T22:55:30+00:00","dateModified":"2021-02-09T07:56:48+00:00","description":"KOMPSAT-2 jest drugim z generacji satelit\u00f3w korea\u0144skiego konsorcjum badawczego KARI, zaraz po wygaszonym ju\u017c KOMPSAT-1. Rejestruje codziennie powierzchni\u0119 ok 1 700 000 km2 z wysoko\u015bci 685 km w 4 kana\u0142ach spektralnych i rozdzielczo\u015bci przestrzennej 1.0 m.","breadcrumb":{"@id":"https:\/\/progea4d.pl\/en\/services\/satellite-imagery\/kompsat\/kompsat-2\/#breadcrumb"},"inLanguage":"en-US","potentialAction":[{"@type":"ReadAction","target":["https:\/\/progea4d.pl\/en\/services\/satellite-imagery\/kompsat\/kompsat-2\/"]}]},{"@type":"BreadcrumbList","@id":"https:\/\/progea4d.pl\/en\/services\/satellite-imagery\/kompsat\/kompsat-2\/#breadcrumb","itemListElement":[{"@type":"ListItem","position":1,"name":"Strona g\u0142\u00f3wna","item":"https:\/\/progea4d.pl\/en\/"},{"@type":"ListItem","position":2,"name":"Services","item":"https:\/\/progea4d.pl\/en\/services\/"},{"@type":"ListItem","position":3,"name":"Satellite Imagery","item":"https:\/\/progea4d.pl\/en\/services\/satellite-imagery\/"},{"@type":"ListItem","position":4,"name":"SI Imaging Services","item":"https:\/\/progea4d.pl\/en\/services\/satellite-imagery\/kompsat\/"},{"@type":"ListItem","position":5,"name":"KOMPSAT-2"}]},{"@type":"WebSite","@id":"https:\/\/progea4d.pl\/#website","url":"https:\/\/progea4d.pl\/","name":"ProGea 4D","description":"GIS\/SIP, GPS, fotogrametria cyfrowa, teledetekcja, WebGIS, LiDAR, Geoportale","publisher":{"@id":"https:\/\/progea4d.pl\/#organization"},"potentialAction":[{"@type":"SearchAction","target":{"@type":"EntryPoint","urlTemplate":"https:\/\/progea4d.pl\/?s={search_term_string}"},"query-input":{"@type":"PropertyValueSpecification","valueRequired":true,"valueName":"search_term_string"}}],"inLanguage":"en-US"},{"@type":"Organization","@id":"https:\/\/progea4d.pl\/#organization","name":"ProGea 4D","url":"https:\/\/progea4d.pl\/","logo":{"@type":"ImageObject","inLanguage":"en-US","@id":"https:\/\/progea4d.pl\/#\/schema\/logo\/image\/","url":"https:\/\/progea4d.pl\/wp-content\/uploads\/2018\/09\/logo-progea.png","contentUrl":"https:\/\/progea4d.pl\/wp-content\/uploads\/2018\/09\/logo-progea.png","width":193,"height":60,"caption":"ProGea 4D"},"image":{"@id":"https:\/\/progea4d.pl\/#\/schema\/logo\/image\/"},"sameAs":["https:\/\/www.facebook.com\/progea4d\/","https:\/\/x.com\/progea4d","https:\/\/www.instagram.com\/progea_4d\/","https:\/\/pl.linkedin.com\/company\/progea4d"]}]}},"_links":{"self":[{"href":"https:\/\/progea4d.pl\/en\/wp-json\/wp\/v2\/pages\/1829","targetHints":{"allow":["GET"]}}],"collection":[{"href":"https:\/\/progea4d.pl\/en\/wp-json\/wp\/v2\/pages"}],"about":[{"href":"https:\/\/progea4d.pl\/en\/wp-json\/wp\/v2\/types\/page"}],"author":[{"embeddable":true,"href":"https:\/\/progea4d.pl\/en\/wp-json\/wp\/v2\/users\/1"}],"replies":[{"embeddable":true,"href":"https:\/\/progea4d.pl\/en\/wp-json\/wp\/v2\/comments?post=1829"}],"version-history":[{"count":15,"href":"https:\/\/progea4d.pl\/en\/wp-json\/wp\/v2\/pages\/1829\/revisions"}],"predecessor-version":[{"id":5617,"href":"https:\/\/progea4d.pl\/en\/wp-json\/wp\/v2\/pages\/1829\/revisions\/5617"}],"up":[{"embeddable":true,"href":"https:\/\/progea4d.pl\/en\/wp-json\/wp\/v2\/pages\/1774"}],"wp:attachment":[{"href":"https:\/\/progea4d.pl\/en\/wp-json\/wp\/v2\/media?parent=1829"}],"curies":[{"name":"wp","href":"https:\/\/api.w.org\/{rel}","templated":true}]}}